{"id":90,"date":"2023-06-14T18:22:23","date_gmt":"2023-06-14T16:22:23","guid":{"rendered":"http:\/\/jeunerchezgowild.com\/?page_id=90"},"modified":"2025-04-17T13:40:22","modified_gmt":"2025-04-17T11:40:22","slug":"focus-sur-les-corps-cetoniques","status":"publish","type":"page","link":"https:\/\/jeunerchezgowild.com\/en\/focus-sur-les-corps-cetoniques\/","title":{"rendered":"Focus on ketone bodies."},"content":{"rendered":"<p>[et_pb_section fb_built=\u00a0\u00bb1&Prime; _builder_version=\u00a0\u00bb4.21.0&Prime; _module_preset=\u00a0\u00bbdefault\u00a0\u00bb custom_padding=\u00a0\u00bb0px|||||\u00a0\u00bb global_colors_info=\u00a0\u00bb{}\u00a0\u00bb][et_pb_row column_structure=\u00a0\u00bb1_2,1_2&Prime; _builder_version=\u00a0\u00bb4.21.0&Prime; _module_preset=\u00a0\u00bbdefault\u00a0\u00bb global_colors_info=\u00a0\u00bb{}\u00a0\u00bb][et_pb_column type=\u00a0\u00bb1_2&Prime; _builder_version=\u00a0\u00bb4.21.0&Prime; _module_preset=\u00a0\u00bbdefault\u00a0\u00bb global_colors_info=\u00a0\u00bb{}\u00a0\u00bb][et_pb_image src=\u00a0\u00bbhttps:\/\/jeunerchezgowild.com\/wp-content\/uploads\/2023\/06\/molecule.png\u00a0\u00bb alt=\u00a0\u00bbFocus sur les corps c\u00e9toniques\u00a0\u00bb title_text=\u00a0\u00bbFocus sur les corps c\u00e9toniques\u00a0\u00bb align=\u00a0\u00bbcenter\u00a0\u00bb _builder_version=\u00a0\u00bb4.21.0&Prime; _module_preset=\u00a0\u00bbdefault\u00a0\u00bb width_tablet=\u00a0\u00bb\u00a0\u00bb width_phone=\u00a0\u00bb\u00a0\u00bb width_last_edited=\u00a0\u00bbon|phone\u00a0\u00bb max_width=\u00a0\u00bb30%\u00a0\u00bb global_colors_info=\u00a0\u00bb{}\u00a0\u00bb][\/et_pb_image][\/et_pb_column][et_pb_column type=\u00a0\u00bb1_2&Prime; _builder_version=\u00a0\u00bb4.21.0&Prime; _module_preset=\u00a0\u00bbdefault\u00a0\u00bb global_colors_info=\u00a0\u00bb{}\u00a0\u00bb][et_pb_text content_tablet=\u00a0\u00bb<\/p>\n<p>JE VAIS PAYER POUR NE PAS MANGER ?! L&rsquo;ARNAQUE DU SI\u00c8CLE.<\/p>\n<p>\u00a0\u00bb content_phone=\u00a0\u00bb<\/p>\n<p style=%22text-align: center;%22>FOCUS SUR LES CORPS C\u00c9TONIQUES.<\/p>\n<p>\u00a0\u00bb content_last_edited=\u00a0\u00bboff|desktop\u00a0\u00bb _builder_version=\u00a0\u00bb4.23.1&Prime; _module_preset=\u00a0\u00bbdefault\u00a0\u00bb text_font=\u00a0\u00bbJosefin Sans||||||||\u00a0\u00bb text_text_color=\u00a0\u00bb#AC7247&Prime; text_font_size=\u00a0\u00bb38px\u00a0\u00bb text_line_height=\u00a0\u00bb2.7em\u00a0\u00bb hover_enabled=\u00a0\u00bb0&Prime; text_font_size_tablet=\u00a0\u00bb38px\u00a0\u00bb text_font_size_phone=\u00a0\u00bb20px\u00a0\u00bb text_font_size_last_edited=\u00a0\u00bbon|phone\u00a0\u00bb global_colors_info=\u00a0\u00bb{}\u00a0\u00bb sticky_enabled=\u00a0\u00bb0&Prime;]<\/p>\n<p>FOCUS SUR LES CORPS C\u00c9TONIQUES.<\/p>\n<p>[\/et_pb_text][\/et_pb_column][\/et_pb_row][et_pb_row _builder_version=\u00a0\u00bb4.21.0&Prime; _module_preset=\u00a0\u00bbdefault\u00a0\u00bb custom_padding=\u00a0\u00bb0px|||||\u00a0\u00bb global_colors_info=\u00a0\u00bb{}\u00a0\u00bb][et_pb_column type=\u00a0\u00bb4_4&Prime; _builder_version=\u00a0\u00bb4.21.0&Prime; _module_preset=\u00a0\u00bbdefault\u00a0\u00bb global_colors_info=\u00a0\u00bb{}\u00a0\u00bb][et_pb_text content_tablet=\u00a0\u00bb<\/p>\n<p><span id=%22p50%22>Les avantages scientifiquement reconnus sont les suivants : <\/span><span id=%22p51%22><span id=%2259%22 class=%22s-rg%22>Une<\/span> augmentation des performances mentales :<\/span><span id=%22p52%22> les corps <span id=%2260%22 class=%22s-rg%22>c\u00e9toniques<\/span> traversent facilement la barri\u00e8re <span id=%2261%22 class=%22s-rg%22>h\u00e9mato-enc\u00e9phalique<\/span> pour fournir \u00e0 votre cerveau un carburant rapide et efficace.<\/span><span id=%22p53%22> C&rsquo;est une source d&rsquo;\u00e9nergie utilis\u00e9e par le cerveau. L<\/span><span id=%22p54%22>&lsquo;\u00e9nergie physique :<\/span><span id=%22p64%22> lorsque vous ne d\u00e9pendez plus du glucose comme carburant, votre corps devient plus efficace pour br\u00fbler les graisses pendant l&rsquo;exercice.<\/span><span id=%22p56%22> Cela signifie que vous br\u00fblez plus de graisses et que vous disposez d&rsquo;une \u00e9nergie constante lorsque vous \u00eates en c\u00e9tose.<\/span><span id=%22p57%22> C&rsquo;est pourquoi les athl\u00e8tes recherchent cet \u00e9tat et adoptent le r\u00e9gime c\u00e9tog\u00e8ne <span id=%22p65%22>(pauvre en glucides, il permet de faire durer la c\u00e9tose que le je\u00fbneur conna\u00eet apr\u00e8s le quatri\u00e8me jour.)<\/span><\/span><\/p>\n<p>\u00a0\u00bb content_phone=\u00a0\u00bb<\/p>\n<p style=%22text-align: center;%22><span id=%22p50%22>Les avantages scientifiquement reconnus sont les suivants : <\/span><span id=%22p51%22><span id=%2259%22 class=%22s-rg%22>Une<\/span> augmentation des performances mentales :<\/span><span id=%22p52%22> les corps <span id=%2260%22 class=%22s-rg%22>c\u00e9toniques<\/span> traversent facilement la barri\u00e8re <span id=%2261%22 class=%22s-rg%22>h\u00e9mato-enc\u00e9phalique<\/span> pour fournir \u00e0 votre cerveau un carburant rapide et efficace.<\/span><span id=%22p53%22> C&rsquo;est une source d&rsquo;\u00e9nergie utilis\u00e9e par le cerveau. L<\/span><span id=%22p54%22>&lsquo;\u00e9nergie physique :<\/span><span id=%22p64%22> lorsque vous ne d\u00e9pendez plus du glucose comme carburant, votre corps devient plus efficace pour br\u00fbler les graisses pendant l&rsquo;exercice.<\/span><span id=%22p56%22> Cela signifie que vous br\u00fblez plus de graisses et que vous disposez d&rsquo;une \u00e9nergie constante lorsque vous \u00eates en c\u00e9tose.<\/span><span id=%22p57%22> C&rsquo;est pourquoi les athl\u00e8tes recherchent cet \u00e9tat et adoptent le r\u00e9gime c\u00e9tog\u00e8ne <span id=%22p65%22>(pauvre en glucides, il permet de faire durer la c\u00e9tose que le je\u00fbneur conna\u00eet apr\u00e8s le quatri\u00e8me jour.)<\/span><\/span><\/p>\n<p>\u00a0\u00bb content_last_edited=\u00a0\u00bbon|phone\u00a0\u00bb _builder_version=\u00a0\u00bb4.21.0&Prime; _module_preset=\u00a0\u00bbdefault\u00a0\u00bb text_font=\u00a0\u00bbJosefin Sans|300|||||||\u00a0\u00bb text_text_color=\u00a0\u00bb#000000&Prime; text_font_size=\u00a0\u00bb16px\u00a0\u00bb text_line_height=\u00a0\u00bb2em\u00a0\u00bb text_orientation=\u00a0\u00bbjustified\u00a0\u00bb global_colors_info=\u00a0\u00bb{}\u00a0\u00bb]<\/p>\n<p><span id=\"p50\">Les avantages scientifiquement reconnus sont les suivants :\u00a0<\/span><span id=\"p51\"><span id=\"59\" class=\"s-rg\">Une<\/span> augmentation des performances mentales :<\/span><span id=\"p52\"> les corps <span id=\"60\" class=\"s-rg\">c\u00e9toniques<\/span> traversent facilement la barri\u00e8re <span id=\"61\" class=\"s-rg\">h\u00e9mato-enc\u00e9phalique<\/span> pour fournir \u00e0 votre cerveau un carburant rapide et efficace.<\/span><span id=\"p53\"> C&rsquo;est une source d&rsquo;\u00e9nergie utilis\u00e9e par le cerveau. L<\/span><span id=\"p54\">&lsquo;\u00e9nergie physique :<\/span><span id=\"p64\"> lorsque vous ne d\u00e9pendez plus du glucose comme carburant, votre corps devient plus efficace pour br\u00fbler les graisses pendant l&rsquo;exercice.<\/span><span id=\"p56\"> Cela signifie que vous br\u00fblez plus de graisses et que vous disposez d&rsquo;une \u00e9nergie constante lorsque vous \u00eates en c\u00e9tose.<\/span><span id=\"p57\"> C&rsquo;est pourquoi les athl\u00e8tes recherchent cet \u00e9tat et adoptent le r\u00e9gime c\u00e9tog\u00e8ne <span id=\"p65\">(pauvre en glucides, il permet de faire durer la c\u00e9tose que le je\u00fbneur conna\u00eet apr\u00e8s le quatri\u00e8me jour.)<\/span><\/span><\/p>\n<p>[\/et_pb_text][\/et_pb_column][\/et_pb_row][\/et_pb_section]<\/p>\n","protected":false},"excerpt":{"rendered":"<p>FOCUS SUR LES CORPS C\u00c9TONIQUES.Les avantages scientifiquement reconnus sont les suivants :\u00a0Une augmentation des performances mentales : les corps c\u00e9toniques traversent facilement la barri\u00e8re h\u00e9mato-enc\u00e9phalique pour fournir \u00e0 votre cerveau un carburant rapide et efficace. C&rsquo;est une source d&rsquo;\u00e9nergie utilis\u00e9e par le cerveau. L&rsquo;\u00e9nergie physique : lorsque vous ne d\u00e9pendez plus du glucose comme carburant, [&hellip;]<\/p>\n","protected":false},"author":1,"featured_media":0,"parent":0,"menu_order":0,"comment_status":"closed","ping_status":"closed","template":"","meta":{"_acf_changed":false,"_et_pb_use_builder":"on","_et_pb_old_content":"","_et_gb_content_width":"","footnotes":""},"class_list":["post-90","page","type-page","status-publish","hentry"],"acf":[],"yoast_head":"<!-- This site is optimized with the Yoast SEO plugin v27.4 - https:\/\/yoast.com\/product\/yoast-seo-wordpress\/ -->\n<title>Focus sur les corps c\u00e9toniques. - Jeuner chez Go Wild je\u00fbne-bien-\u00eatre-en-france<\/title>\n<meta name=\"description\" content=\"D\u00e9couvrez toutes les r\u00e9ponses \u00e0 vos questions sur le je\u00fbne. Obtenez des conseils d&#039;experts et des r\u00e9ponses pour vous guider.\" \/>\n<meta name=\"robots\" content=\"index, follow, max-snippet:-1, max-image-preview:large, max-video-preview:-1\" \/>\n<link rel=\"canonical\" href=\"https:\/\/jeunerchezgowild.com\/en\/focus-sur-les-corps-cetoniques\/\" \/>\n<meta property=\"og:locale\" content=\"en_GB\" \/>\n<meta property=\"og:type\" content=\"article\" \/>\n<meta property=\"og:title\" content=\"Focus sur les corps c\u00e9toniques. - Jeuner chez Go Wild je\u00fbne-bien-\u00eatre-en-france\" \/>\n<meta property=\"og:description\" content=\"D\u00e9couvrez toutes les r\u00e9ponses \u00e0 vos questions sur le je\u00fbne. Obtenez des conseils d&#039;experts et des r\u00e9ponses pour vous guider.\" \/>\n<meta property=\"og:url\" content=\"https:\/\/jeunerchezgowild.com\/en\/focus-sur-les-corps-cetoniques\/\" \/>\n<meta property=\"og:site_name\" content=\"Jeuner chez Go Wild\" \/>\n<meta property=\"article:publisher\" content=\"https:\/\/www.facebook.com\/profile.php?id=100094062925348\" \/>\n<meta property=\"article:modified_time\" content=\"2025-04-17T11:40:22+00:00\" \/>\n<meta property=\"og:image\" content=\"https:\/\/jeunerchezgowild.com\/wp-content\/uploads\/2023\/06\/Sans-titre-2.png\" \/>\n\t<meta property=\"og:image:width\" content=\"423\" \/>\n\t<meta property=\"og:image:height\" content=\"254\" \/>\n\t<meta property=\"og:image:type\" content=\"image\/png\" \/>\n<meta name=\"twitter:card\" content=\"summary_large_image\" \/>\n<meta name=\"twitter:label1\" content=\"Estimated reading time\" \/>\n\t<meta name=\"twitter:data1\" content=\"3 minutes\" \/>\n<script type=\"application\/ld+json\" class=\"yoast-schema-graph\">{\"@context\":\"https:\\\/\\\/schema.org\",\"@graph\":[{\"@type\":\"WebPage\",\"@id\":\"https:\\\/\\\/jeunerchezgowild.com\\\/focus-sur-les-corps-cetoniques\\\/\",\"url\":\"https:\\\/\\\/jeunerchezgowild.com\\\/focus-sur-les-corps-cetoniques\\\/\",\"name\":\"Focus sur les corps c\u00e9toniques. - Jeuner chez Go Wild je\u00fbne-bien-\u00eatre-en-france\",\"isPartOf\":{\"@id\":\"https:\\\/\\\/jeunerchezgowild.com\\\/#website\"},\"datePublished\":\"2023-06-14T16:22:23+00:00\",\"dateModified\":\"2025-04-17T11:40:22+00:00\",\"description\":\"D\u00e9couvrez toutes les r\u00e9ponses \u00e0 vos questions sur le je\u00fbne. Obtenez des conseils d'experts et des r\u00e9ponses pour vous guider.\",\"breadcrumb\":{\"@id\":\"https:\\\/\\\/jeunerchezgowild.com\\\/focus-sur-les-corps-cetoniques\\\/#breadcrumb\"},\"inLanguage\":\"en-GB\",\"potentialAction\":[{\"@type\":\"ReadAction\",\"target\":[\"https:\\\/\\\/jeunerchezgowild.com\\\/focus-sur-les-corps-cetoniques\\\/\"]}]},{\"@type\":\"BreadcrumbList\",\"@id\":\"https:\\\/\\\/jeunerchezgowild.com\\\/focus-sur-les-corps-cetoniques\\\/#breadcrumb\",\"itemListElement\":[{\"@type\":\"ListItem\",\"position\":1,\"name\":\"Accueil\",\"item\":\"https:\\\/\\\/jeunerchezgowild.com\\\/\"},{\"@type\":\"ListItem\",\"position\":2,\"name\":\"Focus sur les corps c\u00e9toniques.\"}]},{\"@type\":\"WebSite\",\"@id\":\"https:\\\/\\\/jeunerchezgowild.com\\\/#website\",\"url\":\"https:\\\/\\\/jeunerchezgowild.com\\\/\",\"name\":\"Jeuner chez Go Wild\",\"description\":\"Et si vous preniez soin de vous ?\",\"publisher\":{\"@id\":\"https:\\\/\\\/jeunerchezgowild.com\\\/#organization\"},\"potentialAction\":[{\"@type\":\"SearchAction\",\"target\":{\"@type\":\"EntryPoint\",\"urlTemplate\":\"https:\\\/\\\/jeunerchezgowild.com\\\/?s={search_term_string}\"},\"query-input\":{\"@type\":\"PropertyValueSpecification\",\"valueRequired\":true,\"valueName\":\"search_term_string\"}}],\"inLanguage\":\"en-GB\"},{\"@type\":\"Organization\",\"@id\":\"https:\\\/\\\/jeunerchezgowild.com\\\/#organization\",\"name\":\"Je\u00fbner chez Go Wild\",\"url\":\"https:\\\/\\\/jeunerchezgowild.com\\\/\",\"logo\":{\"@type\":\"ImageObject\",\"inLanguage\":\"en-GB\",\"@id\":\"https:\\\/\\\/jeunerchezgowild.com\\\/#\\\/schema\\\/logo\\\/image\\\/\",\"url\":\"https:\\\/\\\/jeunerchezgowild.com\\\/wp-content\\\/uploads\\\/2023\\\/06\\\/Sans-titre-2.png\",\"contentUrl\":\"https:\\\/\\\/jeunerchezgowild.com\\\/wp-content\\\/uploads\\\/2023\\\/06\\\/Sans-titre-2.png\",\"width\":423,\"height\":254,\"caption\":\"Je\u00fbner chez Go Wild\"},\"image\":{\"@id\":\"https:\\\/\\\/jeunerchezgowild.com\\\/#\\\/schema\\\/logo\\\/image\\\/\"},\"sameAs\":[\"https:\\\/\\\/www.facebook.com\\\/profile.php?id=100094062925348\",\"https:\\\/\\\/www.instagram.com\\\/jeunerchezgowild\\\/\"]}]}<\/script>\n<!-- \/ Yoast SEO plugin. -->","yoast_head_json":{"title":"Focus sur les corps c\u00e9toniques. - Jeuner chez Go Wild je\u00fbne-bien-\u00eatre-en-france","description":"D\u00e9couvrez toutes les r\u00e9ponses \u00e0 vos questions sur le je\u00fbne. Obtenez des conseils d'experts et des r\u00e9ponses pour vous guider.","robots":{"index":"index","follow":"follow","max-snippet":"max-snippet:-1","max-image-preview":"max-image-preview:large","max-video-preview":"max-video-preview:-1"},"canonical":"https:\/\/jeunerchezgowild.com\/en\/focus-sur-les-corps-cetoniques\/","og_locale":"en_GB","og_type":"article","og_title":"Focus sur les corps c\u00e9toniques. - Jeuner chez Go Wild je\u00fbne-bien-\u00eatre-en-france","og_description":"D\u00e9couvrez toutes les r\u00e9ponses \u00e0 vos questions sur le je\u00fbne. Obtenez des conseils d'experts et des r\u00e9ponses pour vous guider.","og_url":"https:\/\/jeunerchezgowild.com\/en\/focus-sur-les-corps-cetoniques\/","og_site_name":"Jeuner chez Go Wild","article_publisher":"https:\/\/www.facebook.com\/profile.php?id=100094062925348","article_modified_time":"2025-04-17T11:40:22+00:00","og_image":[{"width":423,"height":254,"url":"https:\/\/jeunerchezgowild.com\/wp-content\/uploads\/2023\/06\/Sans-titre-2.png","type":"image\/png"}],"twitter_card":"summary_large_image","twitter_misc":{"Estimated reading time":"3 minutes"},"schema":{"@context":"https:\/\/schema.org","@graph":[{"@type":"WebPage","@id":"https:\/\/jeunerchezgowild.com\/focus-sur-les-corps-cetoniques\/","url":"https:\/\/jeunerchezgowild.com\/focus-sur-les-corps-cetoniques\/","name":"Focus sur les corps c\u00e9toniques. - Jeuner chez Go Wild je\u00fbne-bien-\u00eatre-en-france","isPartOf":{"@id":"https:\/\/jeunerchezgowild.com\/#website"},"datePublished":"2023-06-14T16:22:23+00:00","dateModified":"2025-04-17T11:40:22+00:00","description":"D\u00e9couvrez toutes les r\u00e9ponses \u00e0 vos questions sur le je\u00fbne. Obtenez des conseils d'experts et des r\u00e9ponses pour vous guider.","breadcrumb":{"@id":"https:\/\/jeunerchezgowild.com\/focus-sur-les-corps-cetoniques\/#breadcrumb"},"inLanguage":"en-GB","potentialAction":[{"@type":"ReadAction","target":["https:\/\/jeunerchezgowild.com\/focus-sur-les-corps-cetoniques\/"]}]},{"@type":"BreadcrumbList","@id":"https:\/\/jeunerchezgowild.com\/focus-sur-les-corps-cetoniques\/#breadcrumb","itemListElement":[{"@type":"ListItem","position":1,"name":"Accueil","item":"https:\/\/jeunerchezgowild.com\/"},{"@type":"ListItem","position":2,"name":"Focus sur les corps c\u00e9toniques."}]},{"@type":"WebSite","@id":"https:\/\/jeunerchezgowild.com\/#website","url":"https:\/\/jeunerchezgowild.com\/","name":"Jeuner chez Go Wild","description":"How about taking care of yourself?","publisher":{"@id":"https:\/\/jeunerchezgowild.com\/#organization"},"potentialAction":[{"@type":"SearchAction","target":{"@type":"EntryPoint","urlTemplate":"https:\/\/jeunerchezgowild.com\/?s={search_term_string}"},"query-input":{"@type":"PropertyValueSpecification","valueRequired":true,"valueName":"search_term_string"}}],"inLanguage":"en-GB"},{"@type":"Organization","@id":"https:\/\/jeunerchezgowild.com\/#organization","name":"Je\u00fbner chez Go Wild","url":"https:\/\/jeunerchezgowild.com\/","logo":{"@type":"ImageObject","inLanguage":"en-GB","@id":"https:\/\/jeunerchezgowild.com\/#\/schema\/logo\/image\/","url":"https:\/\/jeunerchezgowild.com\/wp-content\/uploads\/2023\/06\/Sans-titre-2.png","contentUrl":"https:\/\/jeunerchezgowild.com\/wp-content\/uploads\/2023\/06\/Sans-titre-2.png","width":423,"height":254,"caption":"Je\u00fbner chez Go Wild"},"image":{"@id":"https:\/\/jeunerchezgowild.com\/#\/schema\/logo\/image\/"},"sameAs":["https:\/\/www.facebook.com\/profile.php?id=100094062925348","https:\/\/www.instagram.com\/jeunerchezgowild\/"]}]}},"_links":{"self":[{"href":"https:\/\/jeunerchezgowild.com\/en\/wp-json\/wp\/v2\/pages\/90","targetHints":{"allow":["GET"]}}],"collection":[{"href":"https:\/\/jeunerchezgowild.com\/en\/wp-json\/wp\/v2\/pages"}],"about":[{"href":"https:\/\/jeunerchezgowild.com\/en\/wp-json\/wp\/v2\/types\/page"}],"author":[{"embeddable":true,"href":"https:\/\/jeunerchezgowild.com\/en\/wp-json\/wp\/v2\/users\/1"}],"replies":[{"embeddable":true,"href":"https:\/\/jeunerchezgowild.com\/en\/wp-json\/wp\/v2\/comments?post=90"}],"version-history":[{"count":1,"href":"https:\/\/jeunerchezgowild.com\/en\/wp-json\/wp\/v2\/pages\/90\/revisions"}],"predecessor-version":[{"id":4146,"href":"https:\/\/jeunerchezgowild.com\/en\/wp-json\/wp\/v2\/pages\/90\/revisions\/4146"}],"wp:attachment":[{"href":"https:\/\/jeunerchezgowild.com\/en\/wp-json\/wp\/v2\/media?parent=90"}],"curies":[{"name":"wp","href":"https:\/\/api.w.org\/{rel}","templated":true}]}}