{"id":85,"date":"2023-06-14T18:20:47","date_gmt":"2023-06-14T16:20:47","guid":{"rendered":"http:\/\/jeunerchezgowild.com\/?page_id=85"},"modified":"2025-04-17T13:39:54","modified_gmt":"2025-04-17T11:39:54","slug":"la-perte-de-poids-ok-mais-quen-est-il-de-leffet-yoyo","status":"publish","type":"page","link":"https:\/\/jeunerchezgowild.com\/en\/la-perte-de-poids-ok-mais-quen-est-il-de-leffet-yoyo\/","title":{"rendered":"La perte de poids ok, mais qu&rsquo;en est-il de l&rsquo;effet yoyo ?"},"content":{"rendered":"<p>[et_pb_section fb_built=\u00a0\u00bb1&Prime; _builder_version=\u00a0\u00bb4.21.0&Prime; _module_preset=\u00a0\u00bbdefault\u00a0\u00bb custom_padding=\u00a0\u00bb0px|||||\u00a0\u00bb global_colors_info=\u00a0\u00bb{}\u00a0\u00bb][et_pb_row column_structure=\u00a0\u00bb1_2,1_2&Prime; _builder_version=\u00a0\u00bb4.21.0&Prime; _module_preset=\u00a0\u00bbdefault\u00a0\u00bb global_colors_info=\u00a0\u00bb{}\u00a0\u00bb][et_pb_column type=\u00a0\u00bb1_2&Prime; _builder_version=\u00a0\u00bb4.21.0&Prime; _module_preset=\u00a0\u00bbdefault\u00a0\u00bb global_colors_info=\u00a0\u00bb{}\u00a0\u00bb][et_pb_image src=\u00a0\u00bbhttps:\/\/jeunerchezgowild.com\/wp-content\/uploads\/2023\/06\/yoyo.png\u00a0\u00bb alt=\u00a0\u00bbLa perte de poids ok, mais qu&rsquo;en est-il de l&rsquo;effet yoyo?\u00a0\u00bb title_text=\u00a0\u00bbLa perte de poids ok, mais qu&rsquo;en est-il de l&rsquo;effet yoyo?\u00a0\u00bb align=\u00a0\u00bbcenter\u00a0\u00bb _builder_version=\u00a0\u00bb4.21.0&Prime; _module_preset=\u00a0\u00bbdefault\u00a0\u00bb width_tablet=\u00a0\u00bb\u00a0\u00bb width_phone=\u00a0\u00bb\u00a0\u00bb width_last_edited=\u00a0\u00bbon|phone\u00a0\u00bb max_width=\u00a0\u00bb30%\u00a0\u00bb global_colors_info=\u00a0\u00bb{}\u00a0\u00bb][\/et_pb_image][\/et_pb_column][et_pb_column type=\u00a0\u00bb1_2&Prime; _builder_version=\u00a0\u00bb4.21.0&Prime; _module_preset=\u00a0\u00bbdefault\u00a0\u00bb global_colors_info=\u00a0\u00bb{}\u00a0\u00bb][et_pb_text content_tablet=\u00a0\u00bb<\/p>\n<p>JE VAIS PAYER POUR NE PAS MANGER ?! L&rsquo;ARNAQUE DU SI\u00c8CLE.<\/p>\n<p>\u00a0\u00bb content_phone=\u00a0\u00bb<\/p>\n<p style=%22text-align: center;%22>LA PERTE DE POIDS, OK MAIS QU&rsquo;EN EST-IL DE L&rsquo;EFFET YOYO?<\/p>\n<p>\u00a0\u00bb content_last_edited=\u00a0\u00bboff|desktop\u00a0\u00bb _builder_version=\u00a0\u00bb4.23.1&Prime; _module_preset=\u00a0\u00bbdefault\u00a0\u00bb text_font=\u00a0\u00bbJosefin Sans||||||||\u00a0\u00bb text_text_color=\u00a0\u00bb#AC7247&Prime; text_font_size=\u00a0\u00bb38px\u00a0\u00bb text_line_height=\u00a0\u00bb2.7em\u00a0\u00bb hover_enabled=\u00a0\u00bb0&Prime; text_font_size_tablet=\u00a0\u00bb38px\u00a0\u00bb text_font_size_phone=\u00a0\u00bb20px\u00a0\u00bb text_font_size_last_edited=\u00a0\u00bbon|phone\u00a0\u00bb global_colors_info=\u00a0\u00bb{}\u00a0\u00bb sticky_enabled=\u00a0\u00bb0&Prime;]<\/p>\n<p>LA PERTE DE POIDS, OK MAIS QU&rsquo;EN EST-IL DE L&rsquo;EFFET YOYO?<\/p>\n<p>[\/et_pb_text][\/et_pb_column][\/et_pb_row][et_pb_row _builder_version=\u00a0\u00bb4.21.0&Prime; _module_preset=\u00a0\u00bbdefault\u00a0\u00bb custom_padding=\u00a0\u00bb0px|||||\u00a0\u00bb global_colors_info=\u00a0\u00bb{}\u00a0\u00bb][et_pb_column type=\u00a0\u00bb4_4&Prime; _builder_version=\u00a0\u00bb4.21.0&Prime; _module_preset=\u00a0\u00bbdefault\u00a0\u00bb global_colors_info=\u00a0\u00bb{}\u00a0\u00bb][et_pb_text content_tablet=\u00a0\u00bb<\/p>\n<p><span id=%22p36%22>Le poids que l&rsquo;on perd pendant le je\u00fbne est constitu\u00e9 de kilos de graisse, de r\u00e9tention d&rsquo;eau, de d\u00e9chets, de toxines, de cellules malades, etc.<\/span><span id=%22p37%22> <span id=%2243%22>qui<\/span> ne nous prot\u00e8gent d&rsquo;aucune agression et ne sont donc pas n\u00e9cessaires \u00e0 l&rsquo;organisme. <\/span><span id=%22p38%22><span id=%2244%22 class=%22s-bl%22>Le<\/span> je\u00fbne, agissant comme un grand nettoyage qui redonne vie aux organes, permettra \u00e0 l&rsquo;organisme de mieux fonctionner :<\/span><span id=%22p39%22> <span id=%2245%22>80%<\/span> des personnes ne reprennent pas le poids perdu. <\/span><span id=%22p40%22><span id=%2246%22>Il<\/span> est \u00e9vident que si vous n&rsquo;adoptez pas une alimentation saine par la suite, vous reprendrez ce poids. <\/span><span id=%22p41%22><span id=%2247%22 class=%22s-bl%22>Bon<\/span> \u00e0 savoir :<\/span><span id=%22p42%22> en r\u00e9tablissant un fonctionnement optimal des organes vitaux et des cellules en g\u00e9n\u00e9ral, un je\u00fbne peut aider les personnes qui ne parviennent pas \u00e0 perdre du poids \u00e0 se r\u00e9\u00e9quilibrer.<\/span><\/p>\n<p>\u00a0\u00bb content_phone=\u00a0\u00bb<\/p>\n<p style=%22text-align: center;%22><span id=%22p36%22>Le poids que l&rsquo;on perd pendant le je\u00fbne est constitu\u00e9 de kilos de graisse, de r\u00e9tention d&rsquo;eau, de d\u00e9chets, de toxines, de cellules malades, etc.<\/span><span id=%22p37%22> <span id=%2243%22>qui<\/span> ne nous prot\u00e8gent d&rsquo;aucune agression et ne sont donc pas n\u00e9cessaires \u00e0 l&rsquo;organisme. <\/span><span id=%22p38%22><span id=%2244%22 class=%22s-bl%22>Le<\/span> je\u00fbne, agissant comme un grand nettoyage qui redonne vie aux organes, permettra \u00e0 l&rsquo;organisme de mieux fonctionner :<\/span><span id=%22p39%22> <span id=%2245%22>80%<\/span> des personnes ne reprennent pas le poids perdu. <\/span><span id=%22p40%22><span id=%2246%22>Il<\/span> est \u00e9vident que si vous n&rsquo;adoptez pas une alimentation saine par la suite, vous reprendrez ce poids. <\/span><span id=%22p41%22><span id=%2247%22 class=%22s-bl%22>Bon<\/span> \u00e0 savoir :<\/span><span id=%22p42%22> en r\u00e9tablissant un fonctionnement optimal des organes vitaux et des cellules en g\u00e9n\u00e9ral, un je\u00fbne peut aider les personnes qui ne parviennent pas \u00e0 perdre du poids \u00e0 se r\u00e9\u00e9quilibrer.<\/span><\/p>\n<p>\u00a0\u00bb content_last_edited=\u00a0\u00bbon|phone\u00a0\u00bb _builder_version=\u00a0\u00bb4.21.0&Prime; _module_preset=\u00a0\u00bbdefault\u00a0\u00bb text_font=\u00a0\u00bbJosefin Sans|300|||||||\u00a0\u00bb text_text_color=\u00a0\u00bb#000000&Prime; text_font_size=\u00a0\u00bb16px\u00a0\u00bb text_line_height=\u00a0\u00bb2em\u00a0\u00bb text_orientation=\u00a0\u00bbjustified\u00a0\u00bb global_colors_info=\u00a0\u00bb{}\u00a0\u00bb]<\/p>\n<p><span id=\"p36\">Le poids que l&rsquo;on perd pendant le je\u00fbne est constitu\u00e9 de kilos de graisse, de r\u00e9tention d&rsquo;eau, de d\u00e9chets, de toxines, de cellules malades, etc.<\/span><span id=\"p37\"> <span id=\"43\">qui<\/span> ne nous prot\u00e8gent d&rsquo;aucune agression et ne sont donc pas n\u00e9cessaires \u00e0 l&rsquo;organisme.\u00a0<\/span><span id=\"p38\"><span id=\"44\" class=\"s-bl\">Le<\/span> je\u00fbne, agissant comme un grand nettoyage qui redonne vie aux organes, permettra \u00e0 l&rsquo;organisme de mieux fonctionner :<\/span><span id=\"p39\"> <span id=\"45\">80%<\/span> des personnes ne reprennent pas le poids perdu.\u00a0<\/span><span id=\"p40\"><span id=\"46\">Il<\/span> est \u00e9vident que si vous n&rsquo;adoptez pas une alimentation saine par la suite, vous reprendrez ce poids.\u00a0<\/span><span id=\"p41\"><span id=\"47\" class=\"s-bl\">Bon<\/span> \u00e0 savoir :<\/span><span id=\"p42\"> en r\u00e9tablissant un fonctionnement optimal des organes vitaux et des cellules en g\u00e9n\u00e9ral, un je\u00fbne peut aider les personnes qui ne parviennent pas \u00e0 perdre du poids \u00e0 se r\u00e9\u00e9quilibrer.<\/span><\/p>\n<p>[\/et_pb_text][\/et_pb_column][\/et_pb_row][\/et_pb_section]<\/p>\n","protected":false},"excerpt":{"rendered":"<p>LA PERTE DE POIDS, OK MAIS QU&rsquo;EN EST-IL DE L&rsquo;EFFET YOYO?Le poids que l&rsquo;on perd pendant le je\u00fbne est constitu\u00e9 de kilos de graisse, de r\u00e9tention d&rsquo;eau, de d\u00e9chets, de toxines, de cellules malades, etc. qui ne nous prot\u00e8gent d&rsquo;aucune agression et ne sont donc pas n\u00e9cessaires \u00e0 l&rsquo;organisme.\u00a0Le je\u00fbne, agissant comme un grand nettoyage [&hellip;]<\/p>\n","protected":false},"author":1,"featured_media":0,"parent":0,"menu_order":0,"comment_status":"closed","ping_status":"closed","template":"","meta":{"_acf_changed":false,"_et_pb_use_builder":"on","_et_pb_old_content":"","_et_gb_content_width":"","footnotes":""},"class_list":["post-85","page","type-page","status-publish","hentry"],"acf":[],"yoast_head":"<!-- This site is optimized with the Yoast SEO plugin v27.4 - https:\/\/yoast.com\/product\/yoast-seo-wordpress\/ -->\n<title>La perte de poids ok, mais qu&#039;en est-il de l&#039;effet yoyo ? - Jeuner chez Go Wild je\u00fbne-bien-\u00eatre-en-france<\/title>\n<meta name=\"description\" content=\"D\u00e9couvrez toutes les r\u00e9ponses \u00e0 vos questions sur le je\u00fbne. Obtenez des conseils d&#039;experts et des r\u00e9ponses pour vous guider.\" \/>\n<meta name=\"robots\" content=\"index, follow, max-snippet:-1, max-image-preview:large, max-video-preview:-1\" \/>\n<link rel=\"canonical\" href=\"https:\/\/jeunerchezgowild.com\/en\/la-perte-de-poids-ok-mais-quen-est-il-de-leffet-yoyo\/\" \/>\n<meta property=\"og:locale\" content=\"en_GB\" \/>\n<meta property=\"og:type\" content=\"article\" \/>\n<meta property=\"og:title\" content=\"La perte de poids ok, mais qu&#039;en est-il de l&#039;effet yoyo ? - Jeuner chez Go Wild je\u00fbne-bien-\u00eatre-en-france\" \/>\n<meta property=\"og:description\" content=\"D\u00e9couvrez toutes les r\u00e9ponses \u00e0 vos questions sur le je\u00fbne. Obtenez des conseils d&#039;experts et des r\u00e9ponses pour vous guider.\" \/>\n<meta property=\"og:url\" content=\"https:\/\/jeunerchezgowild.com\/en\/la-perte-de-poids-ok-mais-quen-est-il-de-leffet-yoyo\/\" \/>\n<meta property=\"og:site_name\" content=\"Jeuner chez Go Wild\" \/>\n<meta property=\"article:publisher\" content=\"https:\/\/www.facebook.com\/profile.php?id=100094062925348\" \/>\n<meta property=\"article:modified_time\" content=\"2025-04-17T11:39:54+00:00\" \/>\n<meta property=\"og:image\" content=\"https:\/\/jeunerchezgowild.com\/wp-content\/uploads\/2023\/06\/Sans-titre-2.png\" \/>\n\t<meta property=\"og:image:width\" content=\"423\" \/>\n\t<meta property=\"og:image:height\" content=\"254\" \/>\n\t<meta property=\"og:image:type\" content=\"image\/png\" \/>\n<meta name=\"twitter:card\" content=\"summary_large_image\" \/>\n<meta name=\"twitter:label1\" content=\"Estimated reading time\" \/>\n\t<meta name=\"twitter:data1\" content=\"3 minutes\" \/>\n<script type=\"application\/ld+json\" class=\"yoast-schema-graph\">{\"@context\":\"https:\\\/\\\/schema.org\",\"@graph\":[{\"@type\":\"WebPage\",\"@id\":\"https:\\\/\\\/jeunerchezgowild.com\\\/la-perte-de-poids-ok-mais-quen-est-il-de-leffet-yoyo\\\/\",\"url\":\"https:\\\/\\\/jeunerchezgowild.com\\\/la-perte-de-poids-ok-mais-quen-est-il-de-leffet-yoyo\\\/\",\"name\":\"La perte de poids ok, mais qu'en est-il de l'effet yoyo ? - Jeuner chez Go Wild je\u00fbne-bien-\u00eatre-en-france\",\"isPartOf\":{\"@id\":\"https:\\\/\\\/jeunerchezgowild.com\\\/#website\"},\"datePublished\":\"2023-06-14T16:20:47+00:00\",\"dateModified\":\"2025-04-17T11:39:54+00:00\",\"description\":\"D\u00e9couvrez toutes les r\u00e9ponses \u00e0 vos questions sur le je\u00fbne. Obtenez des conseils d'experts et des r\u00e9ponses pour vous guider.\",\"breadcrumb\":{\"@id\":\"https:\\\/\\\/jeunerchezgowild.com\\\/la-perte-de-poids-ok-mais-quen-est-il-de-leffet-yoyo\\\/#breadcrumb\"},\"inLanguage\":\"en-GB\",\"potentialAction\":[{\"@type\":\"ReadAction\",\"target\":[\"https:\\\/\\\/jeunerchezgowild.com\\\/la-perte-de-poids-ok-mais-quen-est-il-de-leffet-yoyo\\\/\"]}]},{\"@type\":\"BreadcrumbList\",\"@id\":\"https:\\\/\\\/jeunerchezgowild.com\\\/la-perte-de-poids-ok-mais-quen-est-il-de-leffet-yoyo\\\/#breadcrumb\",\"itemListElement\":[{\"@type\":\"ListItem\",\"position\":1,\"name\":\"Accueil\",\"item\":\"https:\\\/\\\/jeunerchezgowild.com\\\/\"},{\"@type\":\"ListItem\",\"position\":2,\"name\":\"La perte de poids ok, mais qu&rsquo;en est-il de l&rsquo;effet yoyo ?\"}]},{\"@type\":\"WebSite\",\"@id\":\"https:\\\/\\\/jeunerchezgowild.com\\\/#website\",\"url\":\"https:\\\/\\\/jeunerchezgowild.com\\\/\",\"name\":\"Jeuner chez Go Wild\",\"description\":\"Et si vous preniez soin de vous ?\",\"publisher\":{\"@id\":\"https:\\\/\\\/jeunerchezgowild.com\\\/#organization\"},\"potentialAction\":[{\"@type\":\"SearchAction\",\"target\":{\"@type\":\"EntryPoint\",\"urlTemplate\":\"https:\\\/\\\/jeunerchezgowild.com\\\/?s={search_term_string}\"},\"query-input\":{\"@type\":\"PropertyValueSpecification\",\"valueRequired\":true,\"valueName\":\"search_term_string\"}}],\"inLanguage\":\"en-GB\"},{\"@type\":\"Organization\",\"@id\":\"https:\\\/\\\/jeunerchezgowild.com\\\/#organization\",\"name\":\"Je\u00fbner chez Go Wild\",\"url\":\"https:\\\/\\\/jeunerchezgowild.com\\\/\",\"logo\":{\"@type\":\"ImageObject\",\"inLanguage\":\"en-GB\",\"@id\":\"https:\\\/\\\/jeunerchezgowild.com\\\/#\\\/schema\\\/logo\\\/image\\\/\",\"url\":\"https:\\\/\\\/jeunerchezgowild.com\\\/wp-content\\\/uploads\\\/2023\\\/06\\\/Sans-titre-2.png\",\"contentUrl\":\"https:\\\/\\\/jeunerchezgowild.com\\\/wp-content\\\/uploads\\\/2023\\\/06\\\/Sans-titre-2.png\",\"width\":423,\"height\":254,\"caption\":\"Je\u00fbner chez Go Wild\"},\"image\":{\"@id\":\"https:\\\/\\\/jeunerchezgowild.com\\\/#\\\/schema\\\/logo\\\/image\\\/\"},\"sameAs\":[\"https:\\\/\\\/www.facebook.com\\\/profile.php?id=100094062925348\",\"https:\\\/\\\/www.instagram.com\\\/jeunerchezgowild\\\/\"]}]}<\/script>\n<!-- \/ Yoast SEO plugin. -->","yoast_head_json":{"title":"La perte de poids ok, mais qu'en est-il de l'effet yoyo ? - Jeuner chez Go Wild je\u00fbne-bien-\u00eatre-en-france","description":"D\u00e9couvrez toutes les r\u00e9ponses \u00e0 vos questions sur le je\u00fbne. Obtenez des conseils d'experts et des r\u00e9ponses pour vous guider.","robots":{"index":"index","follow":"follow","max-snippet":"max-snippet:-1","max-image-preview":"max-image-preview:large","max-video-preview":"max-video-preview:-1"},"canonical":"https:\/\/jeunerchezgowild.com\/en\/la-perte-de-poids-ok-mais-quen-est-il-de-leffet-yoyo\/","og_locale":"en_GB","og_type":"article","og_title":"La perte de poids ok, mais qu'en est-il de l'effet yoyo ? - Jeuner chez Go Wild je\u00fbne-bien-\u00eatre-en-france","og_description":"D\u00e9couvrez toutes les r\u00e9ponses \u00e0 vos questions sur le je\u00fbne. Obtenez des conseils d'experts et des r\u00e9ponses pour vous guider.","og_url":"https:\/\/jeunerchezgowild.com\/en\/la-perte-de-poids-ok-mais-quen-est-il-de-leffet-yoyo\/","og_site_name":"Jeuner chez Go Wild","article_publisher":"https:\/\/www.facebook.com\/profile.php?id=100094062925348","article_modified_time":"2025-04-17T11:39:54+00:00","og_image":[{"width":423,"height":254,"url":"https:\/\/jeunerchezgowild.com\/wp-content\/uploads\/2023\/06\/Sans-titre-2.png","type":"image\/png"}],"twitter_card":"summary_large_image","twitter_misc":{"Estimated reading time":"3 minutes"},"schema":{"@context":"https:\/\/schema.org","@graph":[{"@type":"WebPage","@id":"https:\/\/jeunerchezgowild.com\/la-perte-de-poids-ok-mais-quen-est-il-de-leffet-yoyo\/","url":"https:\/\/jeunerchezgowild.com\/la-perte-de-poids-ok-mais-quen-est-il-de-leffet-yoyo\/","name":"La perte de poids ok, mais qu'en est-il de l'effet yoyo ? - Jeuner chez Go Wild je\u00fbne-bien-\u00eatre-en-france","isPartOf":{"@id":"https:\/\/jeunerchezgowild.com\/#website"},"datePublished":"2023-06-14T16:20:47+00:00","dateModified":"2025-04-17T11:39:54+00:00","description":"D\u00e9couvrez toutes les r\u00e9ponses \u00e0 vos questions sur le je\u00fbne. Obtenez des conseils d'experts et des r\u00e9ponses pour vous guider.","breadcrumb":{"@id":"https:\/\/jeunerchezgowild.com\/la-perte-de-poids-ok-mais-quen-est-il-de-leffet-yoyo\/#breadcrumb"},"inLanguage":"en-GB","potentialAction":[{"@type":"ReadAction","target":["https:\/\/jeunerchezgowild.com\/la-perte-de-poids-ok-mais-quen-est-il-de-leffet-yoyo\/"]}]},{"@type":"BreadcrumbList","@id":"https:\/\/jeunerchezgowild.com\/la-perte-de-poids-ok-mais-quen-est-il-de-leffet-yoyo\/#breadcrumb","itemListElement":[{"@type":"ListItem","position":1,"name":"Accueil","item":"https:\/\/jeunerchezgowild.com\/"},{"@type":"ListItem","position":2,"name":"La perte de poids ok, mais qu&rsquo;en est-il de l&rsquo;effet yoyo ?"}]},{"@type":"WebSite","@id":"https:\/\/jeunerchezgowild.com\/#website","url":"https:\/\/jeunerchezgowild.com\/","name":"Jeuner chez Go Wild","description":"How about taking care of yourself?","publisher":{"@id":"https:\/\/jeunerchezgowild.com\/#organization"},"potentialAction":[{"@type":"SearchAction","target":{"@type":"EntryPoint","urlTemplate":"https:\/\/jeunerchezgowild.com\/?s={search_term_string}"},"query-input":{"@type":"PropertyValueSpecification","valueRequired":true,"valueName":"search_term_string"}}],"inLanguage":"en-GB"},{"@type":"Organization","@id":"https:\/\/jeunerchezgowild.com\/#organization","name":"Je\u00fbner chez Go Wild","url":"https:\/\/jeunerchezgowild.com\/","logo":{"@type":"ImageObject","inLanguage":"en-GB","@id":"https:\/\/jeunerchezgowild.com\/#\/schema\/logo\/image\/","url":"https:\/\/jeunerchezgowild.com\/wp-content\/uploads\/2023\/06\/Sans-titre-2.png","contentUrl":"https:\/\/jeunerchezgowild.com\/wp-content\/uploads\/2023\/06\/Sans-titre-2.png","width":423,"height":254,"caption":"Je\u00fbner chez Go Wild"},"image":{"@id":"https:\/\/jeunerchezgowild.com\/#\/schema\/logo\/image\/"},"sameAs":["https:\/\/www.facebook.com\/profile.php?id=100094062925348","https:\/\/www.instagram.com\/jeunerchezgowild\/"]}]}},"_links":{"self":[{"href":"https:\/\/jeunerchezgowild.com\/en\/wp-json\/wp\/v2\/pages\/85","targetHints":{"allow":["GET"]}}],"collection":[{"href":"https:\/\/jeunerchezgowild.com\/en\/wp-json\/wp\/v2\/pages"}],"about":[{"href":"https:\/\/jeunerchezgowild.com\/en\/wp-json\/wp\/v2\/types\/page"}],"author":[{"embeddable":true,"href":"https:\/\/jeunerchezgowild.com\/en\/wp-json\/wp\/v2\/users\/1"}],"replies":[{"embeddable":true,"href":"https:\/\/jeunerchezgowild.com\/en\/wp-json\/wp\/v2\/comments?post=85"}],"version-history":[{"count":1,"href":"https:\/\/jeunerchezgowild.com\/en\/wp-json\/wp\/v2\/pages\/85\/revisions"}],"predecessor-version":[{"id":4145,"href":"https:\/\/jeunerchezgowild.com\/en\/wp-json\/wp\/v2\/pages\/85\/revisions\/4145"}],"wp:attachment":[{"href":"https:\/\/jeunerchezgowild.com\/en\/wp-json\/wp\/v2\/media?parent=85"}],"curies":[{"name":"wp","href":"https:\/\/api.w.org\/{rel}","templated":true}]}}