{"id":80,"date":"2023-06-14T18:18:49","date_gmt":"2023-06-14T16:18:49","guid":{"rendered":"http:\/\/jeunerchezgowild.com\/?page_id=80"},"modified":"2025-04-17T13:39:21","modified_gmt":"2025-04-17T11:39:21","slug":"est-ce-que-le-jeune-puise-dans-les-muscles","status":"publish","type":"page","link":"https:\/\/jeunerchezgowild.com\/en\/est-ce-que-le-jeune-puise-dans-les-muscles\/","title":{"rendered":"Est-ce que le je\u00fbne puise dans les muscles ?"},"content":{"rendered":"<p>[et_pb_section fb_built=\u00a0\u00bb1&Prime; _builder_version=\u00a0\u00bb4.21.0&Prime; _module_preset=\u00a0\u00bbdefault\u00a0\u00bb custom_padding=\u00a0\u00bb0px|||||\u00a0\u00bb global_colors_info=\u00a0\u00bb{}\u00a0\u00bb][et_pb_row column_structure=\u00a0\u00bb1_2,1_2&Prime; _builder_version=\u00a0\u00bb4.21.0&Prime; _module_preset=\u00a0\u00bbdefault\u00a0\u00bb global_colors_info=\u00a0\u00bb{}\u00a0\u00bb][et_pb_column type=\u00a0\u00bb1_2&Prime; _builder_version=\u00a0\u00bb4.21.0&Prime; _module_preset=\u00a0\u00bbdefault\u00a0\u00bb global_colors_info=\u00a0\u00bb{}\u00a0\u00bb][et_pb_image src=\u00a0\u00bbhttps:\/\/jeunerchezgowild.com\/wp-content\/uploads\/2023\/06\/muscles.png\u00a0\u00bb alt=\u00a0\u00bbEst-ce que le je\u00fbne puise dans les muscles?\u00a0\u00bb title_text=\u00a0\u00bbEst-ce que le je\u00fbne puise dans les muscles?\u00a0\u00bb align=\u00a0\u00bbcenter\u00a0\u00bb _builder_version=\u00a0\u00bb4.21.0&Prime; _module_preset=\u00a0\u00bbdefault\u00a0\u00bb max_width=\u00a0\u00bb50%\u00a0\u00bb global_colors_info=\u00a0\u00bb{}\u00a0\u00bb][\/et_pb_image][\/et_pb_column][et_pb_column type=\u00a0\u00bb1_2&Prime; _builder_version=\u00a0\u00bb4.21.0&Prime; _module_preset=\u00a0\u00bbdefault\u00a0\u00bb global_colors_info=\u00a0\u00bb{}\u00a0\u00bb][et_pb_text content_tablet=\u00a0\u00bb<\/p>\n<p>JE VAIS PAYER POUR NE PAS MANGER ?! L&rsquo;ARNAQUE DU SI\u00c8CLE.<\/p>\n<p>\u00a0\u00bb content_phone=\u00a0\u00bb<\/p>\n<p style=%22text-align: center;%22>EST CE QUE LE JE\u00dbNE PUISE DANS LES MUSCLES ? <\/p>\n<p>\u00a0\u00bb content_last_edited=\u00a0\u00bboff|desktop\u00a0\u00bb _builder_version=\u00a0\u00bb4.23.1&Prime; _module_preset=\u00a0\u00bbdefault\u00a0\u00bb text_font=\u00a0\u00bbJosefin Sans||||||||\u00a0\u00bb text_text_color=\u00a0\u00bb#AC7247&Prime; text_font_size=\u00a0\u00bb38px\u00a0\u00bb text_line_height=\u00a0\u00bb2.7em\u00a0\u00bb hover_enabled=\u00a0\u00bb0&Prime; text_font_size_tablet=\u00a0\u00bb38px\u00a0\u00bb text_font_size_phone=\u00a0\u00bb20px\u00a0\u00bb text_font_size_last_edited=\u00a0\u00bbon|phone\u00a0\u00bb global_colors_info=\u00a0\u00bb{}\u00a0\u00bb sticky_enabled=\u00a0\u00bb0&Prime;]<\/p>\n<p>EST CE QUE LE JE\u00dbNE PUISE DANS LES MUSCLES?<\/p>\n<p>[\/et_pb_text][\/et_pb_column][\/et_pb_row][et_pb_row _builder_version=\u00a0\u00bb4.21.0&Prime; _module_preset=\u00a0\u00bbdefault\u00a0\u00bb global_colors_info=\u00a0\u00bb{}\u00a0\u00bb][et_pb_column type=\u00a0\u00bb4_4&Prime; _builder_version=\u00a0\u00bb4.21.0&Prime; _module_preset=\u00a0\u00bbdefault\u00a0\u00bb global_colors_info=\u00a0\u00bb{}\u00a0\u00bb][et_pb_text content_tablet=\u00a0\u00bb<\/p>\n<p><span>Non! Avant que les muscles ne fondent, de nombreuses r\u00e9serves de graisse seront utilis\u00e9es par l&rsquo;organisme pour subvenir \u00e0 ses besoins de base et le corps puisera d&rsquo;abord dans les cellules mortes et malades.%22On peut je\u00fbner pendant 90 jours sans endommager une seule cellule des tissus essentiels de l&rsquo;organisme%22, affirme le Dr Shelton. Les sp\u00e9cialistes du je\u00fbne* utilisent des balances \u00e0 imp\u00e9dance qui mesurent la graisse et les muscles. Les r\u00e9sultats sont clairs : le corps puise 24 heures maximum dans les muscles pour trouver de l&rsquo;\u00e9nergie, puis \u00e0 partir du 3e jour, dans les graisses. \u00c0 noter qu&rsquo;avec les 10 kilom\u00e8tres de randonn\u00e9e, il est courant de prendre du muscle pendant la semaine.<\/span><\/p>\n<p>*Le je\u00fbne est pratiqu\u00e9 en Allemagne depuis des d\u00e9cennies : 20% de la population je\u00fbne et 60% du co\u00fbt est rembours\u00e9 par la s\u00e9curit\u00e9 sociale..<\/p>\n<p>\u00a0\u00bb content_phone=\u00a0\u00bb<\/p>\n<p style=%22text-align: center;%22><span>Non! Avant que les muscles ne fondent, de nombreuses r\u00e9serves de graisse seront utilis\u00e9es par l&rsquo;organisme pour subvenir \u00e0 ses besoins de base et le corps puisera d&rsquo;abord dans les cellules mortes et malades.%22On peut je\u00fbner pendant 90 jours sans endommager une seule cellule des tissus essentiels de l&rsquo;organisme%22, affirme le Dr Shelton. Les sp\u00e9cialistes du je\u00fbne* utilisent des balances \u00e0 imp\u00e9dance qui mesurent la graisse et les muscles. Les r\u00e9sultats sont clairs : le corps puise 24 heures maximum dans les muscles pour trouver de l&rsquo;\u00e9nergie, puis \u00e0 partir du 3e jour, dans les graisses. \u00c0 noter qu&rsquo;avec les 10 kilom\u00e8tres de randonn\u00e9e, il est courant de prendre du muscle pendant la semaine.<\/span><\/p>\n<p style=%22text-align: center;%22>*Le je\u00fbne est pratiqu\u00e9 en Allemagne depuis des d\u00e9cennies : 20% de la population je\u00fbne et 60% du co\u00fbt est rembours\u00e9 par la s\u00e9curit\u00e9 sociale..<\/p>\n<p>\u00a0\u00bb content_last_edited=\u00a0\u00bbon|phone\u00a0\u00bb _builder_version=\u00a0\u00bb4.21.0&Prime; _module_preset=\u00a0\u00bbdefault\u00a0\u00bb text_font=\u00a0\u00bbJosefin Sans|300|||||||\u00a0\u00bb text_text_color=\u00a0\u00bb#000000&Prime; text_font_size=\u00a0\u00bb16px\u00a0\u00bb text_line_height=\u00a0\u00bb2em\u00a0\u00bb text_orientation=\u00a0\u00bbjustified\u00a0\u00bb global_colors_info=\u00a0\u00bb{}\u00a0\u00bb]<\/p>\n<p><span>Non! Avant que les muscles ne fondent, de nombreuses r\u00e9serves de graisse seront utilis\u00e9es par l&rsquo;organisme pour subvenir \u00e0 ses besoins de base et le corps puisera d&rsquo;abord dans les cellules mortes et malades.\u00a0\u00bbOn peut je\u00fbner pendant 90 jours sans endommager une seule cellule des tissus essentiels de l&rsquo;organisme\u00a0\u00bb, affirme le Dr Shelton. Les sp\u00e9cialistes du je\u00fbne* utilisent des balances \u00e0 imp\u00e9dance qui mesurent la graisse et les muscles. Les r\u00e9sultats sont clairs : le corps puise 24 heures maximum dans les muscles pour trouver de l&rsquo;\u00e9nergie, puis \u00e0 partir du 3e jour, dans les graisses. \u00c0 noter qu&rsquo;avec les 10 kilom\u00e8tres de randonn\u00e9e, il est courant de prendre du muscle pendant la semaine.<\/span><\/p>\n<p>*Le je\u00fbne est pratiqu\u00e9 en Allemagne depuis des d\u00e9cennies : 20% de la population je\u00fbne et 60% du co\u00fbt est rembours\u00e9 par la s\u00e9curit\u00e9 sociale..<\/p>\n<p>[\/et_pb_text][\/et_pb_column][\/et_pb_row][\/et_pb_section]<\/p>\n","protected":false},"excerpt":{"rendered":"<p>EST CE QUE LE JE\u00dbNE PUISE DANS LES MUSCLES?Non! Avant que les muscles ne fondent, de nombreuses r\u00e9serves de graisse seront utilis\u00e9es par l&rsquo;organisme pour subvenir \u00e0 ses besoins de base et le corps puisera d&rsquo;abord dans les cellules mortes et malades.\u00a0\u00bbOn peut je\u00fbner pendant 90 jours sans endommager une seule cellule des tissus essentiels [&hellip;]<\/p>\n","protected":false},"author":1,"featured_media":0,"parent":0,"menu_order":0,"comment_status":"closed","ping_status":"closed","template":"","meta":{"_acf_changed":false,"_et_pb_use_builder":"on","_et_pb_old_content":"","_et_gb_content_width":"","footnotes":""},"class_list":["post-80","page","type-page","status-publish","hentry"],"acf":[],"yoast_head":"<!-- This site is optimized with the Yoast SEO plugin v27.4 - https:\/\/yoast.com\/product\/yoast-seo-wordpress\/ -->\n<title>Est-ce que le je\u00fbne puise dans les muscles ? - Jeuner chez Go Wild je\u00fbne-bien-\u00eatre-en-france<\/title>\n<meta name=\"description\" content=\"D\u00e9couvrez toutes les r\u00e9ponses \u00e0 vos questions sur le je\u00fbne. Obtenez des conseils d&#039;experts et des r\u00e9ponses pour vous guider.\" \/>\n<meta name=\"robots\" content=\"index, follow, max-snippet:-1, max-image-preview:large, max-video-preview:-1\" \/>\n<link rel=\"canonical\" href=\"https:\/\/jeunerchezgowild.com\/en\/est-ce-que-le-jeune-puise-dans-les-muscles\/\" \/>\n<meta property=\"og:locale\" content=\"en_GB\" \/>\n<meta property=\"og:type\" content=\"article\" \/>\n<meta property=\"og:title\" content=\"Est-ce que le je\u00fbne puise dans les muscles ? - Jeuner chez Go Wild je\u00fbne-bien-\u00eatre-en-france\" \/>\n<meta property=\"og:description\" content=\"D\u00e9couvrez toutes les r\u00e9ponses \u00e0 vos questions sur le je\u00fbne. Obtenez des conseils d&#039;experts et des r\u00e9ponses pour vous guider.\" \/>\n<meta property=\"og:url\" content=\"https:\/\/jeunerchezgowild.com\/en\/est-ce-que-le-jeune-puise-dans-les-muscles\/\" \/>\n<meta property=\"og:site_name\" content=\"Jeuner chez Go Wild\" \/>\n<meta property=\"article:publisher\" content=\"https:\/\/www.facebook.com\/profile.php?id=100094062925348\" \/>\n<meta property=\"article:modified_time\" content=\"2025-04-17T11:39:21+00:00\" \/>\n<meta property=\"og:image\" content=\"https:\/\/jeunerchezgowild.com\/wp-content\/uploads\/2023\/06\/Sans-titre-2.png\" \/>\n\t<meta property=\"og:image:width\" content=\"423\" \/>\n\t<meta property=\"og:image:height\" content=\"254\" \/>\n\t<meta property=\"og:image:type\" content=\"image\/png\" \/>\n<meta name=\"twitter:card\" content=\"summary_large_image\" \/>\n<meta name=\"twitter:label1\" content=\"Estimated reading time\" \/>\n\t<meta name=\"twitter:data1\" content=\"3 minutes\" \/>\n<script type=\"application\/ld+json\" class=\"yoast-schema-graph\">{\"@context\":\"https:\\\/\\\/schema.org\",\"@graph\":[{\"@type\":\"WebPage\",\"@id\":\"https:\\\/\\\/jeunerchezgowild.com\\\/est-ce-que-le-jeune-puise-dans-les-muscles\\\/\",\"url\":\"https:\\\/\\\/jeunerchezgowild.com\\\/est-ce-que-le-jeune-puise-dans-les-muscles\\\/\",\"name\":\"Est-ce que le je\u00fbne puise dans les muscles ? - Jeuner chez Go Wild je\u00fbne-bien-\u00eatre-en-france\",\"isPartOf\":{\"@id\":\"https:\\\/\\\/jeunerchezgowild.com\\\/#website\"},\"datePublished\":\"2023-06-14T16:18:49+00:00\",\"dateModified\":\"2025-04-17T11:39:21+00:00\",\"description\":\"D\u00e9couvrez toutes les r\u00e9ponses \u00e0 vos questions sur le je\u00fbne. Obtenez des conseils d'experts et des r\u00e9ponses pour vous guider.\",\"breadcrumb\":{\"@id\":\"https:\\\/\\\/jeunerchezgowild.com\\\/est-ce-que-le-jeune-puise-dans-les-muscles\\\/#breadcrumb\"},\"inLanguage\":\"en-GB\",\"potentialAction\":[{\"@type\":\"ReadAction\",\"target\":[\"https:\\\/\\\/jeunerchezgowild.com\\\/est-ce-que-le-jeune-puise-dans-les-muscles\\\/\"]}]},{\"@type\":\"BreadcrumbList\",\"@id\":\"https:\\\/\\\/jeunerchezgowild.com\\\/est-ce-que-le-jeune-puise-dans-les-muscles\\\/#breadcrumb\",\"itemListElement\":[{\"@type\":\"ListItem\",\"position\":1,\"name\":\"Accueil\",\"item\":\"https:\\\/\\\/jeunerchezgowild.com\\\/\"},{\"@type\":\"ListItem\",\"position\":2,\"name\":\"Est-ce que le je\u00fbne puise dans les muscles ?\"}]},{\"@type\":\"WebSite\",\"@id\":\"https:\\\/\\\/jeunerchezgowild.com\\\/#website\",\"url\":\"https:\\\/\\\/jeunerchezgowild.com\\\/\",\"name\":\"Jeuner chez Go Wild\",\"description\":\"Et si vous preniez soin de vous ?\",\"publisher\":{\"@id\":\"https:\\\/\\\/jeunerchezgowild.com\\\/#organization\"},\"potentialAction\":[{\"@type\":\"SearchAction\",\"target\":{\"@type\":\"EntryPoint\",\"urlTemplate\":\"https:\\\/\\\/jeunerchezgowild.com\\\/?s={search_term_string}\"},\"query-input\":{\"@type\":\"PropertyValueSpecification\",\"valueRequired\":true,\"valueName\":\"search_term_string\"}}],\"inLanguage\":\"en-GB\"},{\"@type\":\"Organization\",\"@id\":\"https:\\\/\\\/jeunerchezgowild.com\\\/#organization\",\"name\":\"Je\u00fbner chez Go Wild\",\"url\":\"https:\\\/\\\/jeunerchezgowild.com\\\/\",\"logo\":{\"@type\":\"ImageObject\",\"inLanguage\":\"en-GB\",\"@id\":\"https:\\\/\\\/jeunerchezgowild.com\\\/#\\\/schema\\\/logo\\\/image\\\/\",\"url\":\"https:\\\/\\\/jeunerchezgowild.com\\\/wp-content\\\/uploads\\\/2023\\\/06\\\/Sans-titre-2.png\",\"contentUrl\":\"https:\\\/\\\/jeunerchezgowild.com\\\/wp-content\\\/uploads\\\/2023\\\/06\\\/Sans-titre-2.png\",\"width\":423,\"height\":254,\"caption\":\"Je\u00fbner chez Go Wild\"},\"image\":{\"@id\":\"https:\\\/\\\/jeunerchezgowild.com\\\/#\\\/schema\\\/logo\\\/image\\\/\"},\"sameAs\":[\"https:\\\/\\\/www.facebook.com\\\/profile.php?id=100094062925348\",\"https:\\\/\\\/www.instagram.com\\\/jeunerchezgowild\\\/\"]}]}<\/script>\n<!-- \/ Yoast SEO plugin. -->","yoast_head_json":{"title":"Est-ce que le je\u00fbne puise dans les muscles ? - Jeuner chez Go Wild je\u00fbne-bien-\u00eatre-en-france","description":"D\u00e9couvrez toutes les r\u00e9ponses \u00e0 vos questions sur le je\u00fbne. Obtenez des conseils d'experts et des r\u00e9ponses pour vous guider.","robots":{"index":"index","follow":"follow","max-snippet":"max-snippet:-1","max-image-preview":"max-image-preview:large","max-video-preview":"max-video-preview:-1"},"canonical":"https:\/\/jeunerchezgowild.com\/en\/est-ce-que-le-jeune-puise-dans-les-muscles\/","og_locale":"en_GB","og_type":"article","og_title":"Est-ce que le je\u00fbne puise dans les muscles ? - Jeuner chez Go Wild je\u00fbne-bien-\u00eatre-en-france","og_description":"D\u00e9couvrez toutes les r\u00e9ponses \u00e0 vos questions sur le je\u00fbne. Obtenez des conseils d'experts et des r\u00e9ponses pour vous guider.","og_url":"https:\/\/jeunerchezgowild.com\/en\/est-ce-que-le-jeune-puise-dans-les-muscles\/","og_site_name":"Jeuner chez Go Wild","article_publisher":"https:\/\/www.facebook.com\/profile.php?id=100094062925348","article_modified_time":"2025-04-17T11:39:21+00:00","og_image":[{"width":423,"height":254,"url":"https:\/\/jeunerchezgowild.com\/wp-content\/uploads\/2023\/06\/Sans-titre-2.png","type":"image\/png"}],"twitter_card":"summary_large_image","twitter_misc":{"Estimated reading time":"3 minutes"},"schema":{"@context":"https:\/\/schema.org","@graph":[{"@type":"WebPage","@id":"https:\/\/jeunerchezgowild.com\/est-ce-que-le-jeune-puise-dans-les-muscles\/","url":"https:\/\/jeunerchezgowild.com\/est-ce-que-le-jeune-puise-dans-les-muscles\/","name":"Est-ce que le je\u00fbne puise dans les muscles ? - Jeuner chez Go Wild je\u00fbne-bien-\u00eatre-en-france","isPartOf":{"@id":"https:\/\/jeunerchezgowild.com\/#website"},"datePublished":"2023-06-14T16:18:49+00:00","dateModified":"2025-04-17T11:39:21+00:00","description":"D\u00e9couvrez toutes les r\u00e9ponses \u00e0 vos questions sur le je\u00fbne. Obtenez des conseils d'experts et des r\u00e9ponses pour vous guider.","breadcrumb":{"@id":"https:\/\/jeunerchezgowild.com\/est-ce-que-le-jeune-puise-dans-les-muscles\/#breadcrumb"},"inLanguage":"en-GB","potentialAction":[{"@type":"ReadAction","target":["https:\/\/jeunerchezgowild.com\/est-ce-que-le-jeune-puise-dans-les-muscles\/"]}]},{"@type":"BreadcrumbList","@id":"https:\/\/jeunerchezgowild.com\/est-ce-que-le-jeune-puise-dans-les-muscles\/#breadcrumb","itemListElement":[{"@type":"ListItem","position":1,"name":"Accueil","item":"https:\/\/jeunerchezgowild.com\/"},{"@type":"ListItem","position":2,"name":"Est-ce que le je\u00fbne puise dans les muscles ?"}]},{"@type":"WebSite","@id":"https:\/\/jeunerchezgowild.com\/#website","url":"https:\/\/jeunerchezgowild.com\/","name":"Jeuner chez Go Wild","description":"How about taking care of yourself?","publisher":{"@id":"https:\/\/jeunerchezgowild.com\/#organization"},"potentialAction":[{"@type":"SearchAction","target":{"@type":"EntryPoint","urlTemplate":"https:\/\/jeunerchezgowild.com\/?s={search_term_string}"},"query-input":{"@type":"PropertyValueSpecification","valueRequired":true,"valueName":"search_term_string"}}],"inLanguage":"en-GB"},{"@type":"Organization","@id":"https:\/\/jeunerchezgowild.com\/#organization","name":"Je\u00fbner chez Go Wild","url":"https:\/\/jeunerchezgowild.com\/","logo":{"@type":"ImageObject","inLanguage":"en-GB","@id":"https:\/\/jeunerchezgowild.com\/#\/schema\/logo\/image\/","url":"https:\/\/jeunerchezgowild.com\/wp-content\/uploads\/2023\/06\/Sans-titre-2.png","contentUrl":"https:\/\/jeunerchezgowild.com\/wp-content\/uploads\/2023\/06\/Sans-titre-2.png","width":423,"height":254,"caption":"Je\u00fbner chez Go Wild"},"image":{"@id":"https:\/\/jeunerchezgowild.com\/#\/schema\/logo\/image\/"},"sameAs":["https:\/\/www.facebook.com\/profile.php?id=100094062925348","https:\/\/www.instagram.com\/jeunerchezgowild\/"]}]}},"_links":{"self":[{"href":"https:\/\/jeunerchezgowild.com\/en\/wp-json\/wp\/v2\/pages\/80","targetHints":{"allow":["GET"]}}],"collection":[{"href":"https:\/\/jeunerchezgowild.com\/en\/wp-json\/wp\/v2\/pages"}],"about":[{"href":"https:\/\/jeunerchezgowild.com\/en\/wp-json\/wp\/v2\/types\/page"}],"author":[{"embeddable":true,"href":"https:\/\/jeunerchezgowild.com\/en\/wp-json\/wp\/v2\/users\/1"}],"replies":[{"embeddable":true,"href":"https:\/\/jeunerchezgowild.com\/en\/wp-json\/wp\/v2\/comments?post=80"}],"version-history":[{"count":1,"href":"https:\/\/jeunerchezgowild.com\/en\/wp-json\/wp\/v2\/pages\/80\/revisions"}],"predecessor-version":[{"id":4144,"href":"https:\/\/jeunerchezgowild.com\/en\/wp-json\/wp\/v2\/pages\/80\/revisions\/4144"}],"wp:attachment":[{"href":"https:\/\/jeunerchezgowild.com\/en\/wp-json\/wp\/v2\/media?parent=80"}],"curies":[{"name":"wp","href":"https:\/\/api.w.org\/{rel}","templated":true}]}}