{"id":8,"date":"2023-06-14T11:18:28","date_gmt":"2023-06-14T09:18:28","guid":{"rendered":"http:\/\/jeunerchezgowild.com\/?page_id=8"},"modified":"2025-04-21T15:57:23","modified_gmt":"2025-04-21T13:57:23","slug":"contact-jeuner-chez-go-wild","status":"publish","type":"page","link":"https:\/\/jeunerchezgowild.com\/en\/contact-jeuner-chez-go-wild\/","title":{"rendered":"Contact"},"content":{"rendered":"<p>[et_pb_section fb_built=\u00a0\u00bb1&Prime; custom_padding_last_edited=\u00a0\u00bbon|tablet\u00a0\u00bb admin_label=\u00a0\u00bbContact\u00a0\u00bb _builder_version=\u00a0\u00bb4.16&Prime; custom_padding=\u00a0\u00bb0px|||||\u00a0\u00bb custom_padding_tablet=\u00a0\u00bb0px|||\u00a0\u00bb custom_padding_phone=\u00a0\u00bb\u00a0\u00bb global_colors_info=\u00a0\u00bb{}\u00a0\u00bb][et_pb_row _builder_version=\u00a0\u00bb4.21.0&Prime; max_width=\u00a0\u00bb100%\u00a0\u00bb custom_padding=\u00a0\u00bb0px||||false|false\u00a0\u00bb locked=\u00a0\u00bboff\u00a0\u00bb global_colors_info=\u00a0\u00bb{}\u00a0\u00bb][et_pb_column type=\u00a0\u00bb4_4&Prime; _builder_version=\u00a0\u00bb4.21.0&Prime; global_colors_info=\u00a0\u00bb{}\u00a0\u00bb][et_pb_text _builder_version=\u00a0\u00bb4.23.1&Prime; _module_preset=\u00a0\u00bbdefault\u00a0\u00bb header_font=\u00a0\u00bbJosefin Sans|||on|||||\u00a0\u00bb header_text_align=\u00a0\u00bbcenter\u00a0\u00bb header_text_color=\u00a0\u00bb#AC7247&Prime; header_font_size=\u00a0\u00bb50px\u00a0\u00bb header_letter_spacing=\u00a0\u00bb15px\u00a0\u00bb header_line_height=\u00a0\u00bb1.5em\u00a0\u00bb custom_padding=\u00a0\u00bb40px|||||\u00a0\u00bb header_font_tablet=\u00a0\u00bbJosefin Sans|||on|||||\u00a0\u00bb header_font_phone=\u00a0\u00bbJosefin Sans|700||on|||||\u00a0\u00bb header_font_last_edited=\u00a0\u00bboff|desktop\u00a0\u00bb header_font_size_tablet=\u00a0\u00bb50px\u00a0\u00bb header_font_size_phone=\u00a0\u00bb19px\u00a0\u00bb header_font_size_last_edited=\u00a0\u00bbon|phone\u00a0\u00bb header_letter_spacing_tablet=\u00a0\u00bb15px\u00a0\u00bb header_letter_spacing_phone=\u00a0\u00bb11px\u00a0\u00bb header_letter_spacing_last_edited=\u00a0\u00bbon|phone\u00a0\u00bb global_colors_info=\u00a0\u00bb{}\u00a0\u00bb]<\/p>\n<h1>contact<\/h1>\n<p>[\/et_pb_text][\/et_pb_column][\/et_pb_row][et_pb_row column_structure=\u00a0\u00bb2_3,1_3&Prime; _builder_version=\u00a0\u00bb4.23.1&Prime; global_colors_info=\u00a0\u00bb{}\u00a0\u00bb][et_pb_column type=\u00a0\u00bb2_3&Prime; _builder_version=\u00a0\u00bb4.23.1&Prime; background_color=\u00a0\u00bb#EBE7DC\u00a0\u00bb custom_padding=\u00a0\u00bb60px|60px|60px|60px|true|true\u00a0\u00bb custom_padding_tablet=\u00a0\u00bb40px|40px|40px|40px|true|true\u00a0\u00bb custom_padding_phone=\u00a0\u00bb\u00a0\u00bb custom_padding_last_edited=\u00a0\u00bbon|tablet\u00a0\u00bb global_colors_info=\u00a0\u00bb{}\u00a0\u00bb][et_pb_contact_form email=\u00a0\u00bbjeunerchezgowild@gmail.com\u00a0\u00bb success_message=\u00a0\u00bbMerci pour votre message, nous vous r\u00e9pondrons dans les plus brefs d\u00e9lais.\u00a0\u00bb submit_button_text=\u00a0\u00bbEnvoyer\u00a0\u00bb module_id=\u00a0\u00bbet_pb_contact_form_0&Prime; _builder_version=\u00a0\u00bb4.23.1&Prime; form_field_background_color=\u00a0\u00bbrgba(0,0,0,0)\u00a0\u00bb form_field_text_color=\u00a0\u00bb#663C20&Prime; form_field_focus_background_color=\u00a0\u00bbrgba(255,255,255,0.12)\u00a0\u00bb form_field_focus_text_color=\u00a0\u00bb#ffffff\u00a0\u00bb form_field_custom_margin=\u00a0\u00bb||20px\u00a0\u00bb title_font=\u00a0\u00bbJosefin Sans||||||||\u00a0\u00bb title_text_color=\u00a0\u00bb#663C20&Prime; captcha_font=\u00a0\u00bbJosefin Sans||||||||\u00a0\u00bb captcha_text_color=\u00a0\u00bb#663C20&Prime; form_field_font=\u00a0\u00bbJosefin Sans|600|||||||\u00a0\u00bb form_field_font_size=\u00a0\u00bb17px\u00a0\u00bb form_field_line_height=\u00a0\u00bb1.5em\u00a0\u00bb custom_button=\u00a0\u00bbon\u00a0\u00bb button_text_size=\u00a0\u00bb17px\u00a0\u00bb button_text_color=\u00a0\u00bb#AC7247&Prime; button_bg_color=\u00a0\u00bb#F4EDDE\u00a0\u00bb button_border_width=\u00a0\u00bb1px\u00a0\u00bb button_border_color=\u00a0\u00bb#AC7247&Prime; button_border_radius=\u00a0\u00bb20px\u00a0\u00bb button_letter_spacing=\u00a0\u00bb5px\u00a0\u00bb button_font=\u00a0\u00bbJosefin Sans||||||||\u00a0\u00bb button_use_icon=\u00a0\u00bboff\u00a0\u00bb button_bg_color_last_edited=\u00a0\u00bboff|desktop\u00a0\u00bb border_width_bottom=\u00a0\u00bb1px\u00a0\u00bb border_color_bottom=\u00a0\u00bbrgba(255,255,255,0.4)\u00a0\u00bb locked=\u00a0\u00bboff\u00a0\u00bb global_colors_info=\u00a0\u00bb{}\u00a0\u00bb button_bg_enable_color__hover=\u00a0\u00bbon\u00a0\u00bb button_text_color__hover=\u00a0\u00bb#ffffff\u00a0\u00bb button_bg_color_gradient_start__hover=\u00a0\u00bb#ff813b\u00a0\u00bb button_bg_color_gradient_end__hover=\u00a0\u00bb#ff5d5d\u00a0\u00bb button_bg_color__hover=\u00a0\u00bb#ffffff\u00a0\u00bb button_bg_color__hover_enabled=\u00a0\u00bboff\u00a0\u00bb button_border_color__hover=\u00a0\u00bbrgba(0,0,0,0)\u00a0\u00bb button_bg_use_color_gradient__hover=\u00a0\u00bboff\u00a0\u00bb button_bg_color_gradient_stops__hover=\u00a0\u00bb#ff813b 0%|#ff5d5d 100%\u00a0\u00bb][et_pb_contact_field field_id=\u00a0\u00bbNom\u00a0\u00bb field_title=\u00a0\u00bbNom\u00a0\u00bb _builder_version=\u00a0\u00bb4.23.1&Prime; form_field_text_color=\u00a0\u00bb#663C20&Prime; form_field_focus_background_color=\u00a0\u00bb#EBE7DC\u00a0\u00bb form_field_focus_text_color=\u00a0\u00bb#663C20&Prime; form_field_font=\u00a0\u00bbJosefin Sans|600|||||||\u00a0\u00bb custom_margin=\u00a0\u00bb||\u00a0\u00bb global_colors_info=\u00a0\u00bb{}\u00a0\u00bb button_text_size__hover_enabled=\u00a0\u00bboff\u00a0\u00bb button_one_text_size__hover_enabled=\u00a0\u00bboff\u00a0\u00bb button_two_text_size__hover_enabled=\u00a0\u00bboff\u00a0\u00bb button_text_color__hover_enabled=\u00a0\u00bboff\u00a0\u00bb button_one_text_color__hover_enabled=\u00a0\u00bboff\u00a0\u00bb button_two_text_color__hover_enabled=\u00a0\u00bboff\u00a0\u00bb button_border_width__hover_enabled=\u00a0\u00bboff\u00a0\u00bb button_one_border_width__hover_enabled=\u00a0\u00bboff\u00a0\u00bb button_two_border_width__hover_enabled=\u00a0\u00bboff\u00a0\u00bb button_border_color__hover_enabled=\u00a0\u00bboff\u00a0\u00bb button_one_border_color__hover_enabled=\u00a0\u00bboff\u00a0\u00bb button_two_border_color__hover_enabled=\u00a0\u00bboff\u00a0\u00bb button_border_radius__hover_enabled=\u00a0\u00bboff\u00a0\u00bb button_one_border_radius__hover_enabled=\u00a0\u00bboff\u00a0\u00bb button_two_border_radius__hover_enabled=\u00a0\u00bboff\u00a0\u00bb button_letter_spacing__hover_enabled=\u00a0\u00bboff\u00a0\u00bb button_one_letter_spacing__hover_enabled=\u00a0\u00bboff\u00a0\u00bb button_two_letter_spacing__hover_enabled=\u00a0\u00bboff\u00a0\u00bb button_bg_color__hover_enabled=\u00a0\u00bboff\u00a0\u00bb button_one_bg_color__hover_enabled=\u00a0\u00bboff\u00a0\u00bb button_two_bg_color__hover_enabled=\u00a0\u00bboff\u00a0\u00bb][\/et_pb_contact_field][et_pb_contact_field field_id=\u00a0\u00bbEmail\u00a0\u00bb field_title=\u00a0\u00bbEmail \u00a0\u00bb field_type=\u00a0\u00bbemail\u00a0\u00bb _builder_version=\u00a0\u00bb4.23.1&Prime; form_field_text_color=\u00a0\u00bb#663C20&Prime; form_field_focus_background_color=\u00a0\u00bb#EBE7DC\u00a0\u00bb form_field_focus_text_color=\u00a0\u00bb#663C20&Prime; custom_margin=\u00a0\u00bb||\u00a0\u00bb global_colors_info=\u00a0\u00bb{}\u00a0\u00bb button_text_size__hover_enabled=\u00a0\u00bboff\u00a0\u00bb button_one_text_size__hover_enabled=\u00a0\u00bboff\u00a0\u00bb button_two_text_size__hover_enabled=\u00a0\u00bboff\u00a0\u00bb button_text_color__hover_enabled=\u00a0\u00bboff\u00a0\u00bb button_one_text_color__hover_enabled=\u00a0\u00bboff\u00a0\u00bb button_two_text_color__hover_enabled=\u00a0\u00bboff\u00a0\u00bb button_border_width__hover_enabled=\u00a0\u00bboff\u00a0\u00bb button_one_border_width__hover_enabled=\u00a0\u00bboff\u00a0\u00bb button_two_border_width__hover_enabled=\u00a0\u00bboff\u00a0\u00bb button_border_color__hover_enabled=\u00a0\u00bboff\u00a0\u00bb button_one_border_color__hover_enabled=\u00a0\u00bboff\u00a0\u00bb button_two_border_color__hover_enabled=\u00a0\u00bboff\u00a0\u00bb button_border_radius__hover_enabled=\u00a0\u00bboff\u00a0\u00bb button_one_border_radius__hover_enabled=\u00a0\u00bboff\u00a0\u00bb button_two_border_radius__hover_enabled=\u00a0\u00bboff\u00a0\u00bb button_letter_spacing__hover_enabled=\u00a0\u00bboff\u00a0\u00bb button_one_letter_spacing__hover_enabled=\u00a0\u00bboff\u00a0\u00bb button_two_letter_spacing__hover_enabled=\u00a0\u00bboff\u00a0\u00bb button_bg_color__hover_enabled=\u00a0\u00bboff\u00a0\u00bb button_one_bg_color__hover_enabled=\u00a0\u00bboff\u00a0\u00bb button_two_bg_color__hover_enabled=\u00a0\u00bboff\u00a0\u00bb][\/et_pb_contact_field][et_pb_contact_field field_id=\u00a0\u00bbT\u00e9lephone\u00a0\u00bb field_title=\u00a0\u00bbT\u00e9lephone\u00a0\u00bb fullwidth_field=\u00a0\u00bbon\u00a0\u00bb _builder_version=\u00a0\u00bb4.23.1&Prime; _module_preset=\u00a0\u00bbdefault\u00a0\u00bb form_field_text_color=\u00a0\u00bb#663C20&Prime; form_field_focus_background_color=\u00a0\u00bb#EBE7DC\u00a0\u00bb form_field_focus_text_color=\u00a0\u00bb#663C20&Prime; global_colors_info=\u00a0\u00bb{}\u00a0\u00bb][\/et_pb_contact_field][et_pb_contact_field field_id=\u00a0\u00bbMessage\u00a0\u00bb field_title=\u00a0\u00bbMessage\u00a0\u00bb field_type=\u00a0\u00bbtext\u00a0\u00bb fullwidth_field=\u00a0\u00bbon\u00a0\u00bb _builder_version=\u00a0\u00bb4.23.1&Prime; form_field_text_color=\u00a0\u00bb#663C20&Prime; form_field_focus_background_color=\u00a0\u00bb#EBE7DC\u00a0\u00bb form_field_focus_text_color=\u00a0\u00bb#663C20&Prime; form_field_font=\u00a0\u00bb|600|||||||\u00a0\u00bb custom_margin=\u00a0\u00bb||\u00a0\u00bb global_colors_info=\u00a0\u00bb{}\u00a0\u00bb button_text_size__hover_enabled=\u00a0\u00bboff\u00a0\u00bb button_one_text_size__hover_enabled=\u00a0\u00bboff\u00a0\u00bb button_two_text_size__hover_enabled=\u00a0\u00bboff\u00a0\u00bb button_text_color__hover_enabled=\u00a0\u00bboff\u00a0\u00bb button_one_text_color__hover_enabled=\u00a0\u00bboff\u00a0\u00bb button_two_text_color__hover_enabled=\u00a0\u00bboff\u00a0\u00bb button_border_width__hover_enabled=\u00a0\u00bboff\u00a0\u00bb button_one_border_width__hover_enabled=\u00a0\u00bboff\u00a0\u00bb button_two_border_width__hover_enabled=\u00a0\u00bboff\u00a0\u00bb button_border_color__hover_enabled=\u00a0\u00bboff\u00a0\u00bb button_one_border_color__hover_enabled=\u00a0\u00bboff\u00a0\u00bb button_two_border_color__hover_enabled=\u00a0\u00bboff\u00a0\u00bb button_border_radius__hover_enabled=\u00a0\u00bboff\u00a0\u00bb button_one_border_radius__hover_enabled=\u00a0\u00bboff\u00a0\u00bb button_two_border_radius__hover_enabled=\u00a0\u00bboff\u00a0\u00bb button_letter_spacing__hover_enabled=\u00a0\u00bboff\u00a0\u00bb button_one_letter_spacing__hover_enabled=\u00a0\u00bboff\u00a0\u00bb button_two_letter_spacing__hover_enabled=\u00a0\u00bboff\u00a0\u00bb button_bg_color__hover_enabled=\u00a0\u00bboff\u00a0\u00bb button_one_bg_color__hover_enabled=\u00a0\u00bboff\u00a0\u00bb button_two_bg_color__hover_enabled=\u00a0\u00bboff\u00a0\u00bb][\/et_pb_contact_field][\/et_pb_contact_form][\/et_pb_column][et_pb_column type=\u00a0\u00bb1_3&Prime; _builder_version=\u00a0\u00bb4.16&Prime; custom_padding=\u00a0\u00bb60px||\u00a0\u00bb custom_padding_tablet=\u00a0\u00bb0px|||\u00a0\u00bb custom_padding_phone=\u00a0\u00bb\u00a0\u00bb custom_padding_last_edited=\u00a0\u00bbon|desktop\u00a0\u00bb global_colors_info=\u00a0\u00bb{}\u00a0\u00bb][et_pb_text _builder_version=\u00a0\u00bb4.23.1&Prime; _module_preset=\u00a0\u00bbdefault\u00a0\u00bb text_font=\u00a0\u00bbJosefin Sans||||||||\u00a0\u00bb text_font_size=\u00a0\u00bb15px\u00a0\u00bb locked=\u00a0\u00bboff\u00a0\u00bb global_colors_info=\u00a0\u00bb{}\u00a0\u00bb]<\/p>\n<p><span>Envie d\u2019\u00e9changer avec nous ou d\u2019\u00eatre rappel\u00e9(e) ?<\/span><\/p>\n<p><br data-start=\"116\" data-end=\"119\" \/><span>Laissez-nous vos coordonn\u00e9es, et pr\u00e9cisez le moment id\u00e9al pour vous joindre.\u00a0<\/span><span><\/span><\/p>\n<p>[\/et_pb_text][et_pb_text _builder_version=\u00a0\u00bb4.23.1&Prime; _module_preset=\u00a0\u00bbdefault\u00a0\u00bb text_font=\u00a0\u00bbJosefin Sans||||||||\u00a0\u00bb text_font_size=\u00a0\u00bb15px\u00a0\u00bb locked=\u00a0\u00bboff\u00a0\u00bb global_colors_info=\u00a0\u00bb{}\u00a0\u00bb]<\/p>\n<p><span>\ud83d\udcde <\/span><strong data-start=\"200\" data-end=\"213\">T\u00e9l\u00e9phone<\/strong><span> : 06 56 67 67 14<\/span><br data-start=\"230\" data-end=\"233\" \/><span>\ud83d\udce7 <\/span><strong data-start=\"236\" data-end=\"245\">Email<\/strong><span> : <\/span><a data-start=\"248\" data-end=\"274\" rel=\"noopener\">jeunerchezgowild@gmail.com<\/a><br data-start=\"274\" data-end=\"277\" \/><span>\ud83d\udcac <\/span><strong data-start=\"280\" data-end=\"292\" data-is-only-node=\"\">WhatsApp<\/strong><span> : 06 56 67 67 14<\/span><br data-start=\"312\" data-end=\"315\" \/><span>\ud83d\udcf1 <\/span><strong data-start=\"318\" data-end=\"331\">Instagram<\/strong><span> : <\/span><a data-start=\"334\" data-end=\"397\" rel=\"noopener\" target=\"_new\" class=\"\" href=\"https:\/\/www.instagram.com\/jeunerchezgowild\">@jeunerchezgowild<\/a><\/p>\n<p>[\/et_pb_text][\/et_pb_column][\/et_pb_row][\/et_pb_section][et_pb_section fb_built=\u00a0\u00bb1&Prime; admin_label=\u00a0\u00bbFooter\u00a0\u00bb _builder_version=\u00a0\u00bb4.16&Prime; custom_padding=\u00a0\u00bb0px|||||\u00a0\u00bb locked=\u00a0\u00bboff\u00a0\u00bb global_colors_info=\u00a0\u00bb{}\u00a0\u00bb][et_pb_row _builder_version=\u00a0\u00bb4.16&Prime; locked=\u00a0\u00bboff\u00a0\u00bb global_colors_info=\u00a0\u00bb{}\u00a0\u00bb][et_pb_column type=\u00a0\u00bb4_4&Prime; _builder_version=\u00a0\u00bb4.16&Prime; global_colors_info=\u00a0\u00bb{}\u00a0\u00bb][et_pb_text _builder_version=\u00a0\u00bb4.23.1&Prime; text_font=\u00a0\u00bbJosefin Sans|600|||||||\u00a0\u00bb text_text_color=\u00a0\u00bb#663C20&Prime; text_font_size=\u00a0\u00bb16px\u00a0\u00bb text_line_height=\u00a0\u00bb1.8em\u00a0\u00bb header_font=\u00a0\u00bb||||||||\u00a0\u00bb header_4_font=\u00a0\u00bbPrompt|600||on|||||\u00a0\u00bb header_4_font_size=\u00a0\u00bb14px\u00a0\u00bb header_4_letter_spacing=\u00a0\u00bb2px\u00a0\u00bb header_4_line_height=\u00a0\u00bb1.2em\u00a0\u00bb z_index=\u00a0\u00bb1&Prime; text_orientation=\u00a0\u00bbcenter\u00a0\u00bb locked=\u00a0\u00bboff\u00a0\u00bb global_colors_info=\u00a0\u00bb{}\u00a0\u00bb]<\/p>\n<p>Nous suivre sur les r\u00e9seaux sociaux<\/p>\n<p>[\/et_pb_text][et_pb_social_media_follow _builder_version=\u00a0\u00bb4.23.1&Prime; text_orientation=\u00a0\u00bbcenter\u00a0\u00bb hover_enabled=\u00a0\u00bb0&Prime; global_colors_info=\u00a0\u00bb{}\u00a0\u00bb sticky_enabled=\u00a0\u00bb0&Prime;][et_pb_social_media_follow_network social_network=\u00a0\u00bbfacebook\u00a0\u00bb url=\u00a0\u00bbhttps:\/\/www.facebook.com\/profile.php?id=100094062925348&Prime; _builder_version=\u00a0\u00bb4.23.1&Prime; background_color=\u00a0\u00bb#AC7247&Prime; background_enable_color=\u00a0\u00bbon\u00a0\u00bb border_radii=\u00a0\u00bbon|50px|50px|50px|50px\u00a0\u00bb global_colors_info=\u00a0\u00bb{}\u00a0\u00bb follow_button=\u00a0\u00bboff\u00a0\u00bb url_new_window=\u00a0\u00bbon\u00a0\u00bb]facebook[\/et_pb_social_media_follow_network][et_pb_social_media_follow_network social_network=\u00a0\u00bbinstagram\u00a0\u00bb url=\u00a0\u00bbhttps:\/\/www.instagram.com\/jeunerchezgowild\/\u00a0\u00bb _builder_version=\u00a0\u00bb4.23.1&Prime; background_color=\u00a0\u00bb#AC7247&Prime; background_enable_color=\u00a0\u00bbon\u00a0\u00bb hover_enabled=\u00a0\u00bb0&Prime; border_radii=\u00a0\u00bbon|50px|50px|50px|50px\u00a0\u00bb global_colors_info=\u00a0\u00bb{}\u00a0\u00bb follow_button=\u00a0\u00bboff\u00a0\u00bb url_new_window=\u00a0\u00bbon\u00a0\u00bb sticky_enabled=\u00a0\u00bb0&Prime;]instagram[\/et_pb_social_media_follow_network][et_pb_social_media_follow_network social_network=\u00a0\u00bblinkedin\u00a0\u00bb url=\u00a0\u00bbhttps:\/\/www.linkedin.com\/company\/je\u00fbner-chez-go-wild\/?viewAsMember=true\u00a0\u00bb _builder_version=\u00a0\u00bb4.23.1&Prime; _module_preset=\u00a0\u00bbdefault\u00a0\u00bb background_color=\u00a0\u00bb#AC7247&Prime; background_enable_color=\u00a0\u00bbon\u00a0\u00bb global_colors_info=\u00a0\u00bb{}\u00a0\u00bb follow_button=\u00a0\u00bboff\u00a0\u00bb url_new_window=\u00a0\u00bbon\u00a0\u00bb]linkedin[\/et_pb_social_media_follow_network][\/et_pb_social_media_follow][\/et_pb_column][\/et_pb_row][\/et_pb_section]<\/p>\n","protected":false},"excerpt":{"rendered":"<p>contactEnvie d\u2019\u00e9changer avec nous ou d\u2019\u00eatre rappel\u00e9(e) ? Laissez-nous vos coordonn\u00e9es, et pr\u00e9cisez le moment id\u00e9al pour vous joindre.\u00a0\ud83d\udcde T\u00e9l\u00e9phone : 06 56 67 67 14\ud83d\udce7 Email : jeunerchezgowild@gmail.com\ud83d\udcac WhatsApp : 06 56 67 67 14\ud83d\udcf1 Instagram : @jeunerchezgowildNous suivre sur les r\u00e9seaux sociaux<\/p>","protected":false},"author":1,"featured_media":0,"parent":0,"menu_order":0,"comment_status":"closed","ping_status":"closed","template":"","meta":{"_acf_changed":false,"_et_pb_use_builder":"on","_et_pb_old_content":"","_et_gb_content_width":"","footnotes":""},"class_list":["post-8","page","type-page","status-publish","hentry"],"acf":[],"yoast_head":"<!-- This site is optimized with the Yoast SEO plugin v27.4 - https:\/\/yoast.com\/product\/yoast-seo-wordpress\/ -->\n<title>Contact - Jeuner chez Go Wild je\u00fbne-bien-\u00eatre-en-france<\/title>\n<meta name=\"description\" content=\"Contactez-nous et r\u00e9server votre s\u00e9jour : cure de jeune, nutrition v\u00e9g\u00e9tale et mono di\u00e8te.\" \/>\n<meta name=\"robots\" content=\"index, follow, max-snippet:-1, max-image-preview:large, max-video-preview:-1\" \/>\n<link rel=\"canonical\" href=\"https:\/\/jeunerchezgowild.com\/en\/contact-jeuner-chez-go-wild\/\" \/>\n<meta property=\"og:locale\" content=\"en_GB\" \/>\n<meta property=\"og:type\" content=\"article\" \/>\n<meta property=\"og:title\" content=\"Contact - Jeuner chez Go Wild je\u00fbne-bien-\u00eatre-en-france\" \/>\n<meta property=\"og:description\" content=\"Contactez-nous et r\u00e9server votre s\u00e9jour : cure de jeune, nutrition v\u00e9g\u00e9tale et mono di\u00e8te.\" \/>\n<meta property=\"og:url\" content=\"https:\/\/jeunerchezgowild.com\/en\/contact-jeuner-chez-go-wild\/\" \/>\n<meta property=\"og:site_name\" content=\"Jeuner chez Go Wild\" \/>\n<meta property=\"article:publisher\" content=\"https:\/\/www.facebook.com\/profile.php?id=100094062925348\" \/>\n<meta property=\"article:modified_time\" content=\"2025-04-21T13:57:23+00:00\" \/>\n<meta property=\"og:image\" content=\"https:\/\/jeunerchezgowild.com\/wp-content\/uploads\/2023\/06\/Sans-titre-2.png\" \/>\n\t<meta property=\"og:image:width\" content=\"423\" \/>\n\t<meta property=\"og:image:height\" content=\"254\" \/>\n\t<meta property=\"og:image:type\" content=\"image\/png\" \/>\n<meta name=\"twitter:card\" content=\"summary_large_image\" \/>\n<meta name=\"twitter:label1\" content=\"Estimated reading time\" \/>\n\t<meta name=\"twitter:data1\" content=\"2 minutes\" \/>\n<script type=\"application\/ld+json\" class=\"yoast-schema-graph\">{\"@context\":\"https:\\\/\\\/schema.org\",\"@graph\":[{\"@type\":\"WebPage\",\"@id\":\"https:\\\/\\\/jeunerchezgowild.com\\\/contact-jeuner-chez-go-wild\\\/\",\"url\":\"https:\\\/\\\/jeunerchezgowild.com\\\/contact-jeuner-chez-go-wild\\\/\",\"name\":\"Contact - Jeuner chez Go Wild je\u00fbne-bien-\u00eatre-en-france\",\"isPartOf\":{\"@id\":\"https:\\\/\\\/jeunerchezgowild.com\\\/#website\"},\"datePublished\":\"2023-06-14T09:18:28+00:00\",\"dateModified\":\"2025-04-21T13:57:23+00:00\",\"description\":\"Contactez-nous et r\u00e9server votre s\u00e9jour : cure de jeune, nutrition v\u00e9g\u00e9tale et mono di\u00e8te.\",\"breadcrumb\":{\"@id\":\"https:\\\/\\\/jeunerchezgowild.com\\\/contact-jeuner-chez-go-wild\\\/#breadcrumb\"},\"inLanguage\":\"en-GB\",\"potentialAction\":[{\"@type\":\"ReadAction\",\"target\":[\"https:\\\/\\\/jeunerchezgowild.com\\\/contact-jeuner-chez-go-wild\\\/\"]}]},{\"@type\":\"BreadcrumbList\",\"@id\":\"https:\\\/\\\/jeunerchezgowild.com\\\/contact-jeuner-chez-go-wild\\\/#breadcrumb\",\"itemListElement\":[{\"@type\":\"ListItem\",\"position\":1,\"name\":\"Accueil\",\"item\":\"https:\\\/\\\/jeunerchezgowild.com\\\/\"},{\"@type\":\"ListItem\",\"position\":2,\"name\":\"Contact\"}]},{\"@type\":\"WebSite\",\"@id\":\"https:\\\/\\\/jeunerchezgowild.com\\\/#website\",\"url\":\"https:\\\/\\\/jeunerchezgowild.com\\\/\",\"name\":\"Jeuner chez Go Wild\",\"description\":\"Et si vous preniez soin de vous ?\",\"publisher\":{\"@id\":\"https:\\\/\\\/jeunerchezgowild.com\\\/#organization\"},\"potentialAction\":[{\"@type\":\"SearchAction\",\"target\":{\"@type\":\"EntryPoint\",\"urlTemplate\":\"https:\\\/\\\/jeunerchezgowild.com\\\/?s={search_term_string}\"},\"query-input\":{\"@type\":\"PropertyValueSpecification\",\"valueRequired\":true,\"valueName\":\"search_term_string\"}}],\"inLanguage\":\"en-GB\"},{\"@type\":\"Organization\",\"@id\":\"https:\\\/\\\/jeunerchezgowild.com\\\/#organization\",\"name\":\"Je\u00fbner chez Go Wild\",\"url\":\"https:\\\/\\\/jeunerchezgowild.com\\\/\",\"logo\":{\"@type\":\"ImageObject\",\"inLanguage\":\"en-GB\",\"@id\":\"https:\\\/\\\/jeunerchezgowild.com\\\/#\\\/schema\\\/logo\\\/image\\\/\",\"url\":\"https:\\\/\\\/jeunerchezgowild.com\\\/wp-content\\\/uploads\\\/2023\\\/06\\\/Sans-titre-2.png\",\"contentUrl\":\"https:\\\/\\\/jeunerchezgowild.com\\\/wp-content\\\/uploads\\\/2023\\\/06\\\/Sans-titre-2.png\",\"width\":423,\"height\":254,\"caption\":\"Je\u00fbner chez Go Wild\"},\"image\":{\"@id\":\"https:\\\/\\\/jeunerchezgowild.com\\\/#\\\/schema\\\/logo\\\/image\\\/\"},\"sameAs\":[\"https:\\\/\\\/www.facebook.com\\\/profile.php?id=100094062925348\",\"https:\\\/\\\/www.instagram.com\\\/jeunerchezgowild\\\/\"]}]}<\/script>\n<!-- \/ Yoast SEO plugin. -->","yoast_head_json":{"title":"Contact - Jeuner chez Go Wild je\u00fbne-bien-\u00eatre-en-france","description":"Contactez-nous et r\u00e9server votre s\u00e9jour : cure de jeune, nutrition v\u00e9g\u00e9tale et mono di\u00e8te.","robots":{"index":"index","follow":"follow","max-snippet":"max-snippet:-1","max-image-preview":"max-image-preview:large","max-video-preview":"max-video-preview:-1"},"canonical":"https:\/\/jeunerchezgowild.com\/en\/contact-jeuner-chez-go-wild\/","og_locale":"en_GB","og_type":"article","og_title":"Contact - Jeuner chez Go Wild je\u00fbne-bien-\u00eatre-en-france","og_description":"Contactez-nous et r\u00e9server votre s\u00e9jour : cure de jeune, nutrition v\u00e9g\u00e9tale et mono di\u00e8te.","og_url":"https:\/\/jeunerchezgowild.com\/en\/contact-jeuner-chez-go-wild\/","og_site_name":"Jeuner chez Go Wild","article_publisher":"https:\/\/www.facebook.com\/profile.php?id=100094062925348","article_modified_time":"2025-04-21T13:57:23+00:00","og_image":[{"width":423,"height":254,"url":"https:\/\/jeunerchezgowild.com\/wp-content\/uploads\/2023\/06\/Sans-titre-2.png","type":"image\/png"}],"twitter_card":"summary_large_image","twitter_misc":{"Estimated reading time":"2 minutes"},"schema":{"@context":"https:\/\/schema.org","@graph":[{"@type":"WebPage","@id":"https:\/\/jeunerchezgowild.com\/contact-jeuner-chez-go-wild\/","url":"https:\/\/jeunerchezgowild.com\/contact-jeuner-chez-go-wild\/","name":"Contact - Jeuner chez Go Wild je\u00fbne-bien-\u00eatre-en-france","isPartOf":{"@id":"https:\/\/jeunerchezgowild.com\/#website"},"datePublished":"2023-06-14T09:18:28+00:00","dateModified":"2025-04-21T13:57:23+00:00","description":"Contactez-nous et r\u00e9server votre s\u00e9jour : cure de jeune, nutrition v\u00e9g\u00e9tale et mono di\u00e8te.","breadcrumb":{"@id":"https:\/\/jeunerchezgowild.com\/contact-jeuner-chez-go-wild\/#breadcrumb"},"inLanguage":"en-GB","potentialAction":[{"@type":"ReadAction","target":["https:\/\/jeunerchezgowild.com\/contact-jeuner-chez-go-wild\/"]}]},{"@type":"BreadcrumbList","@id":"https:\/\/jeunerchezgowild.com\/contact-jeuner-chez-go-wild\/#breadcrumb","itemListElement":[{"@type":"ListItem","position":1,"name":"Accueil","item":"https:\/\/jeunerchezgowild.com\/"},{"@type":"ListItem","position":2,"name":"Contact"}]},{"@type":"WebSite","@id":"https:\/\/jeunerchezgowild.com\/#website","url":"https:\/\/jeunerchezgowild.com\/","name":"Jeuner chez Go Wild","description":"How about taking care of yourself?","publisher":{"@id":"https:\/\/jeunerchezgowild.com\/#organization"},"potentialAction":[{"@type":"SearchAction","target":{"@type":"EntryPoint","urlTemplate":"https:\/\/jeunerchezgowild.com\/?s={search_term_string}"},"query-input":{"@type":"PropertyValueSpecification","valueRequired":true,"valueName":"search_term_string"}}],"inLanguage":"en-GB"},{"@type":"Organization","@id":"https:\/\/jeunerchezgowild.com\/#organization","name":"Je\u00fbner chez Go Wild","url":"https:\/\/jeunerchezgowild.com\/","logo":{"@type":"ImageObject","inLanguage":"en-GB","@id":"https:\/\/jeunerchezgowild.com\/#\/schema\/logo\/image\/","url":"https:\/\/jeunerchezgowild.com\/wp-content\/uploads\/2023\/06\/Sans-titre-2.png","contentUrl":"https:\/\/jeunerchezgowild.com\/wp-content\/uploads\/2023\/06\/Sans-titre-2.png","width":423,"height":254,"caption":"Je\u00fbner chez Go Wild"},"image":{"@id":"https:\/\/jeunerchezgowild.com\/#\/schema\/logo\/image\/"},"sameAs":["https:\/\/www.facebook.com\/profile.php?id=100094062925348","https:\/\/www.instagram.com\/jeunerchezgowild\/"]}]}},"_links":{"self":[{"href":"https:\/\/jeunerchezgowild.com\/en\/wp-json\/wp\/v2\/pages\/8","targetHints":{"allow":["GET"]}}],"collection":[{"href":"https:\/\/jeunerchezgowild.com\/en\/wp-json\/wp\/v2\/pages"}],"about":[{"href":"https:\/\/jeunerchezgowild.com\/en\/wp-json\/wp\/v2\/types\/page"}],"author":[{"embeddable":true,"href":"https:\/\/jeunerchezgowild.com\/en\/wp-json\/wp\/v2\/users\/1"}],"replies":[{"embeddable":true,"href":"https:\/\/jeunerchezgowild.com\/en\/wp-json\/wp\/v2\/comments?post=8"}],"version-history":[{"count":21,"href":"https:\/\/jeunerchezgowild.com\/en\/wp-json\/wp\/v2\/pages\/8\/revisions"}],"predecessor-version":[{"id":4494,"href":"https:\/\/jeunerchezgowild.com\/en\/wp-json\/wp\/v2\/pages\/8\/revisions\/4494"}],"wp:attachment":[{"href":"https:\/\/jeunerchezgowild.com\/en\/wp-json\/wp\/v2\/media?parent=8"}],"curies":[{"name":"wp","href":"https:\/\/api.w.org\/{rel}","templated":true}]}}