{"id":75,"date":"2023-06-14T18:15:46","date_gmt":"2023-06-14T16:15:46","guid":{"rendered":"http:\/\/jeunerchezgowild.com\/?page_id=75"},"modified":"2025-04-17T13:38:47","modified_gmt":"2025-04-17T11:38:47","slug":"cest-pas-une-secte-ton-truc","status":"publish","type":"page","link":"https:\/\/jeunerchezgowild.com\/en\/cest-pas-une-secte-ton-truc\/","title":{"rendered":"C&rsquo;est pas une secte ton truc ?"},"content":{"rendered":"<p>[et_pb_section fb_built=\u00a0\u00bb1&Prime; _builder_version=\u00a0\u00bb4.21.0&Prime; _module_preset=\u00a0\u00bbdefault\u00a0\u00bb custom_padding=\u00a0\u00bb0px|||||\u00a0\u00bb global_colors_info=\u00a0\u00bb{}\u00a0\u00bb][et_pb_row column_structure=\u00a0\u00bb1_2,1_2&Prime; _builder_version=\u00a0\u00bb4.21.0&Prime; _module_preset=\u00a0\u00bbdefault\u00a0\u00bb global_colors_info=\u00a0\u00bb{}\u00a0\u00bb][et_pb_column type=\u00a0\u00bb1_2&Prime; _builder_version=\u00a0\u00bb4.21.0&Prime; _module_preset=\u00a0\u00bbdefault\u00a0\u00bb global_colors_info=\u00a0\u00bb{}\u00a0\u00bb][et_pb_image src=\u00a0\u00bbhttps:\/\/jeunerchezgowild.com\/wp-content\/uploads\/2023\/06\/people.png\u00a0\u00bb alt=\u00a0\u00bbC&rsquo;est pas une secte ton truc?\u00a0\u00bb title_text=\u00a0\u00bbC&rsquo;est pas une secte ton truc?\u00a0\u00bb align=\u00a0\u00bbcenter\u00a0\u00bb _builder_version=\u00a0\u00bb4.21.0&Prime; _module_preset=\u00a0\u00bbdefault\u00a0\u00bb width_tablet=\u00a0\u00bb\u00a0\u00bb width_phone=\u00a0\u00bb\u00a0\u00bb width_last_edited=\u00a0\u00bbon|phone\u00a0\u00bb max_width=\u00a0\u00bb30%\u00a0\u00bb global_colors_info=\u00a0\u00bb{}\u00a0\u00bb][\/et_pb_image][\/et_pb_column][et_pb_column type=\u00a0\u00bb1_2&Prime; _builder_version=\u00a0\u00bb4.21.0&Prime; _module_preset=\u00a0\u00bbdefault\u00a0\u00bb global_colors_info=\u00a0\u00bb{}\u00a0\u00bb][et_pb_text content_tablet=\u00a0\u00bb<\/p>\n<p>JE VAIS PAYER POUR NE PAS MANGER ?! L&rsquo;ARNAQUE DU SI\u00c8CLE.<\/p>\n<p>\u00a0\u00bb content_phone=\u00a0\u00bb<\/p>\n<p style=%22text-align: center;%22>C&rsquo;est pas une secte ton truc ?<\/p>\n<p>\u00a0\u00bb content_last_edited=\u00a0\u00bbon|phone\u00a0\u00bb _builder_version=\u00a0\u00bb4.23.1&Prime; _module_preset=\u00a0\u00bbdefault\u00a0\u00bb text_font=\u00a0\u00bbJosefin Sans||||||||\u00a0\u00bb text_text_color=\u00a0\u00bb#AC7247&Prime; text_font_size=\u00a0\u00bb38px\u00a0\u00bb text_line_height=\u00a0\u00bb2.7em\u00a0\u00bb hover_enabled=\u00a0\u00bb0&Prime; text_font_size_tablet=\u00a0\u00bb38px\u00a0\u00bb text_font_size_phone=\u00a0\u00bb20px\u00a0\u00bb text_font_size_last_edited=\u00a0\u00bbon|phone\u00a0\u00bb global_colors_info=\u00a0\u00bb{}\u00a0\u00bb sticky_enabled=\u00a0\u00bb0&Prime;]<\/p>\n<p><span style=\"color: #ac7247;\">C&rsquo;EST PAS UNE SECTE TON TRUC ?<\/span><\/p>\n<p>[\/et_pb_text][\/et_pb_column][\/et_pb_row][et_pb_row _builder_version=\u00a0\u00bb4.21.0&Prime; _module_preset=\u00a0\u00bbdefault\u00a0\u00bb custom_padding=\u00a0\u00bb0px|||||\u00a0\u00bb global_colors_info=\u00a0\u00bb{}\u00a0\u00bb][et_pb_column type=\u00a0\u00bb4_4&Prime; _builder_version=\u00a0\u00bb4.21.0&Prime; _module_preset=\u00a0\u00bbdefault\u00a0\u00bb global_colors_info=\u00a0\u00bb{}\u00a0\u00bb][et_pb_text content_tablet=\u00a0\u00bb<\/p>\n<p><span>Certes, la pratique du je\u00fbne a \u00e9t\u00e9 instrumentalis\u00e9e et utilis\u00e9e par de nombreuses sectes et religions. Pourquoi ? Lorsque nous je\u00fbnons, nous sommes dans un \u00e9tat particulier, et ce pour plusieurs raisons. Tout d&rsquo;abord, en je\u00fbnant, nous allons \u00e0 l&rsquo;encontre de notre culture et de notre \u00e9ducation ; notre instinct de survie peut s&rsquo;affoler. Ensuite, les premiers jours, nous pouvons nous sentir assez faibles : c&rsquo;est un \u00e9tat de vuln\u00e9rabilit\u00e9 o\u00f9 nous brisons les codes sociaux. En revanche, \u00e0 la fin du 3\u00e8me ou 4\u00e8me jour, une grande clart\u00e9 d&rsquo;esprit appara\u00eet qui peut s&rsquo;apparenter \u00e0 un sentiment d&rsquo;euphorie \/ de toute-puissance. Des personnes malveillantes pourraient profiter de ce moment pour manipuler. Rassurez-vous, chez GoWild, nous ne sommes pas des gourous ! Nous faisons partie de la F\u00e9d\u00e9ration Fran\u00e7aise de Je\u00fbne et de Randonn\u00e9e et n&rsquo;avons qu&rsquo;une envie : vous accompagner pendant une semaine dans la plus grande bienveillance possible, sans jamais chercher \u00e0 vous convaincre de quoi que ce soit. Nous n&rsquo;avons pas les r\u00e9ponses \u00e0 tout, nous n&rsquo;avons pas la science infuse. Nous essaierons simplement de partager ce qui a fonctionn\u00e9 pour nous. Le reste vous appartient. Enfin, apr\u00e8s chaque semaine, la F\u00e9d\u00e9ration vous fera remplir un questionnaire. Ce sera le moment de nous dire tout le bien (ou le mal :)&#8230; ) que vous avez pens\u00e9 de votre s\u00e9jour chez nous et d&rsquo;avoir ainsi un recours en cas de malaise (ce que nous n&rsquo;esp\u00e9rons pas, bien s\u00fbr).<\/span><\/p>\n<p>\u00a0\u00bb content_phone=\u00a0\u00bb<\/p>\n<p style=%22text-align: center;%22><span>Certes, la pratique du je\u00fbne a \u00e9t\u00e9 instrumentalis\u00e9e et utilis\u00e9e par de nombreuses sectes et religions. Pourquoi ? Lorsque nous je\u00fbnons, nous sommes dans un \u00e9tat particulier, et ce pour plusieurs raisons. Tout d&rsquo;abord, en je\u00fbnant, nous allons \u00e0 l&rsquo;encontre de notre culture et de notre \u00e9ducation ; notre instinct de survie peut s&rsquo;affoler. Ensuite, les premiers jours, nous pouvons nous sentir assez faibles : c&rsquo;est un \u00e9tat de vuln\u00e9rabilit\u00e9 o\u00f9 nous brisons les codes sociaux. En revanche, \u00e0 la fin du 3\u00e8me ou 4\u00e8me jour, une grande clart\u00e9 d&rsquo;esprit appara\u00eet qui peut s&rsquo;apparenter \u00e0 un sentiment d&rsquo;euphorie \/ de toute-puissance. Des personnes malveillantes pourraient profiter de ce moment pour manipuler. Rassurez-vous, chez GoWild, nous ne sommes pas des gourous ! Nous faisons partie de la F\u00e9d\u00e9ration Fran\u00e7aise de Je\u00fbne et de Randonn\u00e9e et n&rsquo;avons qu&rsquo;une envie : vous accompagner pendant une semaine dans la plus grande bienveillance possible, sans jamais chercher \u00e0 vous convaincre de quoi que ce soit. Nous n&rsquo;avons pas les r\u00e9ponses \u00e0 tout, nous n&rsquo;avons pas la science infuse. Nous essaierons simplement de partager ce qui a fonctionn\u00e9 pour nous. Le reste vous appartient. Enfin, apr\u00e8s chaque semaine, la F\u00e9d\u00e9ration vous fera remplir un questionnaire. Ce sera le moment de nous dire tout le bien (ou le mal :)&#8230; ) que vous avez pens\u00e9 de votre s\u00e9jour chez nous et d&rsquo;avoir ainsi un recours en cas de malaise (ce que nous n&rsquo;esp\u00e9rons pas, bien s\u00fbr).<\/span><\/p>\n<p>\u00a0\u00bb content_last_edited=\u00a0\u00bbon|phone\u00a0\u00bb _builder_version=\u00a0\u00bb4.21.0&Prime; _module_preset=\u00a0\u00bbdefault\u00a0\u00bb text_font=\u00a0\u00bbJosefin Sans|300|||||||\u00a0\u00bb text_text_color=\u00a0\u00bb#000000&Prime; text_font_size=\u00a0\u00bb16px\u00a0\u00bb text_line_height=\u00a0\u00bb2em\u00a0\u00bb text_orientation=\u00a0\u00bbjustified\u00a0\u00bb global_colors_info=\u00a0\u00bb{}\u00a0\u00bb]<\/p>\n<p><span>Certes, la pratique du je\u00fbne a \u00e9t\u00e9 instrumentalis\u00e9e et utilis\u00e9e par de nombreuses sectes et religions. Pourquoi ? Lorsque nous je\u00fbnons, nous sommes dans un \u00e9tat particulier, et ce pour plusieurs raisons. Tout d&rsquo;abord, en je\u00fbnant, nous allons \u00e0 l&rsquo;encontre de notre culture et de notre \u00e9ducation ; notre instinct de survie peut s&rsquo;affoler. Ensuite, les premiers jours, nous pouvons nous sentir assez faibles : c&rsquo;est un \u00e9tat de vuln\u00e9rabilit\u00e9 o\u00f9 nous brisons les codes sociaux. En revanche, \u00e0 la fin du 3\u00e8me ou 4\u00e8me jour, une grande clart\u00e9 d&rsquo;esprit appara\u00eet qui peut s&rsquo;apparenter \u00e0 un sentiment d&rsquo;euphorie \/ de toute-puissance. Des personnes malveillantes pourraient profiter de ce moment pour manipuler. Rassurez-vous, chez GoWild, nous ne sommes pas des gourous ! Nous faisons partie de la F\u00e9d\u00e9ration Fran\u00e7aise de Je\u00fbne et de Randonn\u00e9e et n&rsquo;avons qu&rsquo;une envie : vous accompagner pendant une semaine dans la plus grande bienveillance possible, sans jamais chercher \u00e0 vous convaincre de quoi que ce soit. Nous n&rsquo;avons pas les r\u00e9ponses \u00e0 tout, nous n&rsquo;avons pas la science infuse. Nous essaierons simplement de partager ce qui a fonctionn\u00e9 pour nous. Le reste vous appartient. Enfin, apr\u00e8s chaque semaine, la F\u00e9d\u00e9ration vous fera remplir un questionnaire. Ce sera le moment de nous dire tout le bien (ou le mal :)&#8230; ) que vous avez pens\u00e9 de votre s\u00e9jour chez nous et d&rsquo;avoir ainsi un recours en cas de malaise (ce que nous n&rsquo;esp\u00e9rons pas, bien s\u00fbr).<\/span><\/p>\n<p>[\/et_pb_text][et_pb_button button_url=\u00a0\u00bbhttps:\/\/www.ffjr.com\u00a0\u00bb url_new_window=\u00a0\u00bbon\u00a0\u00bb button_text=\u00a0\u00bbF\u00e9d\u00e9ration francophone Je\u00fbne et Randonn\u00e9e\u00a0\u00bb button_alignment=\u00a0\u00bbright\u00a0\u00bb button_alignment_tablet=\u00a0\u00bbright\u00a0\u00bb button_alignment_phone=\u00a0\u00bbcenter\u00a0\u00bb button_alignment_last_edited=\u00a0\u00bbon|phone\u00a0\u00bb _builder_version=\u00a0\u00bb4.23.1&Prime; _module_preset=\u00a0\u00bbdefault\u00a0\u00bb custom_button=\u00a0\u00bbon\u00a0\u00bb button_text_size=\u00a0\u00bb17px\u00a0\u00bb button_text_color=\u00a0\u00bb#AC7247&Prime; button_bg_color=\u00a0\u00bb#F4EDDE\u00a0\u00bb button_border_width=\u00a0\u00bb1px\u00a0\u00bb button_border_radius=\u00a0\u00bb20px\u00a0\u00bb button_letter_spacing=\u00a0\u00bb5px\u00a0\u00bb button_font=\u00a0\u00bbJosefin Sans||||||||\u00a0\u00bb button_icon=\u00a0\u00bb&#x24;||divi||400&Prime; background_layout=\u00a0\u00bbdark\u00a0\u00bb hover_enabled=\u00a0\u00bb0&Prime; global_colors_info=\u00a0\u00bb{}\u00a0\u00bb sticky_enabled=\u00a0\u00bb0&Prime;][\/et_pb_button][\/et_pb_column][\/et_pb_row][\/et_pb_section]<\/p>\n","protected":false},"excerpt":{"rendered":"<p>C&rsquo;EST PAS UNE SECTE TON TRUC ?Certes, la pratique du je\u00fbne a \u00e9t\u00e9 instrumentalis\u00e9e et utilis\u00e9e par de nombreuses sectes et religions. Pourquoi ? Lorsque nous je\u00fbnons, nous sommes dans un \u00e9tat particulier, et ce pour plusieurs raisons. Tout d&rsquo;abord, en je\u00fbnant, nous allons \u00e0 l&rsquo;encontre de notre culture et de notre \u00e9ducation ; notre [&hellip;]<\/p>\n","protected":false},"author":1,"featured_media":0,"parent":0,"menu_order":0,"comment_status":"closed","ping_status":"closed","template":"","meta":{"_acf_changed":false,"_et_pb_use_builder":"on","_et_pb_old_content":"","_et_gb_content_width":"","footnotes":""},"class_list":["post-75","page","type-page","status-publish","hentry"],"acf":[],"yoast_head":"<!-- This site is optimized with the Yoast SEO plugin v27.4 - https:\/\/yoast.com\/product\/yoast-seo-wordpress\/ -->\n<title>C&#039;est pas une secte ton truc ? - Jeuner chez Go Wild je\u00fbne-bien-\u00eatre-en-france<\/title>\n<meta name=\"description\" content=\"D\u00e9couvrez toutes les r\u00e9ponses \u00e0 vos questions sur le je\u00fbne. Obtenez des conseils d&#039;experts et des r\u00e9ponses pour vous guider.\" \/>\n<meta name=\"robots\" content=\"index, follow, max-snippet:-1, max-image-preview:large, max-video-preview:-1\" \/>\n<link rel=\"canonical\" href=\"https:\/\/jeunerchezgowild.com\/en\/cest-pas-une-secte-ton-truc\/\" \/>\n<meta property=\"og:locale\" content=\"en_GB\" \/>\n<meta property=\"og:type\" content=\"article\" \/>\n<meta property=\"og:title\" content=\"C&#039;est pas une secte ton truc ? - Jeuner chez Go Wild je\u00fbne-bien-\u00eatre-en-france\" \/>\n<meta property=\"og:description\" content=\"D\u00e9couvrez toutes les r\u00e9ponses \u00e0 vos questions sur le je\u00fbne. Obtenez des conseils d&#039;experts et des r\u00e9ponses pour vous guider.\" \/>\n<meta property=\"og:url\" content=\"https:\/\/jeunerchezgowild.com\/en\/cest-pas-une-secte-ton-truc\/\" \/>\n<meta property=\"og:site_name\" content=\"Jeuner chez Go Wild\" \/>\n<meta property=\"article:publisher\" content=\"https:\/\/www.facebook.com\/profile.php?id=100094062925348\" \/>\n<meta property=\"article:modified_time\" content=\"2025-04-17T11:38:47+00:00\" \/>\n<meta property=\"og:image\" content=\"https:\/\/jeunerchezgowild.com\/wp-content\/uploads\/2023\/06\/Sans-titre-2.png\" \/>\n\t<meta property=\"og:image:width\" content=\"423\" \/>\n\t<meta property=\"og:image:height\" content=\"254\" \/>\n\t<meta property=\"og:image:type\" content=\"image\/png\" \/>\n<meta name=\"twitter:card\" content=\"summary_large_image\" \/>\n<meta name=\"twitter:label1\" content=\"Estimated reading time\" \/>\n\t<meta name=\"twitter:data1\" content=\"5 minutes\" \/>\n<script type=\"application\/ld+json\" class=\"yoast-schema-graph\">{\"@context\":\"https:\\\/\\\/schema.org\",\"@graph\":[{\"@type\":\"WebPage\",\"@id\":\"https:\\\/\\\/jeunerchezgowild.com\\\/cest-pas-une-secte-ton-truc\\\/\",\"url\":\"https:\\\/\\\/jeunerchezgowild.com\\\/cest-pas-une-secte-ton-truc\\\/\",\"name\":\"C'est pas une secte ton truc ? - Jeuner chez Go Wild je\u00fbne-bien-\u00eatre-en-france\",\"isPartOf\":{\"@id\":\"https:\\\/\\\/jeunerchezgowild.com\\\/#website\"},\"datePublished\":\"2023-06-14T16:15:46+00:00\",\"dateModified\":\"2025-04-17T11:38:47+00:00\",\"description\":\"D\u00e9couvrez toutes les r\u00e9ponses \u00e0 vos questions sur le je\u00fbne. Obtenez des conseils d'experts et des r\u00e9ponses pour vous guider.\",\"breadcrumb\":{\"@id\":\"https:\\\/\\\/jeunerchezgowild.com\\\/cest-pas-une-secte-ton-truc\\\/#breadcrumb\"},\"inLanguage\":\"en-GB\",\"potentialAction\":[{\"@type\":\"ReadAction\",\"target\":[\"https:\\\/\\\/jeunerchezgowild.com\\\/cest-pas-une-secte-ton-truc\\\/\"]}]},{\"@type\":\"BreadcrumbList\",\"@id\":\"https:\\\/\\\/jeunerchezgowild.com\\\/cest-pas-une-secte-ton-truc\\\/#breadcrumb\",\"itemListElement\":[{\"@type\":\"ListItem\",\"position\":1,\"name\":\"Accueil\",\"item\":\"https:\\\/\\\/jeunerchezgowild.com\\\/\"},{\"@type\":\"ListItem\",\"position\":2,\"name\":\"C&rsquo;est pas une secte ton truc ?\"}]},{\"@type\":\"WebSite\",\"@id\":\"https:\\\/\\\/jeunerchezgowild.com\\\/#website\",\"url\":\"https:\\\/\\\/jeunerchezgowild.com\\\/\",\"name\":\"Jeuner chez Go Wild\",\"description\":\"Et si vous preniez soin de vous ?\",\"publisher\":{\"@id\":\"https:\\\/\\\/jeunerchezgowild.com\\\/#organization\"},\"potentialAction\":[{\"@type\":\"SearchAction\",\"target\":{\"@type\":\"EntryPoint\",\"urlTemplate\":\"https:\\\/\\\/jeunerchezgowild.com\\\/?s={search_term_string}\"},\"query-input\":{\"@type\":\"PropertyValueSpecification\",\"valueRequired\":true,\"valueName\":\"search_term_string\"}}],\"inLanguage\":\"en-GB\"},{\"@type\":\"Organization\",\"@id\":\"https:\\\/\\\/jeunerchezgowild.com\\\/#organization\",\"name\":\"Je\u00fbner chez Go Wild\",\"url\":\"https:\\\/\\\/jeunerchezgowild.com\\\/\",\"logo\":{\"@type\":\"ImageObject\",\"inLanguage\":\"en-GB\",\"@id\":\"https:\\\/\\\/jeunerchezgowild.com\\\/#\\\/schema\\\/logo\\\/image\\\/\",\"url\":\"https:\\\/\\\/jeunerchezgowild.com\\\/wp-content\\\/uploads\\\/2023\\\/06\\\/Sans-titre-2.png\",\"contentUrl\":\"https:\\\/\\\/jeunerchezgowild.com\\\/wp-content\\\/uploads\\\/2023\\\/06\\\/Sans-titre-2.png\",\"width\":423,\"height\":254,\"caption\":\"Je\u00fbner chez Go Wild\"},\"image\":{\"@id\":\"https:\\\/\\\/jeunerchezgowild.com\\\/#\\\/schema\\\/logo\\\/image\\\/\"},\"sameAs\":[\"https:\\\/\\\/www.facebook.com\\\/profile.php?id=100094062925348\",\"https:\\\/\\\/www.instagram.com\\\/jeunerchezgowild\\\/\"]}]}<\/script>\n<!-- \/ Yoast SEO plugin. -->","yoast_head_json":{"title":"C'est pas une secte ton truc ? - Jeuner chez Go Wild je\u00fbne-bien-\u00eatre-en-france","description":"D\u00e9couvrez toutes les r\u00e9ponses \u00e0 vos questions sur le je\u00fbne. Obtenez des conseils d'experts et des r\u00e9ponses pour vous guider.","robots":{"index":"index","follow":"follow","max-snippet":"max-snippet:-1","max-image-preview":"max-image-preview:large","max-video-preview":"max-video-preview:-1"},"canonical":"https:\/\/jeunerchezgowild.com\/en\/cest-pas-une-secte-ton-truc\/","og_locale":"en_GB","og_type":"article","og_title":"C'est pas une secte ton truc ? - Jeuner chez Go Wild je\u00fbne-bien-\u00eatre-en-france","og_description":"D\u00e9couvrez toutes les r\u00e9ponses \u00e0 vos questions sur le je\u00fbne. Obtenez des conseils d'experts et des r\u00e9ponses pour vous guider.","og_url":"https:\/\/jeunerchezgowild.com\/en\/cest-pas-une-secte-ton-truc\/","og_site_name":"Jeuner chez Go Wild","article_publisher":"https:\/\/www.facebook.com\/profile.php?id=100094062925348","article_modified_time":"2025-04-17T11:38:47+00:00","og_image":[{"width":423,"height":254,"url":"https:\/\/jeunerchezgowild.com\/wp-content\/uploads\/2023\/06\/Sans-titre-2.png","type":"image\/png"}],"twitter_card":"summary_large_image","twitter_misc":{"Estimated reading time":"5 minutes"},"schema":{"@context":"https:\/\/schema.org","@graph":[{"@type":"WebPage","@id":"https:\/\/jeunerchezgowild.com\/cest-pas-une-secte-ton-truc\/","url":"https:\/\/jeunerchezgowild.com\/cest-pas-une-secte-ton-truc\/","name":"C'est pas une secte ton truc ? - Jeuner chez Go Wild je\u00fbne-bien-\u00eatre-en-france","isPartOf":{"@id":"https:\/\/jeunerchezgowild.com\/#website"},"datePublished":"2023-06-14T16:15:46+00:00","dateModified":"2025-04-17T11:38:47+00:00","description":"D\u00e9couvrez toutes les r\u00e9ponses \u00e0 vos questions sur le je\u00fbne. Obtenez des conseils d'experts et des r\u00e9ponses pour vous guider.","breadcrumb":{"@id":"https:\/\/jeunerchezgowild.com\/cest-pas-une-secte-ton-truc\/#breadcrumb"},"inLanguage":"en-GB","potentialAction":[{"@type":"ReadAction","target":["https:\/\/jeunerchezgowild.com\/cest-pas-une-secte-ton-truc\/"]}]},{"@type":"BreadcrumbList","@id":"https:\/\/jeunerchezgowild.com\/cest-pas-une-secte-ton-truc\/#breadcrumb","itemListElement":[{"@type":"ListItem","position":1,"name":"Accueil","item":"https:\/\/jeunerchezgowild.com\/"},{"@type":"ListItem","position":2,"name":"C&rsquo;est pas une secte ton truc ?"}]},{"@type":"WebSite","@id":"https:\/\/jeunerchezgowild.com\/#website","url":"https:\/\/jeunerchezgowild.com\/","name":"Jeuner chez Go Wild","description":"How about taking care of yourself?","publisher":{"@id":"https:\/\/jeunerchezgowild.com\/#organization"},"potentialAction":[{"@type":"SearchAction","target":{"@type":"EntryPoint","urlTemplate":"https:\/\/jeunerchezgowild.com\/?s={search_term_string}"},"query-input":{"@type":"PropertyValueSpecification","valueRequired":true,"valueName":"search_term_string"}}],"inLanguage":"en-GB"},{"@type":"Organization","@id":"https:\/\/jeunerchezgowild.com\/#organization","name":"Je\u00fbner chez Go Wild","url":"https:\/\/jeunerchezgowild.com\/","logo":{"@type":"ImageObject","inLanguage":"en-GB","@id":"https:\/\/jeunerchezgowild.com\/#\/schema\/logo\/image\/","url":"https:\/\/jeunerchezgowild.com\/wp-content\/uploads\/2023\/06\/Sans-titre-2.png","contentUrl":"https:\/\/jeunerchezgowild.com\/wp-content\/uploads\/2023\/06\/Sans-titre-2.png","width":423,"height":254,"caption":"Je\u00fbner chez Go Wild"},"image":{"@id":"https:\/\/jeunerchezgowild.com\/#\/schema\/logo\/image\/"},"sameAs":["https:\/\/www.facebook.com\/profile.php?id=100094062925348","https:\/\/www.instagram.com\/jeunerchezgowild\/"]}]}},"_links":{"self":[{"href":"https:\/\/jeunerchezgowild.com\/en\/wp-json\/wp\/v2\/pages\/75","targetHints":{"allow":["GET"]}}],"collection":[{"href":"https:\/\/jeunerchezgowild.com\/en\/wp-json\/wp\/v2\/pages"}],"about":[{"href":"https:\/\/jeunerchezgowild.com\/en\/wp-json\/wp\/v2\/types\/page"}],"author":[{"embeddable":true,"href":"https:\/\/jeunerchezgowild.com\/en\/wp-json\/wp\/v2\/users\/1"}],"replies":[{"embeddable":true,"href":"https:\/\/jeunerchezgowild.com\/en\/wp-json\/wp\/v2\/comments?post=75"}],"version-history":[{"count":3,"href":"https:\/\/jeunerchezgowild.com\/en\/wp-json\/wp\/v2\/pages\/75\/revisions"}],"predecessor-version":[{"id":4143,"href":"https:\/\/jeunerchezgowild.com\/en\/wp-json\/wp\/v2\/pages\/75\/revisions\/4143"}],"wp:attachment":[{"href":"https:\/\/jeunerchezgowild.com\/en\/wp-json\/wp\/v2\/media?parent=75"}],"curies":[{"name":"wp","href":"https:\/\/api.w.org\/{rel}","templated":true}]}}