{"id":60,"date":"2023-06-14T18:08:01","date_gmt":"2023-06-14T16:08:01","guid":{"rendered":"http:\/\/jeunerchezgowild.com\/?page_id=60"},"modified":"2025-04-17T13:37:36","modified_gmt":"2025-04-17T11:37:36","slug":"jai-peur-davoir-faim-moi-qui-ne-saute-jamais-un-repas","status":"publish","type":"page","link":"https:\/\/jeunerchezgowild.com\/en\/jai-peur-davoir-faim-moi-qui-ne-saute-jamais-un-repas\/","title":{"rendered":"J&rsquo;ai peur d&rsquo;avoir faim, moi qui ne saute jamais un repas !"},"content":{"rendered":"<p>[et_pb_section fb_built=\u00a0\u00bb1&Prime; _builder_version=\u00a0\u00bb4.21.0&Prime; _module_preset=\u00a0\u00bbdefault\u00a0\u00bb custom_padding=\u00a0\u00bb0px|||||\u00a0\u00bb global_colors_info=\u00a0\u00bb{}\u00a0\u00bb][et_pb_row column_structure=\u00a0\u00bb1_2,1_2&Prime; _builder_version=\u00a0\u00bb4.21.0&Prime; _module_preset=\u00a0\u00bbdefault\u00a0\u00bb global_colors_info=\u00a0\u00bb{}\u00a0\u00bb][et_pb_column type=\u00a0\u00bb1_2&Prime; _builder_version=\u00a0\u00bb4.21.0&Prime; _module_preset=\u00a0\u00bbdefault\u00a0\u00bb global_colors_info=\u00a0\u00bb{}\u00a0\u00bb][et_pb_image src=\u00a0\u00bbhttps:\/\/jeunerchezgowild.com\/wp-content\/uploads\/2023\/06\/vegetables.png\u00a0\u00bb alt=\u00a0\u00bbJ&rsquo;ai peur d&rsquo;avoir faim, moi qui ne saute jamais un repas ! \u00a0\u00bb title_text=\u00a0\u00bbJ&rsquo;ai peur d&rsquo;avoir faim, moi qui ne saute jamais un repas ! \u00a0\u00bb align=\u00a0\u00bbcenter\u00a0\u00bb _builder_version=\u00a0\u00bb4.21.0&Prime; _module_preset=\u00a0\u00bbdefault\u00a0\u00bb max_width=\u00a0\u00bb50%\u00a0\u00bb global_colors_info=\u00a0\u00bb{}\u00a0\u00bb][\/et_pb_image][\/et_pb_column][et_pb_column type=\u00a0\u00bb1_2&Prime; _builder_version=\u00a0\u00bb4.21.0&Prime; _module_preset=\u00a0\u00bbdefault\u00a0\u00bb global_colors_info=\u00a0\u00bb{}\u00a0\u00bb][et_pb_text content_tablet=\u00a0\u00bb<\/p>\n<p>JE VAIS PAYER POUR NE PAS MANGER ?! L&rsquo;ARNAQUE DU SI\u00c8CLE.<\/p>\n<p>\u00a0\u00bb content_phone=\u00a0\u00bb<\/p>\n<p style=%22text-align: center;%22><span style=%22color: #ac7247;%22>J&rsquo;AI PEUR D&rsquo;AVOIR FAIM MOI QUI NE SAUTE JAMAIS UN REPAS !<\/span><\/p>\n<p>\u00a0\u00bb content_last_edited=\u00a0\u00bbon|phone\u00a0\u00bb _builder_version=\u00a0\u00bb4.21.0&Prime; _module_preset=\u00a0\u00bbdefault\u00a0\u00bb text_font=\u00a0\u00bbJosefin Sans||||||||\u00a0\u00bb text_text_color=\u00a0\u00bb#F38181&Prime; text_font_size=\u00a0\u00bb38px\u00a0\u00bb text_line_height=\u00a0\u00bb2.7em\u00a0\u00bb text_font_size_tablet=\u00a0\u00bb38px\u00a0\u00bb text_font_size_phone=\u00a0\u00bb20px\u00a0\u00bb text_font_size_last_edited=\u00a0\u00bbon|phone\u00a0\u00bb global_colors_info=\u00a0\u00bb{}\u00a0\u00bb]<\/p>\n<p><span style=\"color: #ac7247;\">J&rsquo;AI PEUR D&rsquo;AVOIR FAIM MOI QUI NE SAUTE JAMAIS UN REPAS !<\/span><\/p>\n<p>[\/et_pb_text][\/et_pb_column][\/et_pb_row][et_pb_row _builder_version=\u00a0\u00bb4.21.0&Prime; _module_preset=\u00a0\u00bbdefault\u00a0\u00bb global_colors_info=\u00a0\u00bb{}\u00a0\u00bb][et_pb_column type=\u00a0\u00bb4_4&Prime; _builder_version=\u00a0\u00bb4.21.0&Prime; _module_preset=\u00a0\u00bbdefault\u00a0\u00bb global_colors_info=\u00a0\u00bb{}\u00a0\u00bb][et_pb_text content_tablet=\u00a0\u00bb<\/p>\n<p><span>La faim est la plus grande crainte des je\u00fbneurs ! Rassurez-vous, ce n&rsquo;est pas le cas. Au contraire, l&rsquo;une des grandes surprises du je\u00fbne est l&rsquo;absence de faim. Tout d&rsquo;abord, il faut identifier s&rsquo;il s&rsquo;agit d&rsquo;une faim psychologique ou physiologique. On croit avoir faim quand on salive. La s\u00e9cr\u00e9tion des sucs pancr\u00e9atiques et la production d&rsquo;insuline augmentent l\u00e9g\u00e8rement. Cette phase est dite %22c\u00e9phalique%22. Elle synchronise les r\u00e9actions de votre syst\u00e8me digestif et vous pr\u00e9pare \u00e0 recevoir de la nourriture. Sauf que cette phase est perturb\u00e9e par des conditionnements profonds, comme ceux des chiens de Pavlov qui salivent \u00e0 la vue d&rsquo;une blouse blanche. Vous connaissez vos conditionnements par c\u0153ur : les heures fixes de repas que les di\u00e9t\u00e9ticiens vous mart\u00e8lent de respecter, les moments de partage souvent autour de la table, la r\u00e9compense \u00e0 laquelle vous pensez avoir droit apr\u00e8s une dure journ\u00e9e de travail, la compensation d&rsquo;une \u00e9motion triste ou joyeuse. Il n&rsquo;est pas n\u00e9cessaire d&rsquo;avoir un besoin physiologique de manger pour saliver. Et si votre estomac gargouille, ce n&rsquo;est pas qu&rsquo;il r\u00e9clame de la nourriture, c&rsquo;est que votre intestin gr\u00eale effectue un dernier balayage pour r\u00e9cup\u00e9rer les derniers d\u00e9chets qu&rsquo;il n&rsquo;a pas pu assimiler. La vraie faim est celle qui, au restaurant, vous fait ha\u00efr profond\u00e9ment le serveur qui a servi tout le monde sauf vous. Alors, rassurez-vous, la faim que vous avez d\u00e9j\u00e0 \u00e9prouv\u00e9e en sautant un ou deux repas, faute de temps, est beaucoup plus inconfortable que celle que vous pourriez ressentir lors d&rsquo;un je\u00fbne. Pourquoi ? Parce que vos niveaux de leptine et de s\u00e9rotonine (hormones de la sati\u00e9t\u00e9 et du bonheur) augmentent et que la ghr\u00e9line, l&rsquo;hormone de la faim, reste neutre. La derni\u00e8re bonne nouvelle est qu&rsquo;apr\u00e8s la crise d&rsquo;acidose, souvent apr\u00e8s le troisi\u00e8me jour de je\u00fbne, la sensation de faim, pour la petite minorit\u00e9 de je\u00fbneurs qui la ressentirait, dispara\u00eet. L&rsquo;hormone qui stimule l&rsquo;app\u00e9tit, la ghr\u00e9line, est \u00e0 son maximum les deux premiers jours du je\u00fbne, puis elle diminue progressivement. Transformez votre peur de manquer en fiert\u00e9. Appr\u00e9ciez les gazouillis dans votre ventre qui se produisent au cours des premiers jours de je\u00fbne. Ils ne dureront pas et sont la preuve que vous \u00eates en vie. Enfin, nous vous conseillons de faire une irrigation colique une dizaine de jours avant le d\u00e9but du je\u00fbne ou une purge (sulfate de magn\u00e9sium) \u00e0 la maison ou \u00e0 votre arriv\u00e9e au centre. Si cette sensation persiste, un lavement peut \u00e9galement \u00eatre effectu\u00e9 pendant votre s\u00e9jour.<\/span><\/p>\n<p>\u00a0\u00bb content_phone=\u00a0\u00bb<\/p>\n<p style=%22text-align: center;%22><span>La faim est la plus grande crainte des je\u00fbneurs ! Rassurez-vous, ce n&rsquo;est pas le cas. Au contraire, l&rsquo;une des grandes surprises du je\u00fbne est l&rsquo;absence de faim. Tout d&rsquo;abord, il faut identifier s&rsquo;il s&rsquo;agit d&rsquo;une faim psychologique ou physiologique. On croit avoir faim quand on salive. La s\u00e9cr\u00e9tion des sucs pancr\u00e9atiques et la production d&rsquo;insuline augmentent l\u00e9g\u00e8rement. Cette phase est dite %22c\u00e9phalique%22. Elle synchronise les r\u00e9actions de votre syst\u00e8me digestif et vous pr\u00e9pare \u00e0 recevoir de la nourriture. Sauf que cette phase est perturb\u00e9e par des conditionnements profonds, comme ceux des chiens de Pavlov qui salivent \u00e0 la vue d&rsquo;une blouse blanche. Vous connaissez vos conditionnements par c\u0153ur : les heures fixes de repas que les di\u00e9t\u00e9ticiens vous mart\u00e8lent de respecter, les moments de partage souvent autour de la table, la r\u00e9compense \u00e0 laquelle vous pensez avoir droit apr\u00e8s une dure journ\u00e9e de travail, la compensation d&rsquo;une \u00e9motion triste ou joyeuse. Il n&rsquo;est pas n\u00e9cessaire d&rsquo;avoir un besoin physiologique de manger pour saliver. Et si votre estomac gargouille, ce n&rsquo;est pas qu&rsquo;il r\u00e9clame de la nourriture, c&rsquo;est que votre intestin gr\u00eale effectue un dernier balayage pour r\u00e9cup\u00e9rer les derniers d\u00e9chets qu&rsquo;il n&rsquo;a pas pu assimiler. La vraie faim est celle qui, au restaurant, vous fait ha\u00efr profond\u00e9ment le serveur qui a servi tout le monde sauf vous. Alors, rassurez-vous, la faim que vous avez d\u00e9j\u00e0 \u00e9prouv\u00e9e en sautant un ou deux repas, faute de temps, est beaucoup plus inconfortable que celle que vous pourriez ressentir lors d&rsquo;un je\u00fbne. Pourquoi ? Parce que vos niveaux de leptine et de s\u00e9rotonine (hormones de la sati\u00e9t\u00e9 et du bonheur) augmentent et que la ghr\u00e9line, l&rsquo;hormone de la faim, reste neutre. La derni\u00e8re bonne nouvelle est qu&rsquo;apr\u00e8s la crise d&rsquo;acidose, souvent apr\u00e8s le troisi\u00e8me jour de je\u00fbne, la sensation de faim, pour la petite minorit\u00e9 de je\u00fbneurs qui la ressentirait, dispara\u00eet. L&rsquo;hormone qui stimule l&rsquo;app\u00e9tit, la ghr\u00e9line, est \u00e0 son maximum les deux premiers jours du je\u00fbne, puis elle diminue progressivement. Transformez votre peur de manquer en fiert\u00e9. Appr\u00e9ciez les gazouillis dans votre ventre qui se produisent au cours des premiers jours de je\u00fbne. Ils ne dureront pas et sont la preuve que vous \u00eates en vie. Enfin, nous vous conseillons de faire une irrigation colique une dizaine de jours avant le d\u00e9but du je\u00fbne ou une purge (sulfate de magn\u00e9sium) \u00e0 la maison ou \u00e0 votre arriv\u00e9e au centre. Si cette sensation persiste, un lavement peut \u00e9galement \u00eatre effectu\u00e9 pendant votre s\u00e9jour.<\/span><\/p>\n<p>\u00a0\u00bb content_last_edited=\u00a0\u00bbon|phone\u00a0\u00bb _builder_version=\u00a0\u00bb4.21.0&Prime; _module_preset=\u00a0\u00bbdefault\u00a0\u00bb text_font=\u00a0\u00bbJosefin Sans|300|||||||\u00a0\u00bb text_text_color=\u00a0\u00bb#000000&Prime; text_font_size=\u00a0\u00bb16px\u00a0\u00bb text_line_height=\u00a0\u00bb2em\u00a0\u00bb text_orientation=\u00a0\u00bbjustified\u00a0\u00bb global_colors_info=\u00a0\u00bb{}\u00a0\u00bb]<\/p>\n<p><span>La faim est la plus grande crainte des je\u00fbneurs ! Rassurez-vous, ce n&rsquo;est pas le cas. Au contraire, l&rsquo;une des grandes surprises du je\u00fbne est l&rsquo;absence de faim. Tout d&rsquo;abord, il faut identifier s&rsquo;il s&rsquo;agit d&rsquo;une faim psychologique ou physiologique. On croit avoir faim quand on salive. La s\u00e9cr\u00e9tion des sucs pancr\u00e9atiques et la production d&rsquo;insuline augmentent l\u00e9g\u00e8rement. Cette phase est dite \u00ab\u00a0c\u00e9phalique\u00a0\u00bb. Elle synchronise les r\u00e9actions de votre syst\u00e8me digestif et vous pr\u00e9pare \u00e0 recevoir de la nourriture. Sauf que cette phase est perturb\u00e9e par des conditionnements profonds, comme ceux des chiens de Pavlov qui salivent \u00e0 la vue d&rsquo;une blouse blanche. Vous connaissez vos conditionnements par c\u0153ur : les heures fixes de repas que les di\u00e9t\u00e9ticiens vous mart\u00e8lent de respecter, les moments de partage souvent autour de la table, la r\u00e9compense \u00e0 laquelle vous pensez avoir droit apr\u00e8s une dure journ\u00e9e de travail, la compensation d&rsquo;une \u00e9motion triste ou joyeuse. Il n&rsquo;est pas n\u00e9cessaire d&rsquo;avoir un besoin physiologique de manger pour saliver. Et si votre estomac gargouille, ce n&rsquo;est pas qu&rsquo;il r\u00e9clame de la nourriture, c&rsquo;est que votre intestin gr\u00eale effectue un dernier balayage pour r\u00e9cup\u00e9rer les derniers d\u00e9chets qu&rsquo;il n&rsquo;a pas pu assimiler. La vraie faim est celle qui, au restaurant, vous fait ha\u00efr profond\u00e9ment le serveur qui a servi tout le monde sauf vous. Alors, rassurez-vous, la faim que vous avez d\u00e9j\u00e0 \u00e9prouv\u00e9e en sautant un ou deux repas, faute de temps, est beaucoup plus inconfortable que celle que vous pourriez ressentir lors d&rsquo;un je\u00fbne. Pourquoi ? Parce que vos niveaux de leptine et de s\u00e9rotonine (hormones de la sati\u00e9t\u00e9 et du bonheur) augmentent et que la ghr\u00e9line, l&rsquo;hormone de la faim, reste neutre. La derni\u00e8re bonne nouvelle est qu&rsquo;apr\u00e8s la crise d&rsquo;acidose, souvent apr\u00e8s le troisi\u00e8me jour de je\u00fbne, la sensation de faim, pour la petite minorit\u00e9 de je\u00fbneurs qui la ressentirait, dispara\u00eet. L&rsquo;hormone qui stimule l&rsquo;app\u00e9tit, la ghr\u00e9line, est \u00e0 son maximum les deux premiers jours du je\u00fbne, puis elle diminue progressivement. Transformez votre peur de manquer en fiert\u00e9. Appr\u00e9ciez les gazouillis dans votre ventre qui se produisent au cours des premiers jours de je\u00fbne. Ils ne dureront pas et sont la preuve que vous \u00eates en vie. Enfin, nous vous conseillons de faire une irrigation colique une dizaine de jours avant le d\u00e9but du je\u00fbne ou une purge (sulfate de magn\u00e9sium) \u00e0 la maison ou \u00e0 votre arriv\u00e9e au centre. Si cette sensation persiste, un lavement peut \u00e9galement \u00eatre effectu\u00e9 pendant votre s\u00e9jour.<\/span><\/p>\n<p>[\/et_pb_text][\/et_pb_column][\/et_pb_row][\/et_pb_section]<\/p>\n","protected":false},"excerpt":{"rendered":"<p>J&rsquo;AI PEUR D&rsquo;AVOIR FAIM MOI QUI NE SAUTE JAMAIS UN REPAS !La faim est la plus grande crainte des je\u00fbneurs ! Rassurez-vous, ce n&rsquo;est pas le cas. Au contraire, l&rsquo;une des grandes surprises du je\u00fbne est l&rsquo;absence de faim. Tout d&rsquo;abord, il faut identifier s&rsquo;il s&rsquo;agit d&rsquo;une faim psychologique ou physiologique. On croit avoir faim [&hellip;]<\/p>\n","protected":false},"author":1,"featured_media":0,"parent":0,"menu_order":0,"comment_status":"closed","ping_status":"closed","template":"","meta":{"_acf_changed":false,"_et_pb_use_builder":"on","_et_pb_old_content":"","_et_gb_content_width":"","footnotes":""},"class_list":["post-60","page","type-page","status-publish","hentry"],"acf":[],"yoast_head":"<!-- This site is optimized with the Yoast SEO plugin v27.3 - https:\/\/yoast.com\/product\/yoast-seo-wordpress\/ -->\n<title>J&#039;ai peur d&#039;avoir faim, moi qui ne saute jamais un repas ! - Jeuner chez Go Wild je\u00fbne-bien-\u00eatre-en-france<\/title>\n<meta name=\"description\" content=\"D\u00e9couvrez toutes les r\u00e9ponses \u00e0 vos questions sur le je\u00fbne. Obtenez des conseils d&#039;experts et des r\u00e9ponses pour vous guider.\" \/>\n<meta name=\"robots\" content=\"index, follow, max-snippet:-1, max-image-preview:large, max-video-preview:-1\" \/>\n<link rel=\"canonical\" href=\"https:\/\/jeunerchezgowild.com\/en\/jai-peur-davoir-faim-moi-qui-ne-saute-jamais-un-repas\/\" \/>\n<meta property=\"og:locale\" content=\"en_GB\" \/>\n<meta property=\"og:type\" content=\"article\" \/>\n<meta property=\"og:title\" content=\"J&#039;ai peur d&#039;avoir faim, moi qui ne saute jamais un repas ! - Jeuner chez Go Wild je\u00fbne-bien-\u00eatre-en-france\" \/>\n<meta property=\"og:description\" content=\"D\u00e9couvrez toutes les r\u00e9ponses \u00e0 vos questions sur le je\u00fbne. Obtenez des conseils d&#039;experts et des r\u00e9ponses pour vous guider.\" \/>\n<meta property=\"og:url\" content=\"https:\/\/jeunerchezgowild.com\/en\/jai-peur-davoir-faim-moi-qui-ne-saute-jamais-un-repas\/\" \/>\n<meta property=\"og:site_name\" content=\"Jeuner chez Go Wild\" \/>\n<meta property=\"article:publisher\" content=\"https:\/\/www.facebook.com\/profile.php?id=100094062925348\" \/>\n<meta property=\"article:modified_time\" content=\"2025-04-17T11:37:36+00:00\" \/>\n<meta property=\"og:image\" content=\"https:\/\/jeunerchezgowild.com\/wp-content\/uploads\/2023\/06\/Sans-titre-2.png\" \/>\n\t<meta property=\"og:image:width\" content=\"423\" \/>\n\t<meta property=\"og:image:height\" content=\"254\" \/>\n\t<meta property=\"og:image:type\" content=\"image\/png\" \/>\n<meta name=\"twitter:card\" content=\"summary_large_image\" \/>\n<meta name=\"twitter:label1\" content=\"Estimated reading time\" \/>\n\t<meta name=\"twitter:data1\" content=\"7 minutes\" \/>\n<script type=\"application\/ld+json\" class=\"yoast-schema-graph\">{\"@context\":\"https:\\\/\\\/schema.org\",\"@graph\":[{\"@type\":\"WebPage\",\"@id\":\"https:\\\/\\\/jeunerchezgowild.com\\\/jai-peur-davoir-faim-moi-qui-ne-saute-jamais-un-repas\\\/\",\"url\":\"https:\\\/\\\/jeunerchezgowild.com\\\/jai-peur-davoir-faim-moi-qui-ne-saute-jamais-un-repas\\\/\",\"name\":\"J'ai peur d'avoir faim, moi qui ne saute jamais un repas ! - Jeuner chez Go Wild je\u00fbne-bien-\u00eatre-en-france\",\"isPartOf\":{\"@id\":\"https:\\\/\\\/jeunerchezgowild.com\\\/#website\"},\"datePublished\":\"2023-06-14T16:08:01+00:00\",\"dateModified\":\"2025-04-17T11:37:36+00:00\",\"description\":\"D\u00e9couvrez toutes les r\u00e9ponses \u00e0 vos questions sur le je\u00fbne. Obtenez des conseils d'experts et des r\u00e9ponses pour vous guider.\",\"breadcrumb\":{\"@id\":\"https:\\\/\\\/jeunerchezgowild.com\\\/jai-peur-davoir-faim-moi-qui-ne-saute-jamais-un-repas\\\/#breadcrumb\"},\"inLanguage\":\"en-GB\",\"potentialAction\":[{\"@type\":\"ReadAction\",\"target\":[\"https:\\\/\\\/jeunerchezgowild.com\\\/jai-peur-davoir-faim-moi-qui-ne-saute-jamais-un-repas\\\/\"]}]},{\"@type\":\"BreadcrumbList\",\"@id\":\"https:\\\/\\\/jeunerchezgowild.com\\\/jai-peur-davoir-faim-moi-qui-ne-saute-jamais-un-repas\\\/#breadcrumb\",\"itemListElement\":[{\"@type\":\"ListItem\",\"position\":1,\"name\":\"Accueil\",\"item\":\"https:\\\/\\\/jeunerchezgowild.com\\\/\"},{\"@type\":\"ListItem\",\"position\":2,\"name\":\"J&rsquo;ai peur d&rsquo;avoir faim, moi qui ne saute jamais un repas !\"}]},{\"@type\":\"WebSite\",\"@id\":\"https:\\\/\\\/jeunerchezgowild.com\\\/#website\",\"url\":\"https:\\\/\\\/jeunerchezgowild.com\\\/\",\"name\":\"Jeuner chez Go Wild\",\"description\":\"Et si vous preniez soin de vous ?\",\"publisher\":{\"@id\":\"https:\\\/\\\/jeunerchezgowild.com\\\/#organization\"},\"potentialAction\":[{\"@type\":\"SearchAction\",\"target\":{\"@type\":\"EntryPoint\",\"urlTemplate\":\"https:\\\/\\\/jeunerchezgowild.com\\\/?s={search_term_string}\"},\"query-input\":{\"@type\":\"PropertyValueSpecification\",\"valueRequired\":true,\"valueName\":\"search_term_string\"}}],\"inLanguage\":\"en-GB\"},{\"@type\":\"Organization\",\"@id\":\"https:\\\/\\\/jeunerchezgowild.com\\\/#organization\",\"name\":\"Je\u00fbner chez Go Wild\",\"url\":\"https:\\\/\\\/jeunerchezgowild.com\\\/\",\"logo\":{\"@type\":\"ImageObject\",\"inLanguage\":\"en-GB\",\"@id\":\"https:\\\/\\\/jeunerchezgowild.com\\\/#\\\/schema\\\/logo\\\/image\\\/\",\"url\":\"https:\\\/\\\/jeunerchezgowild.com\\\/wp-content\\\/uploads\\\/2023\\\/06\\\/Sans-titre-2.png\",\"contentUrl\":\"https:\\\/\\\/jeunerchezgowild.com\\\/wp-content\\\/uploads\\\/2023\\\/06\\\/Sans-titre-2.png\",\"width\":423,\"height\":254,\"caption\":\"Je\u00fbner chez Go Wild\"},\"image\":{\"@id\":\"https:\\\/\\\/jeunerchezgowild.com\\\/#\\\/schema\\\/logo\\\/image\\\/\"},\"sameAs\":[\"https:\\\/\\\/www.facebook.com\\\/profile.php?id=100094062925348\",\"https:\\\/\\\/www.instagram.com\\\/jeunerchezgowild\\\/\"]}]}<\/script>\n<!-- \/ Yoast SEO plugin. -->","yoast_head_json":{"title":"J'ai peur d'avoir faim, moi qui ne saute jamais un repas ! - Jeuner chez Go Wild je\u00fbne-bien-\u00eatre-en-france","description":"D\u00e9couvrez toutes les r\u00e9ponses \u00e0 vos questions sur le je\u00fbne. Obtenez des conseils d'experts et des r\u00e9ponses pour vous guider.","robots":{"index":"index","follow":"follow","max-snippet":"max-snippet:-1","max-image-preview":"max-image-preview:large","max-video-preview":"max-video-preview:-1"},"canonical":"https:\/\/jeunerchezgowild.com\/en\/jai-peur-davoir-faim-moi-qui-ne-saute-jamais-un-repas\/","og_locale":"en_GB","og_type":"article","og_title":"J'ai peur d'avoir faim, moi qui ne saute jamais un repas ! - Jeuner chez Go Wild je\u00fbne-bien-\u00eatre-en-france","og_description":"D\u00e9couvrez toutes les r\u00e9ponses \u00e0 vos questions sur le je\u00fbne. Obtenez des conseils d'experts et des r\u00e9ponses pour vous guider.","og_url":"https:\/\/jeunerchezgowild.com\/en\/jai-peur-davoir-faim-moi-qui-ne-saute-jamais-un-repas\/","og_site_name":"Jeuner chez Go Wild","article_publisher":"https:\/\/www.facebook.com\/profile.php?id=100094062925348","article_modified_time":"2025-04-17T11:37:36+00:00","og_image":[{"width":423,"height":254,"url":"https:\/\/jeunerchezgowild.com\/wp-content\/uploads\/2023\/06\/Sans-titre-2.png","type":"image\/png"}],"twitter_card":"summary_large_image","twitter_misc":{"Estimated reading time":"7 minutes"},"schema":{"@context":"https:\/\/schema.org","@graph":[{"@type":"WebPage","@id":"https:\/\/jeunerchezgowild.com\/jai-peur-davoir-faim-moi-qui-ne-saute-jamais-un-repas\/","url":"https:\/\/jeunerchezgowild.com\/jai-peur-davoir-faim-moi-qui-ne-saute-jamais-un-repas\/","name":"J'ai peur d'avoir faim, moi qui ne saute jamais un repas ! - Jeuner chez Go Wild je\u00fbne-bien-\u00eatre-en-france","isPartOf":{"@id":"https:\/\/jeunerchezgowild.com\/#website"},"datePublished":"2023-06-14T16:08:01+00:00","dateModified":"2025-04-17T11:37:36+00:00","description":"D\u00e9couvrez toutes les r\u00e9ponses \u00e0 vos questions sur le je\u00fbne. Obtenez des conseils d'experts et des r\u00e9ponses pour vous guider.","breadcrumb":{"@id":"https:\/\/jeunerchezgowild.com\/jai-peur-davoir-faim-moi-qui-ne-saute-jamais-un-repas\/#breadcrumb"},"inLanguage":"en-GB","potentialAction":[{"@type":"ReadAction","target":["https:\/\/jeunerchezgowild.com\/jai-peur-davoir-faim-moi-qui-ne-saute-jamais-un-repas\/"]}]},{"@type":"BreadcrumbList","@id":"https:\/\/jeunerchezgowild.com\/jai-peur-davoir-faim-moi-qui-ne-saute-jamais-un-repas\/#breadcrumb","itemListElement":[{"@type":"ListItem","position":1,"name":"Accueil","item":"https:\/\/jeunerchezgowild.com\/"},{"@type":"ListItem","position":2,"name":"J&rsquo;ai peur d&rsquo;avoir faim, moi qui ne saute jamais un repas !"}]},{"@type":"WebSite","@id":"https:\/\/jeunerchezgowild.com\/#website","url":"https:\/\/jeunerchezgowild.com\/","name":"Jeuner chez Go Wild","description":"How about taking care of yourself?","publisher":{"@id":"https:\/\/jeunerchezgowild.com\/#organization"},"potentialAction":[{"@type":"SearchAction","target":{"@type":"EntryPoint","urlTemplate":"https:\/\/jeunerchezgowild.com\/?s={search_term_string}"},"query-input":{"@type":"PropertyValueSpecification","valueRequired":true,"valueName":"search_term_string"}}],"inLanguage":"en-GB"},{"@type":"Organization","@id":"https:\/\/jeunerchezgowild.com\/#organization","name":"Je\u00fbner chez Go Wild","url":"https:\/\/jeunerchezgowild.com\/","logo":{"@type":"ImageObject","inLanguage":"en-GB","@id":"https:\/\/jeunerchezgowild.com\/#\/schema\/logo\/image\/","url":"https:\/\/jeunerchezgowild.com\/wp-content\/uploads\/2023\/06\/Sans-titre-2.png","contentUrl":"https:\/\/jeunerchezgowild.com\/wp-content\/uploads\/2023\/06\/Sans-titre-2.png","width":423,"height":254,"caption":"Je\u00fbner chez Go Wild"},"image":{"@id":"https:\/\/jeunerchezgowild.com\/#\/schema\/logo\/image\/"},"sameAs":["https:\/\/www.facebook.com\/profile.php?id=100094062925348","https:\/\/www.instagram.com\/jeunerchezgowild\/"]}]}},"_links":{"self":[{"href":"https:\/\/jeunerchezgowild.com\/en\/wp-json\/wp\/v2\/pages\/60","targetHints":{"allow":["GET"]}}],"collection":[{"href":"https:\/\/jeunerchezgowild.com\/en\/wp-json\/wp\/v2\/pages"}],"about":[{"href":"https:\/\/jeunerchezgowild.com\/en\/wp-json\/wp\/v2\/types\/page"}],"author":[{"embeddable":true,"href":"https:\/\/jeunerchezgowild.com\/en\/wp-json\/wp\/v2\/users\/1"}],"replies":[{"embeddable":true,"href":"https:\/\/jeunerchezgowild.com\/en\/wp-json\/wp\/v2\/comments?post=60"}],"version-history":[{"count":2,"href":"https:\/\/jeunerchezgowild.com\/en\/wp-json\/wp\/v2\/pages\/60\/revisions"}],"predecessor-version":[{"id":4141,"href":"https:\/\/jeunerchezgowild.com\/en\/wp-json\/wp\/v2\/pages\/60\/revisions\/4141"}],"wp:attachment":[{"href":"https:\/\/jeunerchezgowild.com\/en\/wp-json\/wp\/v2\/media?parent=60"}],"curies":[{"name":"wp","href":"https:\/\/api.w.org\/{rel}","templated":true}]}}