{"id":3087,"date":"2023-11-20T13:48:33","date_gmt":"2023-11-20T12:48:33","guid":{"rendered":"https:\/\/jeunerchezgowild.com\/?page_id=3087"},"modified":"2025-04-18T16:38:58","modified_gmt":"2025-04-18T14:38:58","slug":"blog-2","status":"publish","type":"page","link":"https:\/\/jeunerchezgowild.com\/en\/blog-2\/","title":{"rendered":"Blog"},"content":{"rendered":"<p>[et_pb_section fb_built=\u00a0\u00bb1&Prime; admin_label=\u00a0\u00bbBlog\u00a0\u00bb _builder_version=\u00a0\u00bb4.19.1&Prime; _module_preset=\u00a0\u00bbdefault\u00a0\u00bb custom_padding=\u00a0\u00bb1px|||||\u00a0\u00bb collapsed=\u00a0\u00bbon\u00a0\u00bb global_colors_info=\u00a0\u00bb{}\u00a0\u00bb][et_pb_row _builder_version=\u00a0\u00bb4.19.1&Prime; _module_preset=\u00a0\u00bbdefault\u00a0\u00bb max_width=\u00a0\u00bb700px\u00a0\u00bb global_colors_info=\u00a0\u00bb{}\u00a0\u00bb][et_pb_column type=\u00a0\u00bb4_4&Prime; _builder_version=\u00a0\u00bb4.19.1&Prime; _module_preset=\u00a0\u00bbdefault\u00a0\u00bb global_colors_info=\u00a0\u00bb{}\u00a0\u00bb][et_pb_text _builder_version=\u00a0\u00bb4.23.1&Prime; _module_preset=\u00a0\u00bbdefault\u00a0\u00bb text_text_color=\u00a0\u00bb#AC7247&Prime; header_font=\u00a0\u00bbJosefin Sans|||on|||||\u00a0\u00bb header_text_align=\u00a0\u00bbcenter\u00a0\u00bb header_text_color=\u00a0\u00bb#AC7247&Prime; header_font_size=\u00a0\u00bb50px\u00a0\u00bb header_letter_spacing=\u00a0\u00bb25px\u00a0\u00bb hover_enabled=\u00a0\u00bb0&Prime; header_font_tablet=\u00a0\u00bbJosefin Sans|||on|||||\u00a0\u00bb header_font_phone=\u00a0\u00bbJosefin Sans|700||on|||||\u00a0\u00bb header_font_last_edited=\u00a0\u00bbon|phone\u00a0\u00bb header_font_size_tablet=\u00a0\u00bb50px\u00a0\u00bb header_font_size_phone=\u00a0\u00bb20px\u00a0\u00bb header_font_size_last_edited=\u00a0\u00bbon|phone\u00a0\u00bb header_line_height_tablet=\u00a0\u00bb\u00a0\u00bb header_line_height_phone=\u00a0\u00bb1.5em\u00a0\u00bb header_line_height_last_edited=\u00a0\u00bbon|phone\u00a0\u00bb locked=\u00a0\u00bboff\u00a0\u00bb global_colors_info=\u00a0\u00bb{}\u00a0\u00bb sticky_enabled=\u00a0\u00bb0&Prime;]<\/p>\n<h1>Les actus<\/h1>\n<p>[\/et_pb_text][et_pb_text _builder_version=\u00a0\u00bb4.21.0&Prime; _module_preset=\u00a0\u00bb541e604b-7b90-4a8f-a516-9ee3ed5f88c2&Prime; text_font=\u00a0\u00bbJosefin Sans||||||||\u00a0\u00bb text_text_color=\u00a0\u00bb#000000&Prime; text_orientation=\u00a0\u00bbcenter\u00a0\u00bb global_colors_info=\u00a0\u00bb{}\u00a0\u00bb]<\/p>\n<p><span>Bienvenue sur notre page actualit\u00e9s, votre source d&rsquo;inspiration et de conseils d\u00e9di\u00e9e \u00e0 un mode de vie sain et \u00e9quilibr\u00e9.<\/span><\/p>\n<p>[\/et_pb_text][\/et_pb_column][\/et_pb_row][et_pb_row _builder_version=\u00a0\u00bb4.21.0&Prime; _module_preset=\u00a0\u00bbdefault\u00a0\u00bb width=\u00a0\u00bb100%\u00a0\u00bb hover_enabled=\u00a0\u00bb0&Prime; global_colors_info=\u00a0\u00bb{}\u00a0\u00bb sticky_enabled=\u00a0\u00bb0&Prime;][et_pb_column type=\u00a0\u00bb4_4&Prime; _builder_version=\u00a0\u00bb4.19.1&Prime; _module_preset=\u00a0\u00bbdefault\u00a0\u00bb global_colors_info=\u00a0\u00bb{}\u00a0\u00bb][et_pb_blog fullwidth=\u00a0\u00bboff\u00a0\u00bb posts_number=\u00a0\u00bb9&Prime; include_categories=\u00a0\u00bb2&Prime; show_more=\u00a0\u00bbon\u00a0\u00bb show_author=\u00a0\u00bboff\u00a0\u00bb show_date=\u00a0\u00bboff\u00a0\u00bb show_categories=\u00a0\u00bboff\u00a0\u00bb masonry_tile_background_color=\u00a0\u00bb#F4EDDE\u00a0\u00bb _builder_version=\u00a0\u00bb4.23.1&Prime; _module_preset=\u00a0\u00bbbc5bb6f1-e2cb-4d9e-b831-78f8448df88d\u00a0\u00bb header_font=\u00a0\u00bbJosefin Sans|600|||||||\u00a0\u00bb header_font_size=\u00a0\u00bb20px\u00a0\u00bb header_line_height=\u00a0\u00bb1.2em\u00a0\u00bb body_font=\u00a0\u00bbJosefin Sans||||||||\u00a0\u00bb meta_font=\u00a0\u00bbJosefin Sans|600|||||||\u00a0\u00bb read_more_font=\u00a0\u00bbJosefin Sans|600||on|||||\u00a0\u00bb read_more_text_color=\u00a0\u00bb#663C20&Prime; pagination_font=\u00a0\u00bbJosefin Sans|300|||||||\u00a0\u00bb pagination_text_color=\u00a0\u00bb#000000&Prime; link_option_url_new_window=\u00a0\u00bbon\u00a0\u00bb hover_enabled=\u00a0\u00bb0&Prime; header_font_size_tablet=\u00a0\u00bb16px\u00a0\u00bb header_font_size_phone=\u00a0\u00bb15px\u00a0\u00bb header_font_size_last_edited=\u00a0\u00bbon|desktop\u00a0\u00bb border_radii=\u00a0\u00bbon|30px|30px|30px|30px\u00a0\u00bb border_width_all=\u00a0\u00bb0px\u00a0\u00bb border_color_all=\u00a0\u00bbrgba(0,0,0,0.12)\u00a0\u00bb locked=\u00a0\u00bboff\u00a0\u00bb global_colors_info=\u00a0\u00bb{%22gcid-cb91e05a-a65b-4604-a848-3eebeb47b543%22:%91%22meta_text_color%22%93}\u00a0\u00bb header_text_align=\u00a0\u00bbcenter\u00a0\u00bb header_text_color=\u00a0\u00bb#000000&Prime; sticky_enabled=\u00a0\u00bb0&Prime;][\/et_pb_blog][\/et_pb_column][\/et_pb_row][\/et_pb_section]<\/p>\n","protected":false},"excerpt":{"rendered":"<p>Les actusBienvenue sur notre page actualit\u00e9s, votre source d&rsquo;inspiration et de conseils d\u00e9di\u00e9e \u00e0 un mode de vie sain et \u00e9quilibr\u00e9.<\/p>","protected":false},"author":1,"featured_media":0,"parent":0,"menu_order":0,"comment_status":"closed","ping_status":"closed","template":"","meta":{"_acf_changed":false,"_et_pb_use_builder":"on","_et_pb_old_content":"","_et_gb_content_width":"","footnotes":""},"class_list":["post-3087","page","type-page","status-publish","hentry"],"acf":[],"yoast_head":"<!-- This site is optimized with the Yoast SEO plugin v27.4 - https:\/\/yoast.com\/product\/yoast-seo-wordpress\/ -->\n<title>Blog - Jeuner chez Go Wild je\u00fbne-bien-\u00eatre-en-france<\/title>\n<meta name=\"description\" content=\"Profitez d&#039;un je\u00fbne exceptionnel en France en Indre et Loire, en Dordogne et en Charente-Maritime.\" \/>\n<meta name=\"robots\" content=\"index, follow, max-snippet:-1, max-image-preview:large, max-video-preview:-1\" \/>\n<link rel=\"canonical\" href=\"https:\/\/jeunerchezgowild.com\/en\/blog-2\/\" \/>\n<meta property=\"og:locale\" content=\"en_GB\" \/>\n<meta property=\"og:type\" content=\"article\" \/>\n<meta property=\"og:title\" content=\"Blog - Jeuner chez Go Wild je\u00fbne-bien-\u00eatre-en-france\" \/>\n<meta property=\"og:description\" content=\"Profitez d&#039;un je\u00fbne exceptionnel en France en Indre et Loire, en Dordogne et en Charente-Maritime.\" \/>\n<meta property=\"og:url\" content=\"https:\/\/jeunerchezgowild.com\/en\/blog-2\/\" \/>\n<meta property=\"og:site_name\" content=\"Jeuner chez Go Wild\" \/>\n<meta property=\"article:publisher\" content=\"https:\/\/www.facebook.com\/profile.php?id=100094062925348\" \/>\n<meta property=\"article:modified_time\" content=\"2025-04-18T14:38:58+00:00\" \/>\n<meta property=\"og:image\" content=\"https:\/\/jeunerchezgowild.com\/wp-content\/uploads\/2023\/06\/Sans-titre-2.png\" \/>\n\t<meta property=\"og:image:width\" content=\"423\" \/>\n\t<meta property=\"og:image:height\" content=\"254\" \/>\n\t<meta property=\"og:image:type\" content=\"image\/png\" \/>\n<meta name=\"twitter:card\" content=\"summary_large_image\" \/>\n<meta name=\"twitter:label1\" content=\"Estimated reading time\" \/>\n\t<meta name=\"twitter:data1\" content=\"1 minute\" \/>\n<script type=\"application\/ld+json\" class=\"yoast-schema-graph\">{\"@context\":\"https:\\\/\\\/schema.org\",\"@graph\":[{\"@type\":\"WebPage\",\"@id\":\"https:\\\/\\\/jeunerchezgowild.com\\\/blog-2\\\/\",\"url\":\"https:\\\/\\\/jeunerchezgowild.com\\\/blog-2\\\/\",\"name\":\"Blog - Jeuner chez Go Wild je\u00fbne-bien-\u00eatre-en-france\",\"isPartOf\":{\"@id\":\"https:\\\/\\\/jeunerchezgowild.com\\\/#website\"},\"datePublished\":\"2023-11-20T12:48:33+00:00\",\"dateModified\":\"2025-04-18T14:38:58+00:00\",\"description\":\"Profitez d'un je\u00fbne exceptionnel en France en Indre et Loire, en Dordogne et en Charente-Maritime.\",\"breadcrumb\":{\"@id\":\"https:\\\/\\\/jeunerchezgowild.com\\\/blog-2\\\/#breadcrumb\"},\"inLanguage\":\"en-GB\",\"potentialAction\":[{\"@type\":\"ReadAction\",\"target\":[\"https:\\\/\\\/jeunerchezgowild.com\\\/blog-2\\\/\"]}]},{\"@type\":\"BreadcrumbList\",\"@id\":\"https:\\\/\\\/jeunerchezgowild.com\\\/blog-2\\\/#breadcrumb\",\"itemListElement\":[{\"@type\":\"ListItem\",\"position\":1,\"name\":\"Accueil\",\"item\":\"https:\\\/\\\/jeunerchezgowild.com\\\/\"},{\"@type\":\"ListItem\",\"position\":2,\"name\":\"Blog\"}]},{\"@type\":\"WebSite\",\"@id\":\"https:\\\/\\\/jeunerchezgowild.com\\\/#website\",\"url\":\"https:\\\/\\\/jeunerchezgowild.com\\\/\",\"name\":\"Jeuner chez Go Wild\",\"description\":\"Et si vous preniez soin de vous ?\",\"publisher\":{\"@id\":\"https:\\\/\\\/jeunerchezgowild.com\\\/#organization\"},\"potentialAction\":[{\"@type\":\"SearchAction\",\"target\":{\"@type\":\"EntryPoint\",\"urlTemplate\":\"https:\\\/\\\/jeunerchezgowild.com\\\/?s={search_term_string}\"},\"query-input\":{\"@type\":\"PropertyValueSpecification\",\"valueRequired\":true,\"valueName\":\"search_term_string\"}}],\"inLanguage\":\"en-GB\"},{\"@type\":\"Organization\",\"@id\":\"https:\\\/\\\/jeunerchezgowild.com\\\/#organization\",\"name\":\"Je\u00fbner chez Go Wild\",\"url\":\"https:\\\/\\\/jeunerchezgowild.com\\\/\",\"logo\":{\"@type\":\"ImageObject\",\"inLanguage\":\"en-GB\",\"@id\":\"https:\\\/\\\/jeunerchezgowild.com\\\/#\\\/schema\\\/logo\\\/image\\\/\",\"url\":\"https:\\\/\\\/jeunerchezgowild.com\\\/wp-content\\\/uploads\\\/2023\\\/06\\\/Sans-titre-2.png\",\"contentUrl\":\"https:\\\/\\\/jeunerchezgowild.com\\\/wp-content\\\/uploads\\\/2023\\\/06\\\/Sans-titre-2.png\",\"width\":423,\"height\":254,\"caption\":\"Je\u00fbner chez Go Wild\"},\"image\":{\"@id\":\"https:\\\/\\\/jeunerchezgowild.com\\\/#\\\/schema\\\/logo\\\/image\\\/\"},\"sameAs\":[\"https:\\\/\\\/www.facebook.com\\\/profile.php?id=100094062925348\",\"https:\\\/\\\/www.instagram.com\\\/jeunerchezgowild\\\/\"]}]}<\/script>\n<!-- \/ Yoast SEO plugin. -->","yoast_head_json":{"title":"Blog - Jeuner chez Go Wild je\u00fbne-bien-\u00eatre-en-france","description":"Profitez d'un je\u00fbne exceptionnel en France en Indre et Loire, en Dordogne et en Charente-Maritime.","robots":{"index":"index","follow":"follow","max-snippet":"max-snippet:-1","max-image-preview":"max-image-preview:large","max-video-preview":"max-video-preview:-1"},"canonical":"https:\/\/jeunerchezgowild.com\/en\/blog-2\/","og_locale":"en_GB","og_type":"article","og_title":"Blog - Jeuner chez Go Wild je\u00fbne-bien-\u00eatre-en-france","og_description":"Profitez d'un je\u00fbne exceptionnel en France en Indre et Loire, en Dordogne et en Charente-Maritime.","og_url":"https:\/\/jeunerchezgowild.com\/en\/blog-2\/","og_site_name":"Jeuner chez Go Wild","article_publisher":"https:\/\/www.facebook.com\/profile.php?id=100094062925348","article_modified_time":"2025-04-18T14:38:58+00:00","og_image":[{"width":423,"height":254,"url":"https:\/\/jeunerchezgowild.com\/wp-content\/uploads\/2023\/06\/Sans-titre-2.png","type":"image\/png"}],"twitter_card":"summary_large_image","twitter_misc":{"Estimated reading time":"1 minute"},"schema":{"@context":"https:\/\/schema.org","@graph":[{"@type":"WebPage","@id":"https:\/\/jeunerchezgowild.com\/blog-2\/","url":"https:\/\/jeunerchezgowild.com\/blog-2\/","name":"Blog - Jeuner chez Go Wild je\u00fbne-bien-\u00eatre-en-france","isPartOf":{"@id":"https:\/\/jeunerchezgowild.com\/#website"},"datePublished":"2023-11-20T12:48:33+00:00","dateModified":"2025-04-18T14:38:58+00:00","description":"Profitez d'un je\u00fbne exceptionnel en France en Indre et Loire, en Dordogne et en Charente-Maritime.","breadcrumb":{"@id":"https:\/\/jeunerchezgowild.com\/blog-2\/#breadcrumb"},"inLanguage":"en-GB","potentialAction":[{"@type":"ReadAction","target":["https:\/\/jeunerchezgowild.com\/blog-2\/"]}]},{"@type":"BreadcrumbList","@id":"https:\/\/jeunerchezgowild.com\/blog-2\/#breadcrumb","itemListElement":[{"@type":"ListItem","position":1,"name":"Accueil","item":"https:\/\/jeunerchezgowild.com\/"},{"@type":"ListItem","position":2,"name":"Blog"}]},{"@type":"WebSite","@id":"https:\/\/jeunerchezgowild.com\/#website","url":"https:\/\/jeunerchezgowild.com\/","name":"Jeuner chez Go Wild","description":"How about taking care of yourself?","publisher":{"@id":"https:\/\/jeunerchezgowild.com\/#organization"},"potentialAction":[{"@type":"SearchAction","target":{"@type":"EntryPoint","urlTemplate":"https:\/\/jeunerchezgowild.com\/?s={search_term_string}"},"query-input":{"@type":"PropertyValueSpecification","valueRequired":true,"valueName":"search_term_string"}}],"inLanguage":"en-GB"},{"@type":"Organization","@id":"https:\/\/jeunerchezgowild.com\/#organization","name":"Je\u00fbner chez Go Wild","url":"https:\/\/jeunerchezgowild.com\/","logo":{"@type":"ImageObject","inLanguage":"en-GB","@id":"https:\/\/jeunerchezgowild.com\/#\/schema\/logo\/image\/","url":"https:\/\/jeunerchezgowild.com\/wp-content\/uploads\/2023\/06\/Sans-titre-2.png","contentUrl":"https:\/\/jeunerchezgowild.com\/wp-content\/uploads\/2023\/06\/Sans-titre-2.png","width":423,"height":254,"caption":"Je\u00fbner chez Go Wild"},"image":{"@id":"https:\/\/jeunerchezgowild.com\/#\/schema\/logo\/image\/"},"sameAs":["https:\/\/www.facebook.com\/profile.php?id=100094062925348","https:\/\/www.instagram.com\/jeunerchezgowild\/"]}]}},"_links":{"self":[{"href":"https:\/\/jeunerchezgowild.com\/en\/wp-json\/wp\/v2\/pages\/3087","targetHints":{"allow":["GET"]}}],"collection":[{"href":"https:\/\/jeunerchezgowild.com\/en\/wp-json\/wp\/v2\/pages"}],"about":[{"href":"https:\/\/jeunerchezgowild.com\/en\/wp-json\/wp\/v2\/types\/page"}],"author":[{"embeddable":true,"href":"https:\/\/jeunerchezgowild.com\/en\/wp-json\/wp\/v2\/users\/1"}],"replies":[{"embeddable":true,"href":"https:\/\/jeunerchezgowild.com\/en\/wp-json\/wp\/v2\/comments?post=3087"}],"version-history":[{"count":13,"href":"https:\/\/jeunerchezgowild.com\/en\/wp-json\/wp\/v2\/pages\/3087\/revisions"}],"predecessor-version":[{"id":4383,"href":"https:\/\/jeunerchezgowild.com\/en\/wp-json\/wp\/v2\/pages\/3087\/revisions\/4383"}],"wp:attachment":[{"href":"https:\/\/jeunerchezgowild.com\/en\/wp-json\/wp\/v2\/media?parent=3087"}],"curies":[{"name":"wp","href":"https:\/\/api.w.org\/{rel}","templated":true}]}}