{"id":1296,"date":"2023-06-27T12:25:05","date_gmt":"2023-06-27T10:25:05","guid":{"rendered":"https:\/\/jeunerchezgowild.com\/?page_id=1296"},"modified":"2023-12-12T13:45:09","modified_gmt":"2023-12-12T12:45:09","slug":"credits","status":"publish","type":"page","link":"https:\/\/jeunerchezgowild.com\/en\/credits\/","title":{"rendered":"Cr\u00e9dits"},"content":{"rendered":"<p>[et_pb_section fb_built=\u00a0\u00bb1&Prime; _builder_version=\u00a0\u00bb4.21.0&Prime; _module_preset=\u00a0\u00bbdefault\u00a0\u00bb global_colors_info=\u00a0\u00bb{}\u00a0\u00bb][et_pb_row _builder_version=\u00a0\u00bb4.21.0&Prime; _module_preset=\u00a0\u00bbdefault\u00a0\u00bb global_colors_info=\u00a0\u00bb{}\u00a0\u00bb][et_pb_column type=\u00a0\u00bb4_4&Prime; _builder_version=\u00a0\u00bb4.21.0&Prime; _module_preset=\u00a0\u00bbdefault\u00a0\u00bb global_colors_info=\u00a0\u00bb{}\u00a0\u00bb][et_pb_text _builder_version=\u00a0\u00bb4.21.0&Prime; _module_preset=\u00a0\u00bbdefault\u00a0\u00bb text_font=\u00a0\u00bbJosefin Sans|600|||||||\u00a0\u00bb text_text_color=\u00a0\u00bb#000000&Prime; text_font_size=\u00a0\u00bb73px\u00a0\u00bb global_colors_info=\u00a0\u00bb{}\u00a0\u00bb]<\/p>\n<p style=\"text-align: center;\">CR\u00c9DITS<\/p>\n<p>[\/et_pb_text][et_pb_text _builder_version=\u00a0\u00bb4.21.0&Prime; _module_preset=\u00a0\u00bbdefault\u00a0\u00bb custom_padding=\u00a0\u00bb131px|||||\u00a0\u00bb hover_enabled=\u00a0\u00bb0&Prime; global_colors_info=\u00a0\u00bb{}\u00a0\u00bb sticky_enabled=\u00a0\u00bb0&Prime;]<\/p>\n<p style=\"text-align: center;\"><a href=\"https:\/\/www.flaticon.com\/free-icons\/choice\" title=\"choice icons\">Choice icons created by Freepik &#8211; Flaticon<\/a><\/p>\n<p style=\"text-align: center;\"><a href=\"https:\/\/www.flaticon.com\/free-icons\/people\" title=\"people icons\">People icons created by Vitaly Gorbachev &#8211; Flaticon<\/a><\/p>\n<p style=\"text-align: center;\"><a href=\"https:\/\/www.flaticon.com\/free-icons\/dinner\" title=\"dinner icons\">Dinner icons created by Freepik &#8211; Flaticon<\/a><\/p>\n<p style=\"text-align: center;\"><a href=\"https:\/\/www.flaticon.com\/free-icons\/arm\" title=\"arm icons\">Arm icons created by Those Icons &#8211; Flaticon<\/a><\/p>\n<p style=\"text-align: center;\"><a href=\"https:\/\/www.flaticon.com\/free-icons\/yoyo\" title=\"yoyo icons\">Yoyo icons created by Smashicons &#8211; Flaticon<\/a><\/p>\n<p style=\"text-align: center;\"><a href=\"https:\/\/www.flaticon.com\/free-icons\/vitamin\" title=\"vitamin icons\">Vitamin icons created by Smashicons &#8211; Flaticon<\/a><\/p>\n<p style=\"text-align: center;\"><a href=\"https:\/\/www.flaticon.com\/free-icons\/bomb\" title=\"bomb icons\">Bomb icons created by Freepik &#8211; Flaticon<\/a><\/p>\n<p style=\"text-align: center;\"><a href=\"https:\/\/www.flaticon.com\/free-icons\/salad\" title=\"salad icons\">Salad icons created by photo3idea_studio &#8211; Flaticon<\/a><\/p>\n<p style=\"text-align: center;\"><a href=\"https:\/\/www.flaticon.com\/free-icons\/oil\" title=\"oil icons\">Oil icons created by Eucalyp &#8211; Flaticon<\/a><\/p>\n<p style=\"text-align: center;\"><a href=\"https:\/\/www.flaticon.com\/free-icons\/credit-card\" title=\"credit card icons\">Credit card icons created by Freepik &#8211; Flaticon<\/a><\/p>\n<p style=\"text-align: center;\"><a href=\"https:\/\/www.flaticon.com\/fr\/icones-gratuites\/jeune\" title=\"je\u00fbne ic\u00f4nes\">Je\u00fbne ic\u00f4nes cr\u00e9\u00e9es par Good Ware &#8211; Flaticon<\/a><\/p>\n<p style=\"text-align: center;\"><a href=\"https:\/\/www.flaticon.com\/fr\/icones-gratuites\/assurance-maladie\" title=\"assurance-maladie ic\u00f4nes\">Assurance-maladie ic\u00f4nes cr\u00e9\u00e9es par Sir.Vector &#8211; Flaticon<\/a><\/p>\n<p style=\"text-align: center;\"><a href=\"https:\/\/www.flaticon.com\/fr\/icones-gratuites\/cholesterol\" title=\"cholest\u00e9rol ic\u00f4nes\">Cholest\u00e9rol ic\u00f4nes cr\u00e9\u00e9es par photo3idea_studio &#8211; Flaticon<\/a><\/p>\n<p style=\"text-align: center;\"><a href=\"https:\/\/www.flaticon.com\/fr\/icones-gratuites\/cancer\" title=\"cancer ic\u00f4nes\">Cancer ic\u00f4nes cr\u00e9\u00e9es par Freepik &#8211; Flaticon<\/a><\/p>\n<p style=\"text-align: center;\"><a href=\"https:\/\/www.flaticon.com\/fr\/icones-gratuites\/calendrier\" title=\"calendrier ic\u00f4nes\">Calendrier ic\u00f4nes cr\u00e9\u00e9es par Freepik &#8211; Flaticon<\/a><\/p>\n<p style=\"text-align: center;\"><a href=\"https:\/\/www.flaticon.com\/fr\/icones-gratuites\/stethoscope\" title=\"st\u00e9thoscope ic\u00f4nes\">St\u00e9thoscope ic\u00f4nes cr\u00e9\u00e9es par Mayor Icons &#8211; Flaticon<\/a><\/p>\n<p style=\"text-align: center;\"><a href=\"https:\/\/www.flaticon.com\/fr\/icones-gratuites\/gym\" title=\"gym ic\u00f4nes\">Gym ic\u00f4nes cr\u00e9\u00e9es par dDara &#8211; Flaticon<\/a><\/p>\n<p style=\"text-align: center;\"><a href=\"https:\/\/www.flaticon.com\/fr\/icones-gratuites\/battement-de-coeur\" title=\"battement de coeur ic\u00f4nes\">Battement de coeur ic\u00f4nes cr\u00e9\u00e9es par Freepik &#8211; Flaticon<\/a><\/p>\n<p style=\"text-align: center;\"><a href=\"https:\/\/www.flaticon.com\/fr\/icones-gratuites\/assiette\" title=\"assiette ic\u00f4nes\">Assiette ic\u00f4nes cr\u00e9\u00e9es par Freepik &#8211; Flaticon<\/a><\/p>\n<p style=\"text-align: center;\"><a href=\"https:\/\/www.flaticon.com\/free-icons\/csr\" title=\"csr icons\">Csr icons created by noomtah &#8211; Flaticon<\/a><\/p>\n<p style=\"text-align: center;\"><a href=\"https:\/\/www.flaticon.com\/free-icons\/english\" title=\"english icons\">English icons created by Freepik &#8211; Flaticon<\/a><\/p>\n<p style=\"text-align: center;\"><a href=\"https:\/\/www.flaticon.com\/free-icons\/experts\" title=\"experts icons\">Experts icons created by Kalashnyk &#8211; Flaticon<\/a><\/p>\n<p style=\"text-align: center;\"><a href=\"https:\/\/www.flaticon.com\/free-icons\/passion\" title=\"passion icons\">Passion icons created by juicy_fish &#8211; Flaticon<\/a><\/p>\n<p style=\"text-align: center;\"><a href=\"https:\/\/www.flaticon.com\/free-icons\/passion\" title=\"passion icons\">Passion icons created by Freepik &#8211; Flaticon<\/a><\/p>\n<p style=\"text-align: center;\"><a href=\"https:\/\/www.flaticon.com\/free-icons\/smile\" title=\"smile icons\">Smile icons created by rukanicon &#8211; Flaticon<\/a><\/p>\n<p style=\"text-align: center;\"><a href=\"https:\/\/www.flaticon.com\/free-icons\/search\" title=\"search icons\">Search icons created by Freepik &#8211; Flaticon<\/a><\/p>\n<p style=\"text-align: center;\"><a href=\"https:\/\/www.flaticon.com\/free-icons\/world\" title=\"world icons\">World icons created by turkkub &#8211; Flaticon<\/a><\/p>\n<p style=\"text-align: center;\"><a href=\"https:\/\/www.flaticon.com\/free-icons\/hug\" title=\"hug icons\">Hug icons created by Victoruler &#8211; Flaticon<\/a><\/p>\n<p style=\"text-align: center;\"><a href=\"https:\/\/www.flaticon.com\/free-icons\/money\" title=\"money icons\">Money icons created by Kiranshastry &#8211; Flaticon<\/a><\/p>\n<p style=\"text-align: center;\"><a href=\"https:\/\/www.flaticon.com\/free-icons\/massage\" title=\"massage icons\">Massage icons created by Freepik &#8211; Flaticon<\/a><\/p>\n<p style=\"text-align: center;\"><a href=\"https:\/\/www.flaticon.com\/free-icons\/spa\" title=\"spa icons\">Spa icons created by Freepik &#8211; Flaticon<\/a><\/p>\n<p style=\"text-align: center;\"><a href=\"https:\/\/www.flaticon.com\/free-icons\/massage\" title=\"massage icons\">Massage icons created by kosonicon &#8211; Flaticon<\/a><\/p>\n<p style=\"text-align: center;\"><a href=\"https:\/\/www.flaticon.com\/free-icons\/spa-and-relax\" title=\"spa and relax icons\">Spa and relax icons created by Nhor Phai &#8211; Flaticon<\/a><\/p>\n<p style=\"text-align: center;\"><a href=\"https:\/\/www.flaticon.com\/free-icons\/massage\" title=\"massage icons\">Massage icons created by Freepik &#8211; Flaticon<\/a><\/p>\n<p style=\"text-align: center;\"><a href=\"https:\/\/www.flaticon.com\/free-icons\/spa\" title=\"spa icons\">Spa icons created by Freepik &#8211; Flaticon<\/a><\/p>\n<p style=\"text-align: center;\"><a href=\"https:\/\/www.flaticon.com\/fr\/icones-gratuites\/emoji\" title=\"emoji ic\u00f4nes\">Emoji ic\u00f4nes cr\u00e9\u00e9es par Freepik &#8211; Flaticon<\/a><\/p>\n<p style=\"text-align: center;\"><a href=\"https:\/\/www.flaticon.com\/fr\/icones-gratuites\/triste\" title=\"triste ic\u00f4nes\">Triste ic\u00f4nes cr\u00e9\u00e9es par Freepik &#8211; Flaticon<\/a><\/p>\n<p style=\"text-align: center;\"><a href=\"https:\/\/www.flaticon.com\/fr\/icones-gratuites\/triste\" title=\"triste ic\u00f4nes\">Triste ic\u00f4nes cr\u00e9\u00e9es par joalfa &#8211; Flaticon<\/a><\/p>\n<p style=\"text-align: center;\"><a href=\"https:\/\/www.flaticon.com\/fr\/icones-gratuites\/fache\" title=\"f\u00e2ch\u00e9 ic\u00f4nes\">F\u00e2ch\u00e9 ic\u00f4nes cr\u00e9\u00e9es par joalfa &#8211; Flaticon<\/a><\/p>\n<p style=\"text-align: center;\"><a href=\"https:\/\/www.flaticon.com\/fr\/icones-gratuites\/rire\" title=\"rire ic\u00f4nes\">Rire ic\u00f4nes cr\u00e9\u00e9es par Mayor Icons &#8211; Flaticon<\/a><\/p>\n<p style=\"text-align: center;\"><a href=\"https:\/\/boutique.arte.tv\/detail\/jeune_nouvelle_therapie\">https:\/\/boutique.arte.tv\/detail\/jeune_nouvelle_therapie<\/a><\/p>\n<p style=\"text-align: center;\"><a href=\"https:\/\/www.6play.fr\/a-la-recherche-de-la-jeunesse-eternelle-p_22688\">https:\/\/www.6play.fr\/a-la-recherche-de-la-jeunesse-eternelle-p_22688<\/a><\/p>\n<p style=\"text-align: center;\">Photo de jenvit keiwalinsarid: <a href=\"https:\/\/www.pexels.com\/fr-fr\/photo\/bol-de-soupe-3559899\/\">https:\/\/www.pexels.com\/fr-fr\/photo\/bol-de-soupe-3559899\/<\/a><\/p>\n<p style=\"text-align: center;\"><a href=\"https:\/\/boutique.arte.tv\/detail\/jeune_nouvelle_therapie\">https:\/\/boutique.arte.tv\/detail\/jeune_nouvelle_therapie<\/a><\/p>\n<p style=\"text-align: center;\"><a href=\"https:\/\/www.6play.fr\/a-la-recherche-de-la-jeunesse-eternelle-p_22688\">https:\/\/www.6play.fr\/a-la-recherche-de-la-jeunesse-eternelle-p_22688<\/a><\/p>\n<p style=\"text-align: center;\"><a href=\"https:\/\/www.eyrolles.com\/Loisirs\/Livre\/le-jeune-une-experience-philosophique-9782746525986\/\">https:\/\/www.eyrolles.com\/Loisirs\/Livre\/le-jeune-une-experience-philosophique-9782746525986\/<\/a><\/p>\n<p style=\"text-align: center;\"><a href=\"https:\/\/www.rtl.fr\/programmes\/les-invites-de-rtl\/7900227310-le-jeune-docteur-jacques-rouillier-est-l-invite-de-rtl-midi-du-20-janvier-2023\">https:\/\/www.rtl.fr\/programmes\/les-invites-de-rtl\/7900227310-le-jeune-docteur-jacques-rouillier-est-l-invite-de-rtl-midi-du-20-janvier-2023<\/a><\/p>\n<p style=\"text-align: center;\"><a href=\"https:\/\/fr.wikipedia.org\/wiki\/Fichier:France_Inter_logo.svg\">https:\/\/fr.wikipedia.org\/wiki\/Fichier:France_Inter_logo.svg<\/a><\/p>\n<p style=\"text-align: center;\"><a href=\"https:\/\/fr.m.wikipedia.org\/wiki\/Fichier:RTL_logo.svg\">https:\/\/fr.m.wikipedia.org\/wiki\/Fichier:RTL_logo.svg<\/a><\/p>\n<p style=\"text-align: center;\"><a href=\"https:\/\/fr.m.wikipedia.org\/wiki\/Fichier:Le_monde_logo.svg\">https:\/\/fr.m.wikipedia.org\/wiki\/Fichier:Le_monde_logo.svg<\/a><\/p>\n<p style=\"text-align: center;\"><a href=\"https:\/\/boutique.arte.tv\/detail\/le_jeune_a_la_croisee_des_chemins\">https:\/\/boutique.arte.tv\/detail\/le_jeune_a_la_croisee_des_chemins<\/a><\/p>\n<p style=\"text-align: center;\"><a href=\"&lt;a href=&quot;https:\/\/www.flaticon.com\/free-icons\/user&quot; title=&quot;user icons&quot;&gt;User icons created by Freepik - Flaticon&lt;\/a&gt;\">User icons created by Freepik<\/a><\/p>\n<p style=\"text-align: center;\"><a href=\"&lt;a href=&quot;https:\/\/www.flaticon.com\/free-icons\/whisk&quot; title=&quot;whisk icons&quot;&gt;Whisk icons created by popo2021 - Flaticon&lt;\/a&gt;\">Whisk icons created by popo2021<\/a><\/p>\n<p style=\"text-align: center;\"><a href=\"&lt;a href=&quot;https:\/\/www.flaticon.com\/free-icons\/cook&quot; title=&quot;cook icons&quot;&gt;Cook icons created by Freepik - Flaticon&lt;\/a&gt;\">Cook icons created by Freepik<\/a><\/p>\n<p style=\"text-align: center;\"><a href=\"&lt;a href=&quot;https:\/\/www.flaticon.com\/free-icons\/user&quot; title=&quot;user icons&quot;&gt;User icons created by Freepik - Flaticon&lt;\/a&gt;  \u00a0  &lt;a href=&quot;https:\/\/www.flaticon.com\/free-icons\/whisk&quot; title=&quot;whisk icons&quot;&gt;Whisk icons created by popo2021 - Flaticon&lt;\/a&gt;  \u00a0  &lt;a href=&quot;https:\/\/www.flaticon.com\/free-icons\/cook&quot; title=&quot;cook icons&quot;&gt;Cook icons created by Freepik - Flaticon&lt;\/a&gt;  \u00a0  &lt;a href=&quot;https:\/\/www.flaticon.com\/free-icons\/levels&quot; title=&quot;levels icons&quot;&gt;Levels icons created by Mayor Icons - Flaticon&lt;\/a&gt;\">Levels icons created by Mayor Icons<\/a><\/p>\n<p><iframe loading=\"lazy\" title=\"L&#039;art de je\u00fbner par Fran\u00e7oise Wilhelmi de Toledo | iMagination Week\" width=\"1080\" height=\"608\" src=\"https:\/\/www.youtube.com\/embed\/kTAQFmQ6SOo?start=1444&#038;feature=oembed\"  allow=\"accelerometer; autoplay; clipboard-write; encrypted-media; gyroscope; picture-in-picture; web-share\" allowfullscreen><\/iframe><\/p>\n<p><iframe loading=\"lazy\" title=\"Dr Fran\u00e7oise WILHELMI DE TOLEDO - UN SI\u00c8CLE D\u2019EXPERTISE EN JE\u00dbNE TH\u00c9RAPEUTIQUE\" width=\"1080\" height=\"608\" src=\"https:\/\/www.youtube.com\/embed\/79UFBs6iVak?start=1&#038;feature=oembed\"  allow=\"accelerometer; autoplay; clipboard-write; encrypted-media; gyroscope; picture-in-picture; web-share\" allowfullscreen><\/iframe><\/p>\n<p><iframe loading=\"lazy\" title=\"Jeu\u0302ne, une voie vers la sante\u0301\" width=\"1080\" height=\"608\" src=\"https:\/\/www.youtube.com\/embed\/zDrVi6qvQ14?feature=oembed\"  allow=\"accelerometer; autoplay; clipboard-write; encrypted-media; gyroscope; picture-in-picture; web-share\" allowfullscreen><\/iframe><\/p>\n<p>&nbsp;<\/p>\n<p>[\/et_pb_text][\/et_pb_column][\/et_pb_row][\/et_pb_section]<\/p>\n","protected":false},"excerpt":{"rendered":"<p>CR\u00c9DITSChoice icons created by Freepik &#8211; Flaticon People icons created by Vitaly Gorbachev &#8211; Flaticon Dinner icons created by Freepik &#8211; Flaticon Arm icons created by Those Icons &#8211; Flaticon Yoyo icons created by Smashicons &#8211; Flaticon Vitamin icons created by Smashicons &#8211; Flaticon Bomb icons created by Freepik &#8211; Flaticon Salad icons created by [&hellip;]<\/p>\n","protected":false},"author":1,"featured_media":0,"parent":0,"menu_order":0,"comment_status":"closed","ping_status":"closed","template":"","meta":{"_acf_changed":false,"_et_pb_use_builder":"on","_et_pb_old_content":"","_et_gb_content_width":"","footnotes":""},"class_list":["post-1296","page","type-page","status-publish","hentry"],"acf":[],"yoast_head":"<!-- This site is optimized with the Yoast SEO plugin v27.3 - https:\/\/yoast.com\/product\/yoast-seo-wordpress\/ -->\n<title>Cr\u00e9dits - Jeuner chez Go Wild je\u00fbne-bien-\u00eatre-en-france<\/title>\n<meta name=\"description\" content=\"Profitez d&#039;un je\u00fbne exceptionnel en France en Indre et Loire, en Dordogne et en Charente-Maritime.\" \/>\n<meta name=\"robots\" content=\"index, follow, max-snippet:-1, max-image-preview:large, max-video-preview:-1\" \/>\n<link rel=\"canonical\" href=\"https:\/\/jeunerchezgowild.com\/en\/credits\/\" \/>\n<meta property=\"og:locale\" content=\"en_GB\" \/>\n<meta property=\"og:type\" content=\"article\" \/>\n<meta property=\"og:title\" content=\"Cr\u00e9dits - Jeuner chez Go Wild je\u00fbne-bien-\u00eatre-en-france\" \/>\n<meta property=\"og:description\" content=\"Profitez d&#039;un je\u00fbne exceptionnel en France en Indre et Loire, en Dordogne et en Charente-Maritime.\" \/>\n<meta property=\"og:url\" content=\"https:\/\/jeunerchezgowild.com\/en\/credits\/\" \/>\n<meta property=\"og:site_name\" content=\"Jeuner chez Go Wild\" \/>\n<meta property=\"article:publisher\" content=\"https:\/\/www.facebook.com\/profile.php?id=100094062925348\" \/>\n<meta property=\"article:modified_time\" content=\"2023-12-12T12:45:09+00:00\" \/>\n<meta property=\"og:image\" content=\"https:\/\/jeunerchezgowild.com\/wp-content\/uploads\/2023\/06\/Sans-titre-2.png\" \/>\n\t<meta property=\"og:image:width\" content=\"423\" \/>\n\t<meta property=\"og:image:height\" content=\"254\" \/>\n\t<meta property=\"og:image:type\" content=\"image\/png\" \/>\n<meta name=\"twitter:card\" content=\"summary_large_image\" \/>\n<meta name=\"twitter:label1\" content=\"Estimated reading time\" \/>\n\t<meta name=\"twitter:data1\" content=\"2 minutes\" \/>\n<script type=\"application\/ld+json\" class=\"yoast-schema-graph\">{\"@context\":\"https:\\\/\\\/schema.org\",\"@graph\":[{\"@type\":\"WebPage\",\"@id\":\"https:\\\/\\\/jeunerchezgowild.com\\\/credits\\\/\",\"url\":\"https:\\\/\\\/jeunerchezgowild.com\\\/credits\\\/\",\"name\":\"Cr\u00e9dits - Jeuner chez Go Wild je\u00fbne-bien-\u00eatre-en-france\",\"isPartOf\":{\"@id\":\"https:\\\/\\\/jeunerchezgowild.com\\\/#website\"},\"datePublished\":\"2023-06-27T10:25:05+00:00\",\"dateModified\":\"2023-12-12T12:45:09+00:00\",\"description\":\"Profitez d'un je\u00fbne exceptionnel en France en Indre et Loire, en Dordogne et en Charente-Maritime.\",\"breadcrumb\":{\"@id\":\"https:\\\/\\\/jeunerchezgowild.com\\\/credits\\\/#breadcrumb\"},\"inLanguage\":\"en-GB\",\"potentialAction\":[{\"@type\":\"ReadAction\",\"target\":[\"https:\\\/\\\/jeunerchezgowild.com\\\/credits\\\/\"]}]},{\"@type\":\"BreadcrumbList\",\"@id\":\"https:\\\/\\\/jeunerchezgowild.com\\\/credits\\\/#breadcrumb\",\"itemListElement\":[{\"@type\":\"ListItem\",\"position\":1,\"name\":\"Accueil\",\"item\":\"https:\\\/\\\/jeunerchezgowild.com\\\/\"},{\"@type\":\"ListItem\",\"position\":2,\"name\":\"Cr\u00e9dits\"}]},{\"@type\":\"WebSite\",\"@id\":\"https:\\\/\\\/jeunerchezgowild.com\\\/#website\",\"url\":\"https:\\\/\\\/jeunerchezgowild.com\\\/\",\"name\":\"Jeuner chez Go Wild\",\"description\":\"Et si vous preniez soin de vous ?\",\"publisher\":{\"@id\":\"https:\\\/\\\/jeunerchezgowild.com\\\/#organization\"},\"potentialAction\":[{\"@type\":\"SearchAction\",\"target\":{\"@type\":\"EntryPoint\",\"urlTemplate\":\"https:\\\/\\\/jeunerchezgowild.com\\\/?s={search_term_string}\"},\"query-input\":{\"@type\":\"PropertyValueSpecification\",\"valueRequired\":true,\"valueName\":\"search_term_string\"}}],\"inLanguage\":\"en-GB\"},{\"@type\":\"Organization\",\"@id\":\"https:\\\/\\\/jeunerchezgowild.com\\\/#organization\",\"name\":\"Je\u00fbner chez Go Wild\",\"url\":\"https:\\\/\\\/jeunerchezgowild.com\\\/\",\"logo\":{\"@type\":\"ImageObject\",\"inLanguage\":\"en-GB\",\"@id\":\"https:\\\/\\\/jeunerchezgowild.com\\\/#\\\/schema\\\/logo\\\/image\\\/\",\"url\":\"https:\\\/\\\/jeunerchezgowild.com\\\/wp-content\\\/uploads\\\/2023\\\/06\\\/Sans-titre-2.png\",\"contentUrl\":\"https:\\\/\\\/jeunerchezgowild.com\\\/wp-content\\\/uploads\\\/2023\\\/06\\\/Sans-titre-2.png\",\"width\":423,\"height\":254,\"caption\":\"Je\u00fbner chez Go Wild\"},\"image\":{\"@id\":\"https:\\\/\\\/jeunerchezgowild.com\\\/#\\\/schema\\\/logo\\\/image\\\/\"},\"sameAs\":[\"https:\\\/\\\/www.facebook.com\\\/profile.php?id=100094062925348\",\"https:\\\/\\\/www.instagram.com\\\/jeunerchezgowild\\\/\"]}]}<\/script>\n<!-- \/ Yoast SEO plugin. -->","yoast_head_json":{"title":"Cr\u00e9dits - Jeuner chez Go Wild je\u00fbne-bien-\u00eatre-en-france","description":"Profitez d'un je\u00fbne exceptionnel en France en Indre et Loire, en Dordogne et en Charente-Maritime.","robots":{"index":"index","follow":"follow","max-snippet":"max-snippet:-1","max-image-preview":"max-image-preview:large","max-video-preview":"max-video-preview:-1"},"canonical":"https:\/\/jeunerchezgowild.com\/en\/credits\/","og_locale":"en_GB","og_type":"article","og_title":"Cr\u00e9dits - Jeuner chez Go Wild je\u00fbne-bien-\u00eatre-en-france","og_description":"Profitez d'un je\u00fbne exceptionnel en France en Indre et Loire, en Dordogne et en Charente-Maritime.","og_url":"https:\/\/jeunerchezgowild.com\/en\/credits\/","og_site_name":"Jeuner chez Go Wild","article_publisher":"https:\/\/www.facebook.com\/profile.php?id=100094062925348","article_modified_time":"2023-12-12T12:45:09+00:00","og_image":[{"width":423,"height":254,"url":"https:\/\/jeunerchezgowild.com\/wp-content\/uploads\/2023\/06\/Sans-titre-2.png","type":"image\/png"}],"twitter_card":"summary_large_image","twitter_misc":{"Estimated reading time":"2 minutes"},"schema":{"@context":"https:\/\/schema.org","@graph":[{"@type":"WebPage","@id":"https:\/\/jeunerchezgowild.com\/credits\/","url":"https:\/\/jeunerchezgowild.com\/credits\/","name":"Cr\u00e9dits - Jeuner chez Go Wild je\u00fbne-bien-\u00eatre-en-france","isPartOf":{"@id":"https:\/\/jeunerchezgowild.com\/#website"},"datePublished":"2023-06-27T10:25:05+00:00","dateModified":"2023-12-12T12:45:09+00:00","description":"Profitez d'un je\u00fbne exceptionnel en France en Indre et Loire, en Dordogne et en Charente-Maritime.","breadcrumb":{"@id":"https:\/\/jeunerchezgowild.com\/credits\/#breadcrumb"},"inLanguage":"en-GB","potentialAction":[{"@type":"ReadAction","target":["https:\/\/jeunerchezgowild.com\/credits\/"]}]},{"@type":"BreadcrumbList","@id":"https:\/\/jeunerchezgowild.com\/credits\/#breadcrumb","itemListElement":[{"@type":"ListItem","position":1,"name":"Accueil","item":"https:\/\/jeunerchezgowild.com\/"},{"@type":"ListItem","position":2,"name":"Cr\u00e9dits"}]},{"@type":"WebSite","@id":"https:\/\/jeunerchezgowild.com\/#website","url":"https:\/\/jeunerchezgowild.com\/","name":"Jeuner chez Go Wild","description":"How about taking care of yourself?","publisher":{"@id":"https:\/\/jeunerchezgowild.com\/#organization"},"potentialAction":[{"@type":"SearchAction","target":{"@type":"EntryPoint","urlTemplate":"https:\/\/jeunerchezgowild.com\/?s={search_term_string}"},"query-input":{"@type":"PropertyValueSpecification","valueRequired":true,"valueName":"search_term_string"}}],"inLanguage":"en-GB"},{"@type":"Organization","@id":"https:\/\/jeunerchezgowild.com\/#organization","name":"Je\u00fbner chez Go Wild","url":"https:\/\/jeunerchezgowild.com\/","logo":{"@type":"ImageObject","inLanguage":"en-GB","@id":"https:\/\/jeunerchezgowild.com\/#\/schema\/logo\/image\/","url":"https:\/\/jeunerchezgowild.com\/wp-content\/uploads\/2023\/06\/Sans-titre-2.png","contentUrl":"https:\/\/jeunerchezgowild.com\/wp-content\/uploads\/2023\/06\/Sans-titre-2.png","width":423,"height":254,"caption":"Je\u00fbner chez Go Wild"},"image":{"@id":"https:\/\/jeunerchezgowild.com\/#\/schema\/logo\/image\/"},"sameAs":["https:\/\/www.facebook.com\/profile.php?id=100094062925348","https:\/\/www.instagram.com\/jeunerchezgowild\/"]}]}},"_links":{"self":[{"href":"https:\/\/jeunerchezgowild.com\/en\/wp-json\/wp\/v2\/pages\/1296","targetHints":{"allow":["GET"]}}],"collection":[{"href":"https:\/\/jeunerchezgowild.com\/en\/wp-json\/wp\/v2\/pages"}],"about":[{"href":"https:\/\/jeunerchezgowild.com\/en\/wp-json\/wp\/v2\/types\/page"}],"author":[{"embeddable":true,"href":"https:\/\/jeunerchezgowild.com\/en\/wp-json\/wp\/v2\/users\/1"}],"replies":[{"embeddable":true,"href":"https:\/\/jeunerchezgowild.com\/en\/wp-json\/wp\/v2\/comments?post=1296"}],"version-history":[{"count":2,"href":"https:\/\/jeunerchezgowild.com\/en\/wp-json\/wp\/v2\/pages\/1296\/revisions"}],"predecessor-version":[{"id":3605,"href":"https:\/\/jeunerchezgowild.com\/en\/wp-json\/wp\/v2\/pages\/1296\/revisions\/3605"}],"wp:attachment":[{"href":"https:\/\/jeunerchezgowild.com\/en\/wp-json\/wp\/v2\/media?parent=1296"}],"curies":[{"name":"wp","href":"https:\/\/api.w.org\/{rel}","templated":true}]}}