{"id":1264,"date":"2023-06-27T11:00:10","date_gmt":"2023-06-27T09:00:10","guid":{"rendered":"https:\/\/jeunerchezgowild.com\/?page_id=1264"},"modified":"2025-04-17T15:12:25","modified_gmt":"2025-04-17T13:12:25","slug":"randonnees-douces-go-wild","status":"publish","type":"page","link":"https:\/\/jeunerchezgowild.com\/en\/randonnees-douces-go-wild\/","title":{"rendered":"Randonn\u00e9es douces"},"content":{"rendered":"<p>[et_pb_section fb_built=\u00a0\u00bb1&Prime; admin_label=\u00a0\u00bbHeader\u00a0\u00bb _builder_version=\u00a0\u00bb4.21.0&Prime; width=\u00a0\u00bb80%\u00a0\u00bb module_alignment=\u00a0\u00bbcenter\u00a0\u00bb custom_padding=\u00a0\u00bb0px||||false|false\u00a0\u00bb locked=\u00a0\u00bboff\u00a0\u00bb global_colors_info=\u00a0\u00bb{}\u00a0\u00bb][et_pb_row _builder_version=\u00a0\u00bb4.21.0&Prime; width_tablet=\u00a0\u00bb\u00a0\u00bb width_phone=\u00a0\u00bb100%\u00a0\u00bb width_last_edited=\u00a0\u00bbon|phone\u00a0\u00bb max_width=\u00a0\u00bb100%\u00a0\u00bb custom_padding=\u00a0\u00bb0px||||false|false\u00a0\u00bb global_colors_info=\u00a0\u00bb{}\u00a0\u00bb][et_pb_column type=\u00a0\u00bb4_4&Prime; _builder_version=\u00a0\u00bb4.21.0&Prime; global_colors_info=\u00a0\u00bb{}\u00a0\u00bb][et_pb_text _builder_version=\u00a0\u00bb4.23.1&Prime; _module_preset=\u00a0\u00bbdefault\u00a0\u00bb header_font=\u00a0\u00bbJosefin Sans|||on|||||\u00a0\u00bb header_text_align=\u00a0\u00bbcenter\u00a0\u00bb header_text_color=\u00a0\u00bb#AC7247&Prime; header_font_size=\u00a0\u00bb50px\u00a0\u00bb header_letter_spacing=\u00a0\u00bb20px\u00a0\u00bb custom_padding=\u00a0\u00bb40px|||||\u00a0\u00bb hover_enabled=\u00a0\u00bb0&Prime; header_font_tablet=\u00a0\u00bbJosefin Sans|||on|||||\u00a0\u00bb header_font_phone=\u00a0\u00bbJosefin Sans|700||on|||||\u00a0\u00bb header_font_last_edited=\u00a0\u00bboff|desktop\u00a0\u00bb header_font_size_tablet=\u00a0\u00bb50px\u00a0\u00bb header_font_size_phone=\u00a0\u00bb20px\u00a0\u00bb header_font_size_last_edited=\u00a0\u00bbon|phone\u00a0\u00bb header_line_height_tablet=\u00a0\u00bb\u00a0\u00bb header_line_height_phone=\u00a0\u00bb1.5em\u00a0\u00bb header_line_height_last_edited=\u00a0\u00bbon|phone\u00a0\u00bb locked=\u00a0\u00bboff\u00a0\u00bb global_colors_info=\u00a0\u00bb{}\u00a0\u00bb sticky_enabled=\u00a0\u00bb0&Prime;]<\/p>\n<h1>RANDONN\u00c9E<\/h1>\n<p>[\/et_pb_text][\/et_pb_column][\/et_pb_row][et_pb_row _builder_version=\u00a0\u00bb4.21.0&Prime; _module_preset=\u00a0\u00bbdefault\u00a0\u00bb width=\u00a0\u00bb100%\u00a0\u00bb max_width=\u00a0\u00bb100%\u00a0\u00bb custom_padding=\u00a0\u00bb0px|||||\u00a0\u00bb global_colors_info=\u00a0\u00bb{}\u00a0\u00bb][et_pb_column type=\u00a0\u00bb4_4&Prime; _builder_version=\u00a0\u00bb4.21.0&Prime; _module_preset=\u00a0\u00bbdefault\u00a0\u00bb global_colors_info=\u00a0\u00bb{}\u00a0\u00bb][et_pb_image src=\u00a0\u00bbhttps:\/\/jeunerchezgowild.com\/wp-content\/uploads\/2023\/10\/dessin-personnes-ages-lucie.png\u00a0\u00bb alt=\u00a0\u00bbjeune randonn\u00e9e\u00a0\u00bb title_text=\u00a0\u00bbjeune randonn\u00e9e\u00a0\u00bb align=\u00a0\u00bbcenter\u00a0\u00bb _builder_version=\u00a0\u00bb4.21.0&Prime; _module_preset=\u00a0\u00bbdefault\u00a0\u00bb width=\u00a0\u00bb100%\u00a0\u00bb max_width=\u00a0\u00bb29%\u00a0\u00bb max_width_tablet=\u00a0\u00bb20%\u00a0\u00bb max_width_phone=\u00a0\u00bb80%\u00a0\u00bb max_width_last_edited=\u00a0\u00bbon|phone\u00a0\u00bb min_height=\u00a0\u00bb236px\u00a0\u00bb custom_margin=\u00a0\u00bb-65px||-65px||true|false\u00a0\u00bb custom_margin_tablet=\u00a0\u00bb-100px||-100px||true|false\u00a0\u00bb custom_margin_phone=\u00a0\u00bb0px||0px||false|false\u00a0\u00bb custom_margin_last_edited=\u00a0\u00bbon|phone\u00a0\u00bb custom_padding=\u00a0\u00bb0px||0px||false|false\u00a0\u00bb global_colors_info=\u00a0\u00bb{}\u00a0\u00bb][\/et_pb_image][\/et_pb_column][\/et_pb_row][et_pb_row column_structure=\u00a0\u00bb1_2,1_2&Prime; _builder_version=\u00a0\u00bb4.21.0&Prime; _module_preset=\u00a0\u00bbdefault\u00a0\u00bb width_tablet=\u00a0\u00bb\u00a0\u00bb width_phone=\u00a0\u00bb100%\u00a0\u00bb width_last_edited=\u00a0\u00bbon|phone\u00a0\u00bb locked=\u00a0\u00bboff\u00a0\u00bb global_colors_info=\u00a0\u00bb{}\u00a0\u00bb][et_pb_column type=\u00a0\u00bb1_2&Prime; _builder_version=\u00a0\u00bb4.21.0&Prime; _module_preset=\u00a0\u00bbdefault\u00a0\u00bb global_colors_info=\u00a0\u00bb{}\u00a0\u00bb][et_pb_text content_tablet=\u00a0\u00bb<\/p>\n<p style=%22text-align: justify;%22><span>Une activit\u00e9 physique douce permet de maintenir la masse musculaire et de lib\u00e9rer les toxines pi\u00e9g\u00e9es dans les articulations et les tissus, mais aussi d&rsquo;augmenter les \u00e9changes au niveau des organes d&rsquo;\u00e9limination tels que les reins, les poumons, la peau et le foie (\u00e9monctoires). Il est clair que ne pas manger pendant plusieurs jours en surprend encore plus d&rsquo;un. Que penser d&rsquo;une randonn\u00e9e sans encas dans le sac \u00e0 dos? Pourtant, pratiquer une activit\u00e9 mod\u00e9r\u00e9e \u00e0 jeun sollicite les organes li\u00e9s \u00e0 l&rsquo;\u00e9limination de nos d\u00e9chets et conduit \u00e0 une meilleure d\u00e9toxification. La randonn\u00e9e en pleine nature cr\u00e9e naturellement un mouvement de tous les fluides qui nous composent. Les d\u00e9chets stock\u00e9s dans notre corps seront plus facilement mobilis\u00e9s et \u00e9limin\u00e9s.<\/span><\/p>\n<p>\u00a0\u00bb content_phone=\u00a0\u00bb<\/p>\n<p style=%22text-align: center;%22><span>Une activit\u00e9 physique douce permet de maintenir la masse musculaire et de lib\u00e9rer les toxines pi\u00e9g\u00e9es dans les articulations et les tissus, mais aussi d&rsquo;augmenter les \u00e9changes au niveau des organes d&rsquo;\u00e9limination tels que les reins, les poumons, la peau et le foie (\u00e9monctoires). Il est clair que ne pas manger pendant plusieurs jours en surprend encore plus d&rsquo;un. Que penser d&rsquo;une randonn\u00e9e sans encas dans le sac \u00e0 dos? Pourtant, pratiquer une activit\u00e9 mod\u00e9r\u00e9e \u00e0 jeun sollicite les organes li\u00e9s \u00e0 l&rsquo;\u00e9limination de nos d\u00e9chets et conduit \u00e0 une meilleure d\u00e9toxification. La randonn\u00e9e en pleine nature cr\u00e9e naturellement un mouvement de tous les fluides qui nous composent. Les d\u00e9chets stock\u00e9s dans notre corps seront plus facilement mobilis\u00e9s et \u00e9limin\u00e9s.<\/span><\/p>\n<p>\u00a0\u00bb content_last_edited=\u00a0\u00bbon|phone\u00a0\u00bb _builder_version=\u00a0\u00bb4.21.0&Prime; text_font=\u00a0\u00bbJosefin Sans|300|||||||\u00a0\u00bb text_text_color=\u00a0\u00bb#000000&Prime; text_font_size=\u00a0\u00bb16px\u00a0\u00bb text_line_height=\u00a0\u00bb1.8em\u00a0\u00bb text_font_size_tablet=\u00a0\u00bb\u00a0\u00bb text_font_size_phone=\u00a0\u00bb14px\u00a0\u00bb text_font_size_last_edited=\u00a0\u00bbon|desktop\u00a0\u00bb locked=\u00a0\u00bboff\u00a0\u00bb global_colors_info=\u00a0\u00bb{}\u00a0\u00bb]<\/p>\n<p style=\"text-align: justify;\"><span>Une activit\u00e9 physique douce permet de maintenir la masse musculaire et de lib\u00e9rer les toxines pi\u00e9g\u00e9es dans les articulations et les tissus, mais aussi d&rsquo;augmenter les \u00e9changes au niveau des organes d&rsquo;\u00e9limination tels que les reins, les poumons, la peau et le foie (\u00e9monctoires). Il est clair que ne pas manger pendant plusieurs jours en surprend encore plus d&rsquo;un. Que penser d&rsquo;une randonn\u00e9e sans encas dans le sac \u00e0 dos? Pourtant, pratiquer une activit\u00e9 mod\u00e9r\u00e9e \u00e0 jeun sollicite les organes li\u00e9s \u00e0 l&rsquo;\u00e9limination de nos d\u00e9chets et conduit \u00e0 une meilleure d\u00e9toxification. La randonn\u00e9e en pleine nature cr\u00e9e naturellement un mouvement de tous les fluides qui nous composent. Les d\u00e9chets stock\u00e9s dans notre corps seront plus facilement mobilis\u00e9s et \u00e9limin\u00e9s.<\/span><\/p>\n<p>[\/et_pb_text][\/et_pb_column][et_pb_column type=\u00a0\u00bb1_2&Prime; _builder_version=\u00a0\u00bb4.21.0&Prime; _module_preset=\u00a0\u00bbdefault\u00a0\u00bb global_colors_info=\u00a0\u00bb{}\u00a0\u00bb][et_pb_text content_tablet=\u00a0\u00bb<\/p>\n<p style=%22text-align: justify;%22><span>Notre corps est v\u00e9ritablement magique. Il est dot\u00e9 d&rsquo;un m\u00e9canisme d&rsquo;<span style=%22color: #f38181;%22>autolyse<\/span> (nettoyage) qui se met en marche, \u00e9liminant constamment les ressources nocives ou inutiles pr\u00e9sentes en lui.<\/span><\/p>\n<p style=%22text-align: justify;%22><span><\/span><\/p>\n<p style=%22text-align: justify;%22><span><span style=%22color: #f38181;%22>Perdre du poids<\/span> ne devrait pas \u00eatre votre unique objectif, mais le je\u00fbne peut constituer un excellent point de d\u00e9part pour mener une vie plus saine et pour r\u00e9tablir le bon fonctionnement de vos organes apr\u00e8s avoir adopt\u00e9 une alimentation saine.<\/span><\/p>\n<p style=%22text-align: justify;%22><span><\/span><\/p>\n<p style=%22text-align: justify;%22><span>Le je\u00fbne influence notre syst\u00e8me capillaire et cutan\u00e9, <span style=%22color: #f38181;%22>renfor\u00e7ant nos cheveux<\/span>. Pendant le je\u00fbne, ils ne poussent plus, mais leur croissance reprendra lors de la reprise de l&rsquo;alimentation.<\/span><span><\/span><\/p>\n<p><span><\/span><\/p>\n<p style=%22text-align: justify;%22><span>Le je\u00fbne peut servir de point de d\u00e9part pour arr\u00eater la consommation de tabac, de sucre ou de drogues, offrant ainsi une opportunit\u00e9 pour un <span style=%22color: #f38181;%22>\u00e9ventuel sevrage<\/span>.<\/span><span><\/span><\/p>\n<p style=%22text-align: justify;%22><span><\/span><\/p>\n<p style=%22text-align: justify;%22><span>Le je\u00fbne a un effet <span style=%22color: #f38181;%22>anti-inflammatoire<\/span> en r\u00e9duisant l&rsquo;acidit\u00e9 de l&rsquo;organisme. Une acidification excessive favorise le d\u00e9veloppement de maladies inflammatoires.<\/span><\/p>\n<p>\u00a0\u00bb content_phone=\u00a0\u00bb<\/p>\n<p style=%22text-align: center;%22><span>L&rsquo;activit\u00e9 physique pendant le je\u00fbne stimulera notre activit\u00e9 r\u00e9nale, cardiaque, pulmonaire et cutan\u00e9e, notre syst\u00e8me d&rsquo;\u00e9limination et de r\u00e9g\u00e9n\u00e9ration ; elle am\u00e9liorera notre capacit\u00e9 de d\u00e9sacidification et \u00e9vitera la fonte musculaire due \u00e0 l&rsquo;immobilit\u00e9. Elle augmentera notre temp\u00e9rature corporelle, ce qui est tr\u00e8s appr\u00e9ciable pendant le je\u00fbne, car nous sommes plus frileux pendant cette p\u00e9riode. Enfin, elle nous aidera \u00e0 occuper le temps d&rsquo;une journ\u00e9e de je\u00fbne et nous permettra de d\u00e9couvrir de magnifiques r\u00e9gions de France et d&rsquo;ailleurs. Une belle fa\u00e7on de joindre l&rsquo;utile \u00e0 l&rsquo;agr\u00e9able&#8230;<\/span><\/p>\n<p>\u00a0\u00bb content_last_edited=\u00a0\u00bbon|phone\u00a0\u00bb _builder_version=\u00a0\u00bb4.21.0&Prime; text_font=\u00a0\u00bbJosefin Sans|300|||||||\u00a0\u00bb text_text_color=\u00a0\u00bb#000000&Prime; text_font_size=\u00a0\u00bb16px\u00a0\u00bb text_line_height=\u00a0\u00bb1.8em\u00a0\u00bb text_font_size_tablet=\u00a0\u00bb\u00a0\u00bb text_font_size_phone=\u00a0\u00bb14px\u00a0\u00bb text_font_size_last_edited=\u00a0\u00bbon|desktop\u00a0\u00bb locked=\u00a0\u00bboff\u00a0\u00bb global_colors_info=\u00a0\u00bb{}\u00a0\u00bb]<\/p>\n<p style=\"text-align: justify;\"><span>L&rsquo;activit\u00e9 physique pendant le je\u00fbne stimulera notre activit\u00e9 r\u00e9nale, cardiaque, pulmonaire et cutan\u00e9e, notre syst\u00e8me d&rsquo;\u00e9limination et de r\u00e9g\u00e9n\u00e9ration ; elle am\u00e9liorera notre capacit\u00e9 de d\u00e9sacidification et \u00e9vitera la fonte musculaire due \u00e0 l&rsquo;immobilit\u00e9. Elle augmentera notre temp\u00e9rature corporelle, ce qui est tr\u00e8s appr\u00e9ciable pendant le je\u00fbne, car nous sommes plus frileux pendant cette p\u00e9riode. Enfin, elle nous aidera \u00e0 occuper le temps d&rsquo;une journ\u00e9e de je\u00fbne et nous permettra de d\u00e9couvrir de magnifiques r\u00e9gions de France et d&rsquo;ailleurs. Une belle fa\u00e7on de joindre l&rsquo;utile \u00e0 l&rsquo;agr\u00e9able&#8230;<\/span><\/p>\n<p>[\/et_pb_text][et_pb_button button_text=\u00a0\u00bbVos questions\u00a0\u00bb button_alignment=\u00a0\u00bbright\u00a0\u00bb button_alignment_tablet=\u00a0\u00bbright\u00a0\u00bb button_alignment_phone=\u00a0\u00bbcenter\u00a0\u00bb button_alignment_last_edited=\u00a0\u00bbon|phone\u00a0\u00bb _builder_version=\u00a0\u00bb4.23.1&Prime; _module_preset=\u00a0\u00bbdefault\u00a0\u00bb custom_button=\u00a0\u00bbon\u00a0\u00bb button_text_size=\u00a0\u00bb17px\u00a0\u00bb button_text_color=\u00a0\u00bb#AC7247&Prime; button_bg_color=\u00a0\u00bb#F4EDDE\u00a0\u00bb button_border_width=\u00a0\u00bb1px\u00a0\u00bb button_border_radius=\u00a0\u00bb20px\u00a0\u00bb button_letter_spacing=\u00a0\u00bb5px\u00a0\u00bb button_font=\u00a0\u00bbJosefin Sans||||||||\u00a0\u00bb button_icon=\u00a0\u00bb&#x24;||divi||400&Prime; background_layout=\u00a0\u00bbdark\u00a0\u00bb hover_enabled=\u00a0\u00bb0&Prime; global_colors_info=\u00a0\u00bb{}\u00a0\u00bb button_icon_color=\u00a0\u00bb#AC7247&Prime; sticky_enabled=\u00a0\u00bb0&Prime;][\/et_pb_button][\/et_pb_column][\/et_pb_row][\/et_pb_section]<\/p>\n","protected":false},"excerpt":{"rendered":"<p>RANDONN\u00c9EUne activit\u00e9 physique douce permet de maintenir la masse musculaire et de lib\u00e9rer les toxines pi\u00e9g\u00e9es dans les articulations et les tissus, mais aussi d&rsquo;augmenter les \u00e9changes au niveau des organes d&rsquo;\u00e9limination tels que les reins, les poumons, la peau et le foie (\u00e9monctoires). Il est clair que ne pas manger pendant plusieurs jours en [&hellip;]<\/p>\n","protected":false},"author":1,"featured_media":0,"parent":0,"menu_order":0,"comment_status":"closed","ping_status":"closed","template":"","meta":{"_acf_changed":false,"_et_pb_use_builder":"on","_et_pb_old_content":"","_et_gb_content_width":"","footnotes":""},"class_list":["post-1264","page","type-page","status-publish","hentry"],"acf":[],"yoast_head":"<!-- This site is optimized with the Yoast SEO plugin v27.4 - https:\/\/yoast.com\/product\/yoast-seo-wordpress\/ -->\n<title>Randonn\u00e9es douces - Jeuner chez Go Wild je\u00fbne-bien-\u00eatre-en-france<\/title>\n<meta name=\"description\" content=\"Reconnectez-vous avec la beaut\u00e9 des paysages et trouvez l&#039;\u00e9quilibre entre activit\u00e9 physique et relaxation.\" \/>\n<meta name=\"robots\" content=\"index, follow, max-snippet:-1, max-image-preview:large, max-video-preview:-1\" \/>\n<link rel=\"canonical\" href=\"https:\/\/jeunerchezgowild.com\/en\/randonnees-douces-go-wild\/\" \/>\n<meta property=\"og:locale\" content=\"en_GB\" \/>\n<meta property=\"og:type\" content=\"article\" \/>\n<meta property=\"og:title\" content=\"Randonn\u00e9es douces - Jeuner chez Go Wild je\u00fbne-bien-\u00eatre-en-france\" \/>\n<meta property=\"og:description\" content=\"Reconnectez-vous avec la beaut\u00e9 des paysages et trouvez l&#039;\u00e9quilibre entre activit\u00e9 physique et relaxation.\" \/>\n<meta property=\"og:url\" content=\"https:\/\/jeunerchezgowild.com\/en\/randonnees-douces-go-wild\/\" \/>\n<meta property=\"og:site_name\" content=\"Jeuner chez Go Wild\" \/>\n<meta property=\"article:publisher\" content=\"https:\/\/www.facebook.com\/profile.php?id=100094062925348\" \/>\n<meta property=\"article:modified_time\" content=\"2025-04-17T13:12:25+00:00\" \/>\n<meta property=\"og:image\" content=\"https:\/\/jeunerchezgowild.com\/wp-content\/uploads\/2023\/06\/Sans-titre-2.png\" \/>\n\t<meta property=\"og:image:width\" content=\"423\" \/>\n\t<meta property=\"og:image:height\" content=\"254\" \/>\n\t<meta property=\"og:image:type\" content=\"image\/png\" \/>\n<meta name=\"twitter:card\" content=\"summary_large_image\" \/>\n<meta name=\"twitter:label1\" content=\"Estimated reading time\" \/>\n\t<meta name=\"twitter:data1\" content=\"5 minutes\" \/>\n<script type=\"application\/ld+json\" class=\"yoast-schema-graph\">{\"@context\":\"https:\\\/\\\/schema.org\",\"@graph\":[{\"@type\":\"WebPage\",\"@id\":\"https:\\\/\\\/jeunerchezgowild.com\\\/randonnees-douces-go-wild\\\/\",\"url\":\"https:\\\/\\\/jeunerchezgowild.com\\\/randonnees-douces-go-wild\\\/\",\"name\":\"Randonn\u00e9es douces - Jeuner chez Go Wild je\u00fbne-bien-\u00eatre-en-france\",\"isPartOf\":{\"@id\":\"https:\\\/\\\/jeunerchezgowild.com\\\/#website\"},\"datePublished\":\"2023-06-27T09:00:10+00:00\",\"dateModified\":\"2025-04-17T13:12:25+00:00\",\"description\":\"Reconnectez-vous avec la beaut\u00e9 des paysages et trouvez l'\u00e9quilibre entre activit\u00e9 physique et relaxation.\",\"breadcrumb\":{\"@id\":\"https:\\\/\\\/jeunerchezgowild.com\\\/randonnees-douces-go-wild\\\/#breadcrumb\"},\"inLanguage\":\"en-GB\",\"potentialAction\":[{\"@type\":\"ReadAction\",\"target\":[\"https:\\\/\\\/jeunerchezgowild.com\\\/randonnees-douces-go-wild\\\/\"]}]},{\"@type\":\"BreadcrumbList\",\"@id\":\"https:\\\/\\\/jeunerchezgowild.com\\\/randonnees-douces-go-wild\\\/#breadcrumb\",\"itemListElement\":[{\"@type\":\"ListItem\",\"position\":1,\"name\":\"Accueil\",\"item\":\"https:\\\/\\\/jeunerchezgowild.com\\\/\"},{\"@type\":\"ListItem\",\"position\":2,\"name\":\"Randonn\u00e9es douces\"}]},{\"@type\":\"WebSite\",\"@id\":\"https:\\\/\\\/jeunerchezgowild.com\\\/#website\",\"url\":\"https:\\\/\\\/jeunerchezgowild.com\\\/\",\"name\":\"Jeuner chez Go Wild\",\"description\":\"Et si vous preniez soin de vous ?\",\"publisher\":{\"@id\":\"https:\\\/\\\/jeunerchezgowild.com\\\/#organization\"},\"potentialAction\":[{\"@type\":\"SearchAction\",\"target\":{\"@type\":\"EntryPoint\",\"urlTemplate\":\"https:\\\/\\\/jeunerchezgowild.com\\\/?s={search_term_string}\"},\"query-input\":{\"@type\":\"PropertyValueSpecification\",\"valueRequired\":true,\"valueName\":\"search_term_string\"}}],\"inLanguage\":\"en-GB\"},{\"@type\":\"Organization\",\"@id\":\"https:\\\/\\\/jeunerchezgowild.com\\\/#organization\",\"name\":\"Je\u00fbner chez Go Wild\",\"url\":\"https:\\\/\\\/jeunerchezgowild.com\\\/\",\"logo\":{\"@type\":\"ImageObject\",\"inLanguage\":\"en-GB\",\"@id\":\"https:\\\/\\\/jeunerchezgowild.com\\\/#\\\/schema\\\/logo\\\/image\\\/\",\"url\":\"https:\\\/\\\/jeunerchezgowild.com\\\/wp-content\\\/uploads\\\/2023\\\/06\\\/Sans-titre-2.png\",\"contentUrl\":\"https:\\\/\\\/jeunerchezgowild.com\\\/wp-content\\\/uploads\\\/2023\\\/06\\\/Sans-titre-2.png\",\"width\":423,\"height\":254,\"caption\":\"Je\u00fbner chez Go Wild\"},\"image\":{\"@id\":\"https:\\\/\\\/jeunerchezgowild.com\\\/#\\\/schema\\\/logo\\\/image\\\/\"},\"sameAs\":[\"https:\\\/\\\/www.facebook.com\\\/profile.php?id=100094062925348\",\"https:\\\/\\\/www.instagram.com\\\/jeunerchezgowild\\\/\"]}]}<\/script>\n<!-- \/ Yoast SEO plugin. -->","yoast_head_json":{"title":"Randonn\u00e9es douces - Jeuner chez Go Wild je\u00fbne-bien-\u00eatre-en-france","description":"Reconnectez-vous avec la beaut\u00e9 des paysages et trouvez l'\u00e9quilibre entre activit\u00e9 physique et relaxation.","robots":{"index":"index","follow":"follow","max-snippet":"max-snippet:-1","max-image-preview":"max-image-preview:large","max-video-preview":"max-video-preview:-1"},"canonical":"https:\/\/jeunerchezgowild.com\/en\/randonnees-douces-go-wild\/","og_locale":"en_GB","og_type":"article","og_title":"Randonn\u00e9es douces - Jeuner chez Go Wild je\u00fbne-bien-\u00eatre-en-france","og_description":"Reconnectez-vous avec la beaut\u00e9 des paysages et trouvez l'\u00e9quilibre entre activit\u00e9 physique et relaxation.","og_url":"https:\/\/jeunerchezgowild.com\/en\/randonnees-douces-go-wild\/","og_site_name":"Jeuner chez Go Wild","article_publisher":"https:\/\/www.facebook.com\/profile.php?id=100094062925348","article_modified_time":"2025-04-17T13:12:25+00:00","og_image":[{"width":423,"height":254,"url":"https:\/\/jeunerchezgowild.com\/wp-content\/uploads\/2023\/06\/Sans-titre-2.png","type":"image\/png"}],"twitter_card":"summary_large_image","twitter_misc":{"Estimated reading time":"5 minutes"},"schema":{"@context":"https:\/\/schema.org","@graph":[{"@type":"WebPage","@id":"https:\/\/jeunerchezgowild.com\/randonnees-douces-go-wild\/","url":"https:\/\/jeunerchezgowild.com\/randonnees-douces-go-wild\/","name":"Randonn\u00e9es douces - Jeuner chez Go Wild je\u00fbne-bien-\u00eatre-en-france","isPartOf":{"@id":"https:\/\/jeunerchezgowild.com\/#website"},"datePublished":"2023-06-27T09:00:10+00:00","dateModified":"2025-04-17T13:12:25+00:00","description":"Reconnectez-vous avec la beaut\u00e9 des paysages et trouvez l'\u00e9quilibre entre activit\u00e9 physique et relaxation.","breadcrumb":{"@id":"https:\/\/jeunerchezgowild.com\/randonnees-douces-go-wild\/#breadcrumb"},"inLanguage":"en-GB","potentialAction":[{"@type":"ReadAction","target":["https:\/\/jeunerchezgowild.com\/randonnees-douces-go-wild\/"]}]},{"@type":"BreadcrumbList","@id":"https:\/\/jeunerchezgowild.com\/randonnees-douces-go-wild\/#breadcrumb","itemListElement":[{"@type":"ListItem","position":1,"name":"Accueil","item":"https:\/\/jeunerchezgowild.com\/"},{"@type":"ListItem","position":2,"name":"Randonn\u00e9es douces"}]},{"@type":"WebSite","@id":"https:\/\/jeunerchezgowild.com\/#website","url":"https:\/\/jeunerchezgowild.com\/","name":"Jeuner chez Go Wild","description":"How about taking care of yourself?","publisher":{"@id":"https:\/\/jeunerchezgowild.com\/#organization"},"potentialAction":[{"@type":"SearchAction","target":{"@type":"EntryPoint","urlTemplate":"https:\/\/jeunerchezgowild.com\/?s={search_term_string}"},"query-input":{"@type":"PropertyValueSpecification","valueRequired":true,"valueName":"search_term_string"}}],"inLanguage":"en-GB"},{"@type":"Organization","@id":"https:\/\/jeunerchezgowild.com\/#organization","name":"Je\u00fbner chez Go Wild","url":"https:\/\/jeunerchezgowild.com\/","logo":{"@type":"ImageObject","inLanguage":"en-GB","@id":"https:\/\/jeunerchezgowild.com\/#\/schema\/logo\/image\/","url":"https:\/\/jeunerchezgowild.com\/wp-content\/uploads\/2023\/06\/Sans-titre-2.png","contentUrl":"https:\/\/jeunerchezgowild.com\/wp-content\/uploads\/2023\/06\/Sans-titre-2.png","width":423,"height":254,"caption":"Je\u00fbner chez Go Wild"},"image":{"@id":"https:\/\/jeunerchezgowild.com\/#\/schema\/logo\/image\/"},"sameAs":["https:\/\/www.facebook.com\/profile.php?id=100094062925348","https:\/\/www.instagram.com\/jeunerchezgowild\/"]}]}},"_links":{"self":[{"href":"https:\/\/jeunerchezgowild.com\/en\/wp-json\/wp\/v2\/pages\/1264","targetHints":{"allow":["GET"]}}],"collection":[{"href":"https:\/\/jeunerchezgowild.com\/en\/wp-json\/wp\/v2\/pages"}],"about":[{"href":"https:\/\/jeunerchezgowild.com\/en\/wp-json\/wp\/v2\/types\/page"}],"author":[{"embeddable":true,"href":"https:\/\/jeunerchezgowild.com\/en\/wp-json\/wp\/v2\/users\/1"}],"replies":[{"embeddable":true,"href":"https:\/\/jeunerchezgowild.com\/en\/wp-json\/wp\/v2\/comments?post=1264"}],"version-history":[{"count":3,"href":"https:\/\/jeunerchezgowild.com\/en\/wp-json\/wp\/v2\/pages\/1264\/revisions"}],"predecessor-version":[{"id":4227,"href":"https:\/\/jeunerchezgowild.com\/en\/wp-json\/wp\/v2\/pages\/1264\/revisions\/4227"}],"wp:attachment":[{"href":"https:\/\/jeunerchezgowild.com\/en\/wp-json\/wp\/v2\/media?parent=1264"}],"curies":[{"name":"wp","href":"https:\/\/api.w.org\/{rel}","templated":true}]}}