{"id":104,"date":"2023-06-14T18:27:03","date_gmt":"2023-06-14T16:27:03","guid":{"rendered":"http:\/\/jeunerchezgowild.com\/?page_id=104"},"modified":"2025-04-17T13:41:21","modified_gmt":"2025-04-17T11:41:21","slug":"comment-produirons-nous-de-lenergie-sans-manger","status":"publish","type":"page","link":"https:\/\/jeunerchezgowild.com\/en\/comment-produirons-nous-de-lenergie-sans-manger\/","title":{"rendered":"Comment produirons-nous de l&rsquo;\u00e9nergie sans manger ?"},"content":{"rendered":"<p>[et_pb_section fb_built=\u00a0\u00bb1&Prime; _builder_version=\u00a0\u00bb4.21.0&Prime; _module_preset=\u00a0\u00bbdefault\u00a0\u00bb custom_padding=\u00a0\u00bb0px|||||\u00a0\u00bb global_colors_info=\u00a0\u00bb{}\u00a0\u00bb][et_pb_row column_structure=\u00a0\u00bb1_2,1_2&Prime; _builder_version=\u00a0\u00bb4.21.0&Prime; _module_preset=\u00a0\u00bbdefault\u00a0\u00bb global_colors_info=\u00a0\u00bb{}\u00a0\u00bb][et_pb_column type=\u00a0\u00bb1_2&Prime; _builder_version=\u00a0\u00bb4.21.0&Prime; _module_preset=\u00a0\u00bbdefault\u00a0\u00bb global_colors_info=\u00a0\u00bb{}\u00a0\u00bb][et_pb_image src=\u00a0\u00bbhttps:\/\/jeunerchezgowild.com\/wp-content\/uploads\/2023\/06\/plate.png\u00a0\u00bb alt=\u00a0\u00bbComment produirons-nous de l&rsquo;\u00e9nergie sans manger?\u00a0\u00bb title_text=\u00a0\u00bbComment produirons-nous de l&rsquo;\u00e9nergie sans manger?\u00a0\u00bb align=\u00a0\u00bbcenter\u00a0\u00bb _builder_version=\u00a0\u00bb4.21.0&Prime; _module_preset=\u00a0\u00bbdefault\u00a0\u00bb width_tablet=\u00a0\u00bb\u00a0\u00bb width_phone=\u00a0\u00bb\u00a0\u00bb width_last_edited=\u00a0\u00bbon|phone\u00a0\u00bb max_width=\u00a0\u00bb30%\u00a0\u00bb global_colors_info=\u00a0\u00bb{}\u00a0\u00bb][\/et_pb_image][\/et_pb_column][et_pb_column type=\u00a0\u00bb1_2&Prime; _builder_version=\u00a0\u00bb4.21.0&Prime; _module_preset=\u00a0\u00bbdefault\u00a0\u00bb global_colors_info=\u00a0\u00bb{}\u00a0\u00bb][et_pb_text content_tablet=\u00a0\u00bb<\/p>\n<p>JE VAIS PAYER POUR NE PAS MANGER ?! L&rsquo;ARNAQUE DU SI\u00c8CLE.<\/p>\n<p>\u00a0\u00bb content_phone=\u00a0\u00bb<\/p>\n<p style=%22text-align: center;%22>COMMENT PRODUIRONS-NOUS DE L&rsquo;\u00c9NERGIE SANS MANGER?<\/p>\n<p>\u00a0\u00bb content_last_edited=\u00a0\u00bboff|desktop\u00a0\u00bb _builder_version=\u00a0\u00bb4.23.1&Prime; _module_preset=\u00a0\u00bbdefault\u00a0\u00bb text_font=\u00a0\u00bbJosefin Sans||||||||\u00a0\u00bb text_text_color=\u00a0\u00bb#AC7247&Prime; text_font_size=\u00a0\u00bb38px\u00a0\u00bb text_line_height=\u00a0\u00bb2.7em\u00a0\u00bb hover_enabled=\u00a0\u00bb0&Prime; text_font_size_tablet=\u00a0\u00bb38px\u00a0\u00bb text_font_size_phone=\u00a0\u00bb20px\u00a0\u00bb text_font_size_last_edited=\u00a0\u00bbon|phone\u00a0\u00bb global_colors_info=\u00a0\u00bb{}\u00a0\u00bb sticky_enabled=\u00a0\u00bb0&Prime;]<\/p>\n<p>COMMENT PRODUIRONS-NOUS DE L&rsquo;\u00c9NERGIE SANS MANGER?<\/p>\n<p>[\/et_pb_text][\/et_pb_column][\/et_pb_row][et_pb_row _builder_version=\u00a0\u00bb4.21.0&Prime; _module_preset=\u00a0\u00bbdefault\u00a0\u00bb custom_padding=\u00a0\u00bb0px|||||\u00a0\u00bb global_colors_info=\u00a0\u00bb{}\u00a0\u00bb][et_pb_column type=\u00a0\u00bb4_4&Prime; _builder_version=\u00a0\u00bb4.21.0&Prime; _module_preset=\u00a0\u00bbdefault\u00a0\u00bb global_colors_info=\u00a0\u00bb{}\u00a0\u00bb][et_pb_text content_tablet=\u00a0\u00bb<\/p>\n<p><span id=%22p86%22>Pour vivre, il faut manger, c&rsquo;est ind\u00e9niable.<\/span><span id=%22p87%22> Pour d\u00e9penser de l&rsquo;\u00e9nergie, il faut la stocker, c&rsquo;est aussi vrai.<\/span><span id=%22p88%22> Mais l&rsquo;erreur que nous commettons est de penser que les calories que nous ingurgitons le matin seront transform\u00e9es en \u00e9nergie physique et intellectuelle dans les heures qui suivent.<\/span><span id=%22p89%22> Entre-temps, il y a la digestion.<\/span><span id=%22p90%22> Cette op\u00e9ration longue, complexe et \u00e9nergivore laisse de nombreux d\u00e9chets qui finissent par s&rsquo;accumuler dans l&rsquo;organisme si rien n&rsquo;est fait.<\/span><span id=%22p91%22> Le corps a besoin de pauses, de temps pour faire son m\u00e9nage.<\/span><span id=%22p92%22> Le je\u00fbne permet de remettre les pendules \u00e0 l&rsquo;heure, de faire un grand nettoyage et de donner au corps le temps d&rsquo;\u00e9vacuer les vieilles cellules, les graisses, les d\u00e9chets et les toxines qui l&rsquo;encombrent.<\/span><span id=%22p110%22> L&rsquo;exemple des animaux et des enfants est \u00e9vident.<\/span><span id=%22p109%22> Contrairement aux adultes qui disent, %22mange, \u00e7a te donnera des forces%22 naturellement lorsqu&rsquo;ils sont malades, les enfants ne mangent plus, laissant \u00e0 leur corps l&rsquo;espace de combattre les bact\u00e9ries.<\/span><span id=%22p95%22> Les oiseaux migrateurs, les crocodiles, les ours et les chameaux <span id=%22p85%22>(pour n&rsquo;en citer que quelques-uns)<\/span> constituent des r\u00e9serves de graisse pour faire face \u00e0 une p\u00e9riode sans nourriture.<\/span><span id=%22p96%22> Il en va de m\u00eame pour l&rsquo;\u00eatre humain adulte, qui dispose non seulement de r\u00e9serves alimentaires dans chaque cellule et chaque organe, mais aussi de r\u00e9serves diss\u00e9min\u00e9es un peu partout, mises \u00e0 disposition en cas de p\u00e9nurie :<\/span><span id=%22p97%22> <\/span><\/p>\n<p><span><span id=%22106%22 class=%22s-rg%22>1:<\/span> Le foie fournit le glycog\u00e8ne = excellent carburant.<\/span><span id=%22p98%22> <\/span><\/p>\n<p><span><span id=%22107%22 class=%22s-rg%22>2:<\/span> Le sang et la lymphe transportent les nutriments.<\/span><span id=%22p99%22> <\/span><\/p>\n<p><span><span id=%22108%22 class=%22s-rg%22>3:<\/span> Les r\u00e9serves de vitamines sont stock\u00e9es dans diverses glandes.<\/span><span id=%22p100%22> <\/span><\/p>\n<p><span><span id=%22102%22 class=%22s-rg%22>4:<\/span> La moelle osseuse contient des tr\u00e9sors nutritionnels.<\/span><span id=%22p101%22> <\/span><\/p>\n<p><span><span id=%22103%22 class=%22s-rg%22>5:<\/span> Plusieurs kilos de graisse <span id=%22p84%22>(m\u00eame chez les personnes maigres)<\/span> sont stock\u00e9s.<\/span><\/p>\n<p>\u00a0\u00bb content_phone=\u00a0\u00bb<\/p>\n<p style=%22text-align: center;%22><span id=%22p86%22>Pour vivre, il faut manger, c&rsquo;est ind\u00e9niable.<\/span><span id=%22p87%22> Pour d\u00e9penser de l&rsquo;\u00e9nergie, il faut la stocker, c&rsquo;est aussi vrai.<\/span><span id=%22p88%22> Mais l&rsquo;erreur que nous commettons est de penser que les calories que nous ingurgitons le matin seront transform\u00e9es en \u00e9nergie physique et intellectuelle dans les heures qui suivent.<\/span><span id=%22p89%22> Entre-temps, il y a la digestion.<\/span><span id=%22p90%22> Cette op\u00e9ration longue, complexe et \u00e9nergivore laisse de nombreux d\u00e9chets qui finissent par s&rsquo;accumuler dans l&rsquo;organisme si rien n&rsquo;est fait.<\/span><span id=%22p91%22> Le corps a besoin de pauses, de temps pour faire son m\u00e9nage.<\/span><span id=%22p92%22> Le je\u00fbne permet de remettre les pendules \u00e0 l&rsquo;heure, de faire un grand nettoyage et de donner au corps le temps d&rsquo;\u00e9vacuer les vieilles cellules, les graisses, les d\u00e9chets et les toxines qui l&rsquo;encombrent.<\/span><span id=%22p110%22> L&rsquo;exemple des animaux et des enfants est \u00e9vident.<\/span><span id=%22p109%22> Contrairement aux adultes qui disent, %22mange, \u00e7a te donnera des forces%22 naturellement lorsqu&rsquo;ils sont malades, les enfants ne mangent plus, laissant \u00e0 leur corps l&rsquo;espace de combattre les bact\u00e9ries.<\/span><span id=%22p95%22> Les oiseaux migrateurs, les crocodiles, les ours et les chameaux <span id=%22p85%22>(pour n&rsquo;en citer que quelques-uns)<\/span> constituent des r\u00e9serves de graisse pour faire face \u00e0 une p\u00e9riode sans nourriture.<\/span><span id=%22p96%22> Il en va de m\u00eame pour l&rsquo;\u00eatre humain adulte, qui dispose non seulement de r\u00e9serves alimentaires dans chaque cellule et chaque organe, mais aussi de r\u00e9serves diss\u00e9min\u00e9es un peu partout, mises \u00e0 disposition en cas de p\u00e9nurie :<\/span><span id=%22p97%22> <\/span><\/p>\n<p><span><span id=%22106%22 class=%22s-rg%22>1:<\/span> Le foie fournit le glycog\u00e8ne = excellent carburant.<\/span><span id=%22p98%22> <\/span><\/p>\n<p><span><span id=%22107%22 class=%22s-rg%22>2:<\/span> Le sang et la lymphe transportent les nutriments.<\/span><span id=%22p99%22> <\/span><\/p>\n<p><span><span id=%22108%22 class=%22s-rg%22>3:<\/span> Les r\u00e9serves de vitamines sont stock\u00e9es dans diverses glandes.<\/span><span id=%22p100%22> <\/span><\/p>\n<p><span><span id=%22102%22 class=%22s-rg%22>4:<\/span> La moelle osseuse contient des tr\u00e9sors nutritionnels.<\/span><span id=%22p101%22> <\/span><\/p>\n<p><span><span id=%22103%22 class=%22s-rg%22>5:<\/span> Plusieurs kilos de graisse <span id=%22p84%22>(m\u00eame chez les personnes maigres)<\/span> sont stock\u00e9s.<\/span><\/p>\n<p>\u00a0\u00bb content_last_edited=\u00a0\u00bbon|phone\u00a0\u00bb _builder_version=\u00a0\u00bb4.21.0&Prime; _module_preset=\u00a0\u00bbdefault\u00a0\u00bb text_font=\u00a0\u00bbJosefin Sans|300|||||||\u00a0\u00bb text_text_color=\u00a0\u00bb#000000&Prime; text_font_size=\u00a0\u00bb16px\u00a0\u00bb text_line_height=\u00a0\u00bb2em\u00a0\u00bb text_orientation=\u00a0\u00bbjustified\u00a0\u00bb global_colors_info=\u00a0\u00bb{}\u00a0\u00bb]<\/p>\n<p><span id=\"p86\">Pour vivre, il faut manger, c&rsquo;est ind\u00e9niable.<\/span><span id=\"p87\"> Pour d\u00e9penser de l&rsquo;\u00e9nergie, il faut la stocker, c&rsquo;est aussi vrai.<\/span><span id=\"p88\"> Mais l&rsquo;erreur que nous commettons est de penser que les calories que nous ingurgitons le matin seront transform\u00e9es en \u00e9nergie physique et intellectuelle dans les heures qui suivent.<\/span><span id=\"p89\"> Entre-temps, il y a la digestion.<\/span><span id=\"p90\"> Cette op\u00e9ration longue, complexe et \u00e9nergivore laisse de nombreux d\u00e9chets qui finissent par s&rsquo;accumuler dans l&rsquo;organisme si rien n&rsquo;est fait.<\/span><span id=\"p91\"> Le corps a besoin de pauses, de temps pour faire son m\u00e9nage.<\/span><span id=\"p92\"> Le je\u00fbne permet de remettre les pendules \u00e0 l&rsquo;heure, de faire un grand nettoyage et de donner au corps le temps d&rsquo;\u00e9vacuer les vieilles cellules, les graisses, les d\u00e9chets et les toxines qui l&rsquo;encombrent.<\/span><span id=\"p110\"> L&rsquo;exemple des animaux et des enfants est \u00e9vident.<\/span><span id=\"p109\"> Contrairement aux adultes qui disent, \u00ab\u00a0mange, \u00e7a te donnera des forces\u00a0\u00bb naturellement lorsqu&rsquo;ils sont malades, les enfants ne mangent plus, laissant \u00e0 leur corps l&rsquo;espace de combattre les bact\u00e9ries.<\/span><span id=\"p95\"> Les oiseaux migrateurs, les crocodiles, les ours et les chameaux <span id=\"p85\">(pour n&rsquo;en citer que quelques-uns)<\/span> constituent des r\u00e9serves de graisse pour faire face \u00e0 une p\u00e9riode sans nourriture.<\/span><span id=\"p96\"> Il en va de m\u00eame pour l&rsquo;\u00eatre humain adulte, qui dispose non seulement de r\u00e9serves alimentaires dans chaque cellule et chaque organe, mais aussi de r\u00e9serves diss\u00e9min\u00e9es un peu partout, mises \u00e0 disposition en cas de p\u00e9nurie :<\/span><span id=\"p97\">\u00a0<\/span><\/p>\n<p><span><span id=\"106\" class=\"s-rg\">1:<\/span>\u00a0Le foie fournit le glycog\u00e8ne = excellent carburant.<\/span><span id=\"p98\">\u00a0<\/span><\/p>\n<p><span><span id=\"107\" class=\"s-rg\">2:<\/span>\u00a0Le sang et la lymphe transportent les nutriments.<\/span><span id=\"p99\">\u00a0<\/span><\/p>\n<p><span><span id=\"108\" class=\"s-rg\">3:<\/span>\u00a0Les r\u00e9serves de vitamines sont stock\u00e9es dans diverses glandes.<\/span><span id=\"p100\">\u00a0<\/span><\/p>\n<p><span><span id=\"102\" class=\"s-rg\">4:<\/span>\u00a0La moelle osseuse contient des tr\u00e9sors nutritionnels.<\/span><span id=\"p101\">\u00a0<\/span><\/p>\n<p><span><span id=\"103\" class=\"s-rg\">5:<\/span>\u00a0Plusieurs kilos de graisse <span id=\"p84\">(m\u00eame chez les personnes maigres)<\/span> sont stock\u00e9s.<\/span><\/p>\n<p>[\/et_pb_text][\/et_pb_column][\/et_pb_row][\/et_pb_section]<\/p>\n","protected":false},"excerpt":{"rendered":"<p>COMMENT PRODUIRONS-NOUS DE L&rsquo;\u00c9NERGIE SANS MANGER?Pour vivre, il faut manger, c&rsquo;est ind\u00e9niable. Pour d\u00e9penser de l&rsquo;\u00e9nergie, il faut la stocker, c&rsquo;est aussi vrai. Mais l&rsquo;erreur que nous commettons est de penser que les calories que nous ingurgitons le matin seront transform\u00e9es en \u00e9nergie physique et intellectuelle dans les heures qui suivent. Entre-temps, il y a [&hellip;]<\/p>\n","protected":false},"author":1,"featured_media":0,"parent":0,"menu_order":0,"comment_status":"closed","ping_status":"closed","template":"","meta":{"_acf_changed":false,"_et_pb_use_builder":"on","_et_pb_old_content":"","_et_gb_content_width":"","footnotes":""},"class_list":["post-104","page","type-page","status-publish","hentry"],"acf":[],"yoast_head":"<!-- This site is optimized with the Yoast SEO plugin v27.4 - https:\/\/yoast.com\/product\/yoast-seo-wordpress\/ -->\n<title>Comment produirons-nous de l&#039;\u00e9nergie sans manger ? - Jeuner chez Go Wild je\u00fbne-bien-\u00eatre-en-france<\/title>\n<meta name=\"description\" content=\"D\u00e9couvrez toutes les r\u00e9ponses \u00e0 vos questions sur le je\u00fbne. Obtenez des conseils d&#039;experts et des r\u00e9ponses pour vous guider.\" \/>\n<meta name=\"robots\" content=\"index, follow, max-snippet:-1, max-image-preview:large, max-video-preview:-1\" \/>\n<link rel=\"canonical\" href=\"https:\/\/jeunerchezgowild.com\/en\/comment-produirons-nous-de-lenergie-sans-manger\/\" \/>\n<meta property=\"og:locale\" content=\"en_GB\" \/>\n<meta property=\"og:type\" content=\"article\" \/>\n<meta property=\"og:title\" content=\"Comment produirons-nous de l&#039;\u00e9nergie sans manger ? - Jeuner chez Go Wild je\u00fbne-bien-\u00eatre-en-france\" \/>\n<meta property=\"og:description\" content=\"D\u00e9couvrez toutes les r\u00e9ponses \u00e0 vos questions sur le je\u00fbne. Obtenez des conseils d&#039;experts et des r\u00e9ponses pour vous guider.\" \/>\n<meta property=\"og:url\" content=\"https:\/\/jeunerchezgowild.com\/en\/comment-produirons-nous-de-lenergie-sans-manger\/\" \/>\n<meta property=\"og:site_name\" content=\"Jeuner chez Go Wild\" \/>\n<meta property=\"article:publisher\" content=\"https:\/\/www.facebook.com\/profile.php?id=100094062925348\" \/>\n<meta property=\"article:modified_time\" content=\"2025-04-17T11:41:21+00:00\" \/>\n<meta property=\"og:image\" content=\"https:\/\/jeunerchezgowild.com\/wp-content\/uploads\/2023\/06\/Sans-titre-2.png\" \/>\n\t<meta property=\"og:image:width\" content=\"423\" \/>\n\t<meta property=\"og:image:height\" content=\"254\" \/>\n\t<meta property=\"og:image:type\" content=\"image\/png\" \/>\n<meta name=\"twitter:card\" content=\"summary_large_image\" \/>\n<meta name=\"twitter:label1\" content=\"Estimated reading time\" \/>\n\t<meta name=\"twitter:data1\" content=\"5 minutes\" \/>\n<script type=\"application\/ld+json\" class=\"yoast-schema-graph\">{\"@context\":\"https:\\\/\\\/schema.org\",\"@graph\":[{\"@type\":\"WebPage\",\"@id\":\"https:\\\/\\\/jeunerchezgowild.com\\\/comment-produirons-nous-de-lenergie-sans-manger\\\/\",\"url\":\"https:\\\/\\\/jeunerchezgowild.com\\\/comment-produirons-nous-de-lenergie-sans-manger\\\/\",\"name\":\"Comment produirons-nous de l'\u00e9nergie sans manger ? - Jeuner chez Go Wild je\u00fbne-bien-\u00eatre-en-france\",\"isPartOf\":{\"@id\":\"https:\\\/\\\/jeunerchezgowild.com\\\/#website\"},\"datePublished\":\"2023-06-14T16:27:03+00:00\",\"dateModified\":\"2025-04-17T11:41:21+00:00\",\"description\":\"D\u00e9couvrez toutes les r\u00e9ponses \u00e0 vos questions sur le je\u00fbne. Obtenez des conseils d'experts et des r\u00e9ponses pour vous guider.\",\"breadcrumb\":{\"@id\":\"https:\\\/\\\/jeunerchezgowild.com\\\/comment-produirons-nous-de-lenergie-sans-manger\\\/#breadcrumb\"},\"inLanguage\":\"en-GB\",\"potentialAction\":[{\"@type\":\"ReadAction\",\"target\":[\"https:\\\/\\\/jeunerchezgowild.com\\\/comment-produirons-nous-de-lenergie-sans-manger\\\/\"]}]},{\"@type\":\"BreadcrumbList\",\"@id\":\"https:\\\/\\\/jeunerchezgowild.com\\\/comment-produirons-nous-de-lenergie-sans-manger\\\/#breadcrumb\",\"itemListElement\":[{\"@type\":\"ListItem\",\"position\":1,\"name\":\"Accueil\",\"item\":\"https:\\\/\\\/jeunerchezgowild.com\\\/\"},{\"@type\":\"ListItem\",\"position\":2,\"name\":\"Comment produirons-nous de l&rsquo;\u00e9nergie sans manger ?\"}]},{\"@type\":\"WebSite\",\"@id\":\"https:\\\/\\\/jeunerchezgowild.com\\\/#website\",\"url\":\"https:\\\/\\\/jeunerchezgowild.com\\\/\",\"name\":\"Jeuner chez Go Wild\",\"description\":\"Et si vous preniez soin de vous ?\",\"publisher\":{\"@id\":\"https:\\\/\\\/jeunerchezgowild.com\\\/#organization\"},\"potentialAction\":[{\"@type\":\"SearchAction\",\"target\":{\"@type\":\"EntryPoint\",\"urlTemplate\":\"https:\\\/\\\/jeunerchezgowild.com\\\/?s={search_term_string}\"},\"query-input\":{\"@type\":\"PropertyValueSpecification\",\"valueRequired\":true,\"valueName\":\"search_term_string\"}}],\"inLanguage\":\"en-GB\"},{\"@type\":\"Organization\",\"@id\":\"https:\\\/\\\/jeunerchezgowild.com\\\/#organization\",\"name\":\"Je\u00fbner chez Go Wild\",\"url\":\"https:\\\/\\\/jeunerchezgowild.com\\\/\",\"logo\":{\"@type\":\"ImageObject\",\"inLanguage\":\"en-GB\",\"@id\":\"https:\\\/\\\/jeunerchezgowild.com\\\/#\\\/schema\\\/logo\\\/image\\\/\",\"url\":\"https:\\\/\\\/jeunerchezgowild.com\\\/wp-content\\\/uploads\\\/2023\\\/06\\\/Sans-titre-2.png\",\"contentUrl\":\"https:\\\/\\\/jeunerchezgowild.com\\\/wp-content\\\/uploads\\\/2023\\\/06\\\/Sans-titre-2.png\",\"width\":423,\"height\":254,\"caption\":\"Je\u00fbner chez Go Wild\"},\"image\":{\"@id\":\"https:\\\/\\\/jeunerchezgowild.com\\\/#\\\/schema\\\/logo\\\/image\\\/\"},\"sameAs\":[\"https:\\\/\\\/www.facebook.com\\\/profile.php?id=100094062925348\",\"https:\\\/\\\/www.instagram.com\\\/jeunerchezgowild\\\/\"]}]}<\/script>\n<!-- \/ Yoast SEO plugin. -->","yoast_head_json":{"title":"Comment produirons-nous de l'\u00e9nergie sans manger ? - Jeuner chez Go Wild je\u00fbne-bien-\u00eatre-en-france","description":"D\u00e9couvrez toutes les r\u00e9ponses \u00e0 vos questions sur le je\u00fbne. Obtenez des conseils d'experts et des r\u00e9ponses pour vous guider.","robots":{"index":"index","follow":"follow","max-snippet":"max-snippet:-1","max-image-preview":"max-image-preview:large","max-video-preview":"max-video-preview:-1"},"canonical":"https:\/\/jeunerchezgowild.com\/en\/comment-produirons-nous-de-lenergie-sans-manger\/","og_locale":"en_GB","og_type":"article","og_title":"Comment produirons-nous de l'\u00e9nergie sans manger ? - Jeuner chez Go Wild je\u00fbne-bien-\u00eatre-en-france","og_description":"D\u00e9couvrez toutes les r\u00e9ponses \u00e0 vos questions sur le je\u00fbne. Obtenez des conseils d'experts et des r\u00e9ponses pour vous guider.","og_url":"https:\/\/jeunerchezgowild.com\/en\/comment-produirons-nous-de-lenergie-sans-manger\/","og_site_name":"Jeuner chez Go Wild","article_publisher":"https:\/\/www.facebook.com\/profile.php?id=100094062925348","article_modified_time":"2025-04-17T11:41:21+00:00","og_image":[{"width":423,"height":254,"url":"https:\/\/jeunerchezgowild.com\/wp-content\/uploads\/2023\/06\/Sans-titre-2.png","type":"image\/png"}],"twitter_card":"summary_large_image","twitter_misc":{"Estimated reading time":"5 minutes"},"schema":{"@context":"https:\/\/schema.org","@graph":[{"@type":"WebPage","@id":"https:\/\/jeunerchezgowild.com\/comment-produirons-nous-de-lenergie-sans-manger\/","url":"https:\/\/jeunerchezgowild.com\/comment-produirons-nous-de-lenergie-sans-manger\/","name":"Comment produirons-nous de l'\u00e9nergie sans manger ? - Jeuner chez Go Wild je\u00fbne-bien-\u00eatre-en-france","isPartOf":{"@id":"https:\/\/jeunerchezgowild.com\/#website"},"datePublished":"2023-06-14T16:27:03+00:00","dateModified":"2025-04-17T11:41:21+00:00","description":"D\u00e9couvrez toutes les r\u00e9ponses \u00e0 vos questions sur le je\u00fbne. Obtenez des conseils d'experts et des r\u00e9ponses pour vous guider.","breadcrumb":{"@id":"https:\/\/jeunerchezgowild.com\/comment-produirons-nous-de-lenergie-sans-manger\/#breadcrumb"},"inLanguage":"en-GB","potentialAction":[{"@type":"ReadAction","target":["https:\/\/jeunerchezgowild.com\/comment-produirons-nous-de-lenergie-sans-manger\/"]}]},{"@type":"BreadcrumbList","@id":"https:\/\/jeunerchezgowild.com\/comment-produirons-nous-de-lenergie-sans-manger\/#breadcrumb","itemListElement":[{"@type":"ListItem","position":1,"name":"Accueil","item":"https:\/\/jeunerchezgowild.com\/"},{"@type":"ListItem","position":2,"name":"Comment produirons-nous de l&rsquo;\u00e9nergie sans manger ?"}]},{"@type":"WebSite","@id":"https:\/\/jeunerchezgowild.com\/#website","url":"https:\/\/jeunerchezgowild.com\/","name":"Jeuner chez Go Wild","description":"How about taking care of yourself?","publisher":{"@id":"https:\/\/jeunerchezgowild.com\/#organization"},"potentialAction":[{"@type":"SearchAction","target":{"@type":"EntryPoint","urlTemplate":"https:\/\/jeunerchezgowild.com\/?s={search_term_string}"},"query-input":{"@type":"PropertyValueSpecification","valueRequired":true,"valueName":"search_term_string"}}],"inLanguage":"en-GB"},{"@type":"Organization","@id":"https:\/\/jeunerchezgowild.com\/#organization","name":"Je\u00fbner chez Go Wild","url":"https:\/\/jeunerchezgowild.com\/","logo":{"@type":"ImageObject","inLanguage":"en-GB","@id":"https:\/\/jeunerchezgowild.com\/#\/schema\/logo\/image\/","url":"https:\/\/jeunerchezgowild.com\/wp-content\/uploads\/2023\/06\/Sans-titre-2.png","contentUrl":"https:\/\/jeunerchezgowild.com\/wp-content\/uploads\/2023\/06\/Sans-titre-2.png","width":423,"height":254,"caption":"Je\u00fbner chez Go Wild"},"image":{"@id":"https:\/\/jeunerchezgowild.com\/#\/schema\/logo\/image\/"},"sameAs":["https:\/\/www.facebook.com\/profile.php?id=100094062925348","https:\/\/www.instagram.com\/jeunerchezgowild\/"]}]}},"_links":{"self":[{"href":"https:\/\/jeunerchezgowild.com\/en\/wp-json\/wp\/v2\/pages\/104","targetHints":{"allow":["GET"]}}],"collection":[{"href":"https:\/\/jeunerchezgowild.com\/en\/wp-json\/wp\/v2\/pages"}],"about":[{"href":"https:\/\/jeunerchezgowild.com\/en\/wp-json\/wp\/v2\/types\/page"}],"author":[{"embeddable":true,"href":"https:\/\/jeunerchezgowild.com\/en\/wp-json\/wp\/v2\/users\/1"}],"replies":[{"embeddable":true,"href":"https:\/\/jeunerchezgowild.com\/en\/wp-json\/wp\/v2\/comments?post=104"}],"version-history":[{"count":1,"href":"https:\/\/jeunerchezgowild.com\/en\/wp-json\/wp\/v2\/pages\/104\/revisions"}],"predecessor-version":[{"id":4148,"href":"https:\/\/jeunerchezgowild.com\/en\/wp-json\/wp\/v2\/pages\/104\/revisions\/4148"}],"wp:attachment":[{"href":"https:\/\/jeunerchezgowild.com\/en\/wp-json\/wp\/v2\/media?parent=104"}],"curies":[{"name":"wp","href":"https:\/\/api.w.org\/{rel}","templated":true}]}}